
{"id":2446,"date":"2025-03-27T10:55:07","date_gmt":"2025-03-27T09:55:07","guid":{"rendered":"https:\/\/ibballooning.net\/product\/cap-2\/"},"modified":"2025-05-21T12:22:25","modified_gmt":"2025-05-21T10:22:25","slug":"cap-2","status":"publish","type":"product","link":"https:\/\/ibballooning.net\/fr\/product\/cap-2\/","title":{"rendered":"Cap"},"content":{"rendered":"<p><strong>Cap \u00ab\u00a0IBBallooning\u00a0\u00bb<\/strong><\/p>\n","protected":false},"excerpt":{"rendered":"<p class=\"\" data-start=\"81\" data-end=\"105\"><strong data-start=\"81\" data-end=\"105\">Options de livraison :<\/strong><\/p>\n<p class=\"\" data-start=\"107\" data-end=\"181\"><span class=\"relative -mx-px my-[-0.2rem] rounded px-px py-[0.2rem] transition-colors duration-100 ease-in-out\">Vous pouvez r\u00e9cup\u00e9rer votre commande directement dans notre garage. Si vous pr\u00e9f\u00e9rez un autre mode de livraison, n&rsquo;h\u00e9sitez pas \u00e0 nous contacter pour coordonner une option adapt\u00e9e \u00e0 vos besoins. <\/span><\/p>\n","protected":false},"featured_media":1967,"template":"","meta":[],"product_brand":[],"product_cat":[113],"product_tag":[],"class_list":{"0":"post-2446","1":"product","2":"type-product","3":"status-publish","4":"has-post-thumbnail","6":"product_cat-accessoires-fr","8":"first","9":"instock","10":"taxable","11":"shipping-taxable","12":"purchasable","13":"product-type-simple"},"booking_location":null,"booking_location_type":null,"booking_duration":null,"booking_duration_unit":null,"booking_buffer":null,"booking_cost":null,"booking_resources":null,"exclude_global_add_ons":[],"addons":[],"jetpack_sharing_enabled":true,"_links":{"self":[{"href":"https:\/\/ibballooning.net\/fr\/wp-json\/wp\/v2\/product\/2446","targetHints":{"allow":["GET"]}}],"collection":[{"href":"https:\/\/ibballooning.net\/fr\/wp-json\/wp\/v2\/product"}],"about":[{"href":"https:\/\/ibballooning.net\/fr\/wp-json\/wp\/v2\/types\/product"}],"wp:featuredmedia":[{"embeddable":true,"href":"https:\/\/ibballooning.net\/fr\/wp-json\/wp\/v2\/media\/1967"}],"wp:attachment":[{"href":"https:\/\/ibballooning.net\/fr\/wp-json\/wp\/v2\/media?parent=2446"}],"wp:term":[{"taxonomy":"product_brand","embeddable":true,"href":"https:\/\/ibballooning.net\/fr\/wp-json\/wp\/v2\/product_brand?post=2446"},{"taxonomy":"product_cat","embeddable":true,"href":"https:\/\/ibballooning.net\/fr\/wp-json\/wp\/v2\/product_cat?post=2446"},{"taxonomy":"product_tag","embeddable":true,"href":"https:\/\/ibballooning.net\/fr\/wp-json\/wp\/v2\/product_tag?post=2446"}],"curies":[{"name":"wp","href":"https:\/\/api.w.org\/{rel}","templated":true}]}}