
{"id":2443,"date":"2025-03-27T09:48:03","date_gmt":"2025-03-27T08:48:03","guid":{"rendered":"https:\/\/ibballooning.net\/product\/offrez-un-vol-en-montgolfiere-au-coucher-du-soleil\/"},"modified":"2025-03-31T15:39:25","modified_gmt":"2025-03-31T13:39:25","slug":"offrez-un-vol-en-montgolfiere-au-coucher-du-soleil","status":"publish","type":"product","link":"https:\/\/ibballooning.net\/fr\/product\/offrez-un-vol-en-montgolfiere-au-coucher-du-soleil\/","title":{"rendered":"Offrez un vol en montgolfi\u00e8re au coucher du soleil"},"content":{"rendered":"<p>Les vols durent au minimum une heure, le matin ou l&rsquo;apr\u00e8s-midi. Vous pouvez participer au montage du ballon et nous emportons toujours une bouteille de cava \u00e0 bord. Nous portons un toast \u00e0 500 m\u00e8tres d&rsquo;altitude avec toute l&rsquo;\u00eele de Majorque \u00e0 nos pieds. Les groupes sont petits, de sorte que le pilote est toujours \u00e0 votre disposition pour r\u00e9pondre \u00e0 vos questions, interrogations et curiosit\u00e9s, tout en vous expliquant le fonctionnement du ballon et l&#8217;emplacement de tous les villages et montagnes que vous pouvez voir. Si vous r\u00e9servez \u00e0 l&rsquo;avance, vous pouvez choisir les dates et les heures de vol. Selon la p\u00e9riode de l&rsquo;ann\u00e9e, vous pouvez d\u00e9coller entre 6h00 et 8h00 le matin ou entre 17h00 et 20h00 le soir. Au total, entre la r\u00e9union, la pr\u00e9sentation et le gonflage, le vol et l&rsquo;atterrissage, l&#8217;emballage et le retour au point de rencontre, nous passerons entre deux et trois heures ensemble.<\/p>\n<hr \/>\n<p><em>Les vols en montgolfi\u00e8re d\u00e9pendent des conditions m\u00e9t\u00e9orologiques.<u><\/u><u><\/u><\/em><\/p>\n<p><em>La veille du vol, les pilotes d\u00e9cideront si les conditions sont optimales et confirmeront le vol, le point de rencontre et l&rsquo;heure. <u><\/u><u><\/u>Cela peut varier en fonction de la direction du vent et de la p\u00e9riode de l&rsquo;ann\u00e9e. Nous avons diff\u00e9rents points de d\u00e9collage et le lever et le coucher du soleil marquent l&rsquo;heure de d\u00e9part. <u><\/u><u><\/u>S&rsquo;il n&rsquo;est pas possible de voler, une autre date sera trouv\u00e9e ou le paiement sera rembours\u00e9.<\/em><\/p>\n<hr \/>\n<p>ZONES DE VOL<\/p>\n<figure id=\"attachment_1309\" class=\"wp-caption alignnone\" aria-describedby=\"caption-attachment-1309\"><img loading=\"lazy\" decoding=\"async\" class=\"wp-image-1309 size-large lazy-load-active\" src=\"https:\/\/ibballooning.net\/wp-content\/uploads\/2025\/02\/Mapa-Flight-zones-Ib-Ballooning-800x800.png\" sizes=\"auto, (max-width: 800px) 100vw, 800px\" srcset=\"https:\/\/ibballooning.net\/wp-content\/uploads\/2025\/02\/Mapa-Flight-zones-Ib-Ballooning-800x800.png 800w, https:\/\/ibballooning.net\/wp-content\/uploads\/2025\/02\/Mapa-Flight-zones-Ib-Ballooning-400x400.png 400w, https:\/\/ibballooning.net\/wp-content\/uploads\/2025\/02\/Mapa-Flight-zones-Ib-Ballooning-280x280.png 280w, https:\/\/ibballooning.net\/wp-content\/uploads\/2025\/02\/Mapa-Flight-zones-Ib-Ballooning-768x768.png 768w, https:\/\/ibballooning.net\/wp-content\/uploads\/2025\/02\/Mapa-Flight-zones-Ib-Ballooning-300x300.png 300w, https:\/\/ibballooning.net\/wp-content\/uploads\/2025\/02\/Mapa-Flight-zones-Ib-Ballooning-600x600.png 600w, https:\/\/ibballooning.net\/wp-content\/uploads\/2025\/02\/Mapa-Flight-zones-Ib-Ballooning-100x100.png 100w, https:\/\/ibballooning.net\/wp-content\/uploads\/2025\/02\/Mapa-Flight-zones-Ib-Ballooning.png 1081w\" alt=\"Zone de vol de Majorque\" width=\"800\" height=\"800\" data-src=\"https:\/\/ibballooning.net\/wp-content\/uploads\/2025\/02\/Mapa-Flight-zones-Ib-Ballooning-800x800.png\" data-srcset=\"https:\/\/ibballooning.net\/wp-content\/uploads\/2025\/02\/Mapa-Flight-zones-Ib-Ballooning-800x800.png 800w, https:\/\/ibballooning.net\/wp-content\/uploads\/2025\/02\/Mapa-Flight-zones-Ib-Ballooning-400x400.png 400w, https:\/\/ibballooning.net\/wp-content\/uploads\/2025\/02\/Mapa-Flight-zones-Ib-Ballooning-280x280.png 280w, https:\/\/ibballooning.net\/wp-content\/uploads\/2025\/02\/Mapa-Flight-zones-Ib-Ballooning-768x768.png 768w, https:\/\/ibballooning.net\/wp-content\/uploads\/2025\/02\/Mapa-Flight-zones-Ib-Ballooning-300x300.png 300w, https:\/\/ibballooning.net\/wp-content\/uploads\/2025\/02\/Mapa-Flight-zones-Ib-Ballooning-600x600.png 600w, https:\/\/ibballooning.net\/wp-content\/uploads\/2025\/02\/Mapa-Flight-zones-Ib-Ballooning-100x100.png 100w, https:\/\/ibballooning.net\/wp-content\/uploads\/2025\/02\/Mapa-Flight-zones-Ib-Ballooning.png 1081w\" \/><\/figure>\n","protected":false},"excerpt":{"rendered":"<p><strong>Prix par personne<\/strong><\/p>\n<p>Profitez d&rsquo;un magnifique vol en montgolfi\u00e8re au-dessus de l&rsquo;\u00eele de Majorque.<\/p>\n","protected":false},"featured_media":1590,"template":"","meta":[],"product_brand":[],"product_cat":[89],"product_tag":[],"class_list":{"0":"post-2443","1":"product","2":"type-product","3":"status-publish","4":"has-post-thumbnail","6":"product_cat-vols-en-montgolfiere","8":"first","9":"instock","10":"taxable","11":"shipping-taxable","12":"purchasable","13":"product-type-simple"},"booking_location":null,"booking_location_type":null,"booking_duration":null,"booking_duration_unit":null,"booking_buffer":null,"booking_cost":null,"booking_resources":null,"exclude_global_add_ons":false,"addons":[{"name":"Adultes accompagnateurs","type":"input_multiplier","position":0,"required":true,"title_format":"label","default":"","description_enable":false,"description":"","placeholder_enable":false,"placeholder":"","display":"select","restrictions_type":"any_text","adjust_price":true,"price":"215","price_type":"quantity_based","restrictions":true,"min":"0","max":"10","options":[],"id":1743069002},{"name":"Accompagner les enfants (de 5 \u00e0 12 ans)","type":"input_multiplier","position":1,"required":false,"title_format":"label","default":"","description_enable":false,"description":"","placeholder_enable":false,"placeholder":"","display":"select","restrictions_type":"any_text","adjust_price":true,"price":"150","price_type":"quantity_based","restrictions":true,"min":"0","max":"0","options":[],"id":1743068884}],"jetpack_sharing_enabled":true,"_links":{"self":[{"href":"https:\/\/ibballooning.net\/fr\/wp-json\/wp\/v2\/product\/2443","targetHints":{"allow":["GET"]}}],"collection":[{"href":"https:\/\/ibballooning.net\/fr\/wp-json\/wp\/v2\/product"}],"about":[{"href":"https:\/\/ibballooning.net\/fr\/wp-json\/wp\/v2\/types\/product"}],"wp:featuredmedia":[{"embeddable":true,"href":"https:\/\/ibballooning.net\/fr\/wp-json\/wp\/v2\/media\/1590"}],"wp:attachment":[{"href":"https:\/\/ibballooning.net\/fr\/wp-json\/wp\/v2\/media?parent=2443"}],"wp:term":[{"taxonomy":"product_brand","embeddable":true,"href":"https:\/\/ibballooning.net\/fr\/wp-json\/wp\/v2\/product_brand?post=2443"},{"taxonomy":"product_cat","embeddable":true,"href":"https:\/\/ibballooning.net\/fr\/wp-json\/wp\/v2\/product_cat?post=2443"},{"taxonomy":"product_tag","embeddable":true,"href":"https:\/\/ibballooning.net\/fr\/wp-json\/wp\/v2\/product_tag?post=2443"}],"curies":[{"name":"wp","href":"https:\/\/api.w.org\/{rel}","templated":true}]}}