
{"id":2433,"date":"2025-02-28T08:59:15","date_gmt":"2025-02-28T07:59:15","guid":{"rendered":"https:\/\/ibballooning.net\/product\/vol-prive-en-montgolfiere\/"},"modified":"2025-02-28T08:59:15","modified_gmt":"2025-02-28T07:59:15","slug":"vol-prive-en-montgolfiere","status":"publish","type":"product","link":"https:\/\/ibballooning.net\/fr\/product\/vol-prive-en-montgolfiere\/","title":{"rendered":"Vol priv\u00e9 en montgolfi\u00e8re"},"content":{"rendered":"<p><strong>Choisir un bon plan<\/strong><\/p>\n<p>Le vol \u00ab juste pour 2 \u00bb est notre sp\u00e9cialit\u00e9 car c&rsquo;est le plus romantique et il garantit l&rsquo;intimit\u00e9. Parmi nos clients, il y a aussi des c\u00e9l\u00e9brit\u00e9s et des personnalit\u00e9s de l&rsquo;\u00eele qui nous ont r\u00e9serv\u00e9 pour l&rsquo;intimit\u00e9 que nous offrons. Vous pouvez \u00e9galement r\u00e9server un vol priv\u00e9 pour plus de personnes si vous \u00eates une famille ou un groupe d&rsquo;amis qui veulent c\u00e9l\u00e9brer le vol en priv\u00e9. <\/p>\n<hr>\n<p><em>Les vols en montgolfi\u00e8re d\u00e9pendent des conditions m\u00e9t\u00e9orologiques.<u><\/u><u><\/u><\/em><\/p>\n<p><em>Un jour avant le vol, les pilotes d\u00e9cideront si les conditions sont optimales et confirmeront le vol, le point de rencontre et l&rsquo;heure. <u><\/u><u><\/u>Cela peut varier en fonction de la direction du vent et de la p\u00e9riode de l&rsquo;ann\u00e9e. Nous avons diff\u00e9rents points de d\u00e9collage et le lever et le coucher du soleil marquent l&rsquo;heure de d\u00e9part.  <u><\/u><u><\/u>S&rsquo;il n&rsquo;est pas possible de voler, une autre date sera trouv\u00e9e ou le paiement sera rembours\u00e9.<\/em><\/p>\n<hr>\n<p>ZONES DE VOL<\/p>\n<figure id=\"attachment_1309\" aria-describedby=\"caption-attachment-1309\" style=\"width: 800px\" class=\"wp-caption alignnone\"><img loading=\"lazy\" decoding=\"async\" class=\"wp-image-1309 size-large\" src=\"https:\/\/ibballooning.net\/wp-content\/uploads\/2025\/02\/Mapa-Flight-zones-Ib-Ballooning-800x800.png\" alt=\"Zone de vol Mallorca\" width=\"800\" height=\"800\" srcset=\"https:\/\/ibballooning.net\/wp-content\/uploads\/2025\/02\/Mapa-Flight-zones-Ib-Ballooning-800x800.png 800w, https:\/\/ibballooning.net\/wp-content\/uploads\/2025\/02\/Mapa-Flight-zones-Ib-Ballooning-400x400.png 400w, https:\/\/ibballooning.net\/wp-content\/uploads\/2025\/02\/Mapa-Flight-zones-Ib-Ballooning-280x280.png 280w, https:\/\/ibballooning.net\/wp-content\/uploads\/2025\/02\/Mapa-Flight-zones-Ib-Ballooning-768x768.png 768w, https:\/\/ibballooning.net\/wp-content\/uploads\/2025\/02\/Mapa-Flight-zones-Ib-Ballooning-300x300.png 300w, https:\/\/ibballooning.net\/wp-content\/uploads\/2025\/02\/Mapa-Flight-zones-Ib-Ballooning-600x600.png 600w, https:\/\/ibballooning.net\/wp-content\/uploads\/2025\/02\/Mapa-Flight-zones-Ib-Ballooning-100x100.png 100w, https:\/\/ibballooning.net\/wp-content\/uploads\/2025\/02\/Mapa-Flight-zones-Ib-Ballooning.png 1081w\" sizes=\"auto, (max-width: 800px) 100vw, 800px\" \/><figcaption id=\"caption-attachment-1309\" class=\"wp-caption-text\">Zone de vol Mallorca<\/figcaption><\/figure>\n","protected":false},"excerpt":{"rendered":"<p><strong>Prix pour 2 personnes (minimum)<\/strong><\/p>\n<p>Profitez d&rsquo;un magnifique vol priv\u00e9 en ballon au-dessus de l&rsquo;\u00eele de Majorque.<\/p>\n","protected":false},"featured_media":2950,"template":"","meta":[],"product_brand":[],"product_cat":[89],"product_tag":[],"class_list":{"0":"post-2433","1":"product","2":"type-product","3":"status-publish","4":"has-post-thumbnail","6":"product_cat-vols-en-montgolfiere","8":"first","9":"instock","10":"featured","11":"virtual","12":"sold-individually","13":"taxable","14":"purchasable","15":"product-type-booking"},"booking_location":"","booking_location_type":"","booking_duration":1,"booking_duration_unit":"day","booking_buffer":0,"booking_cost":800,"booking_resources":[],"exclude_global_add_ons":[],"addons":[],"jetpack_sharing_enabled":true,"_links":{"self":[{"href":"https:\/\/ibballooning.net\/fr\/wp-json\/wp\/v2\/product\/2433","targetHints":{"allow":["GET"]}}],"collection":[{"href":"https:\/\/ibballooning.net\/fr\/wp-json\/wp\/v2\/product"}],"about":[{"href":"https:\/\/ibballooning.net\/fr\/wp-json\/wp\/v2\/types\/product"}],"wp:featuredmedia":[{"embeddable":true,"href":"https:\/\/ibballooning.net\/fr\/wp-json\/wp\/v2\/media\/2950"}],"wp:attachment":[{"href":"https:\/\/ibballooning.net\/fr\/wp-json\/wp\/v2\/media?parent=2433"}],"wp:term":[{"taxonomy":"product_brand","embeddable":true,"href":"https:\/\/ibballooning.net\/fr\/wp-json\/wp\/v2\/product_brand?post=2433"},{"taxonomy":"product_cat","embeddable":true,"href":"https:\/\/ibballooning.net\/fr\/wp-json\/wp\/v2\/product_cat?post=2433"},{"taxonomy":"product_tag","embeddable":true,"href":"https:\/\/ibballooning.net\/fr\/wp-json\/wp\/v2\/product_tag?post=2433"}],"curies":[{"name":"wp","href":"https:\/\/api.w.org\/{rel}","templated":true}]}}