
{"id":1165,"date":"2025-03-13T16:35:03","date_gmt":"2025-03-13T15:35:03","guid":{"rendered":"https:\/\/ibballooning.net\/conditions-generales-dutilisation\/"},"modified":"2025-04-01T12:39:05","modified_gmt":"2025-04-01T10:39:05","slug":"conditions-generales-dutilisation","status":"publish","type":"page","link":"https:\/\/ibballooning.net\/fr\/conditions-generales-dutilisation\/","title":{"rendered":"Conditions g\u00e9n\u00e9rales d&rsquo;utilisation"},"content":{"rendered":"\n<h3>CONDITIONS G\u00c9N\u00c9RALES<\/h3>\n<p><strong>1- G\u00e9n\u00e9ralit\u00e9s :<\/strong><\/p>\n<div>Les pr\u00e9sentes conditions g\u00e9n\u00e9rales de vente s&rsquo;appliquent \u00e0 toutes les ventes de produits r\u00e9alis\u00e9es en Espagne, y compris les \u00eeles Canaries et les \u00eeles Bal\u00e9ares par Jordi Aracil, avec le num\u00e9ro N.I.F. B57394306, ci-apr\u00e8s d\u00e9nomm\u00e9 www.ibballooning.net \u00e0 des personnes physiques ou morales.<\/div>\n<div>\u00a0<\/div>\n<div>Toute commande pass\u00e9e sur www.ibballooning.net implique n\u00e9cessairement comme condition essentielle, d\u00e9terminante et indispensable, l&rsquo;acceptation sans r\u00e9serves par le Client des Conditions G\u00e9n\u00e9rales de Vente de www.ibballooning.net en vigueur au jour de la passation de la commande correspondante. En outre, le Client reconna\u00eet que l&rsquo;acceptation des pr\u00e9sentes conditions impliquera leur application \u00e0 la commande \u00e0 laquelle elles se r\u00e9f\u00e8rent, ainsi qu&rsquo;\u00e0 toutes les commandes ult\u00e9rieures, \u00e0 l&rsquo;exception des cas o\u00f9 de nouvelles conditions seraient port\u00e9es \u00e0 sa connaissance par www.ibballooning.net . Le fait que www.ibballooning.net ne se pr\u00e9vale pas \u00e0 un moment donn\u00e9 de l&rsquo;une quelconque des pr\u00e9sentes conditions ne peut \u00eatre interpr\u00e9t\u00e9 comme valant renonciation \u00e0 s&rsquo;en pr\u00e9valoir ult\u00e9rieurement ou par le pass\u00e9.<\/div>\n<div>\u00a0<\/div>\n<div>\n<div>\u00ab Conform\u00e9ment aux dispositions de la r\u00e9glementation en vigueur en mati\u00e8re de protection des donn\u00e9es \u00e0 caract\u00e8re personnel, nous vous informons que vos donn\u00e9es seront incorpor\u00e9es au syst\u00e8me de traitement appartenant \u00e0 Jordi Aracel, NIF B57394306, dont le si\u00e8ge social est situ\u00e9 Calle de&rsquo;s Moll 49, Capdepera Baleares, ci-apr\u00e8s d\u00e9nomm\u00e9 www.ibballooning.net, afin de r\u00e9pondre \u00e0 vos demandes et de vous envoyer des informations connexes susceptibles de vous int\u00e9resser. Conform\u00e9ment \u00e0 la l\u00e9gislation en vigueur, www.ibballooning.net informe que les donn\u00e9es seront conserv\u00e9es pendant le temps strictement n\u00e9cessaire au respect des pr\u00e9ceptes susmentionn\u00e9s.<\/div>\n<div>\u00a0<\/div>\n<div>Tant que vous ne nous informez pas du contraire, nous consid\u00e9rerons que vos donn\u00e9es n&rsquo;ont pas \u00e9t\u00e9 modifi\u00e9es, que vous acceptez de nous informer de tout changement et que nous avons votre consentement pour les utiliser aux fins susmentionn\u00e9es. www.ibballooning.net informe qu&rsquo;il proc\u00e9dera au traitement des donn\u00e9es de mani\u00e8re l\u00e9gale, loyale, transparente, ad\u00e9quate, pertinente, limit\u00e9e, exacte et mise \u00e0 jour. C&rsquo;est pourquoi www.ibballooning.net s&rsquo;engage \u00e0 prendre toutes les mesures raisonnables pour que ces donn\u00e9es soient supprim\u00e9es ou rectifi\u00e9es sans d\u00e9lai lorsqu&rsquo;elles sont inexactes.<\/div>\n<\/div>\n<div>\n<div>Conform\u00e9ment aux droits conf\u00e9r\u00e9s par la l\u00e9gislation en vigueur en mati\u00e8re de protection des donn\u00e9es, vous pouvez exercer vos droits d&rsquo;acc\u00e8s, de rectification, de limitation du traitement, de suppression, de portabilit\u00e9 et d&rsquo;opposition au traitement de vos donn\u00e9es personnelles ainsi qu&rsquo;au consentement donn\u00e9 pour le traitement de celles-ci, en envoyant votre demande \u00e0 l&rsquo;adresse postale indiqu\u00e9e ci-dessus ou par courrier \u00e9lectronique \u00e0 l&rsquo;adresse info@ibballooning.net.<\/div>\n<div>\u00a0<\/div>\n<div>Nous vous informons \u00e9galement que vous pouvez contacter le d\u00e9l\u00e9gu\u00e9 \u00e0 la protection des donn\u00e9es de www.ibballooning.net , en \u00e9crivant \u00e0 l&rsquo;adresse \u00e9lectronique info@ibballooning.net. Vous pouvez vous adresser \u00e0 l&rsquo;Autorit\u00e9 de contr\u00f4le comp\u00e9tente pour d\u00e9poser la plainte que vous jugez appropri\u00e9e. En envoyant le formulaire de collecte de donn\u00e9es, vous acceptez la politique de confidentialit\u00e9 de www.ibballooning.net . L&rsquo;envoi de vos donn\u00e9es implique l&rsquo;acceptation de cette clause.<\/div>\n<div>\u00a0<\/div>\n<div>Droit applicable et juridiction comp\u00e9tente. L&rsquo;interpr\u00e9tation et l&rsquo;ex\u00e9cution des conditions, ainsi que tous les actes qui en d\u00e9coulent, seront soumis \u00e0 la loi espagnole, \u00e0 moins que des dispositions d&rsquo;ordre public ne s&rsquo;y opposent. Conform\u00e9ment aux dispositions du RD 152\/2001 du 13 septembre 2001, nous vous informons que des formulaires de r\u00e9clamation sont \u00e0 la disposition des consommateurs \u00e0 notre si\u00e8ge social des Bal\u00e9ares, Calle de&rsquo;s Moll 49, Capdepera Baleares.<\/div>\n<\/div>\n<div>\u00a0<\/div>\n<div>\n<div>2- Prix :<\/div>\n<div>\u00a0<\/div>\n<div>Les prix publi\u00e9s sur www.ibballooning.net sont exprim\u00e9s en euros. Tous les prix comprennent la TVA applicable au jour de la commande, tout changement du taux de TVA sera automatiquement appliqu\u00e9 aux prix des produits en vente sur www.ibballooning.net.<\/div>\n<div>\u00a0<\/div>\n<div>Les offres sur les produits en vente sur www.ibballooning.net seront affich\u00e9es dans la section \u00ab Offres \u00bb ou indiqu\u00e9es sur la page du produit et, sauf indication contraire, seront valables tant qu&rsquo;elles seront affich\u00e9es \u00e0 l&rsquo;\u00e9cran.<\/div>\n<\/div>\n<div>\u00a0<\/div>\n<div>\n<div>3- Diff\u00e9rents modes de paiement :<\/div>\n<div>\u00a0<\/div>\n<div>Lors de la commande, le client peut librement choisir de r\u00e9gler ses achats effectu\u00e9s sur www.ibballooning.net par :<\/div>\n<div>\u00a0<\/div>\n<div>3.1 Paiement par carte de cr\u00e9dit.<\/div>\n<div>3.2 Paiement par PayPal.<\/div>\n<div>3.3 Contre remboursement.<\/div>\n<div>3.4 Paiement en esp\u00e8ces avant le vol.<\/div>\n<div>3.5 Autres formes de paiement, pour lesquelles vous devez contacter le service client\u00e8le.<\/div>\n<div>\u00a0<\/div>\n<div>4- Produit :<\/div>\n<div>\u00a0<\/div>\n<div>Les produits pr\u00e9sent\u00e9s par www.ibballooning.net sont valables dans la limite des stocks disponibles. www.ibballooning.net se r\u00e9serve le droit de modifier l&rsquo;assortiment de produits.<\/div>\n<div>\u00a0<\/div>\n<div>5- Exp\u00e9dition :<\/div>\n<div>\u00a0<\/div>\n<div>En raison des caract\u00e9ristiques du produit, aucune exp\u00e9dition n&rsquo;est effectu\u00e9e.<\/div>\n<\/div>\n<div>\n<div>6- Politiques de retour et d&rsquo;annulation<\/div>\n<div>\u00a0<\/div>\n<div>6.1 Retour de marchandises :<\/div>\n<div>\u00a0<\/div>\n<div>Notre politique, conform\u00e9ment \u00e0 la r\u00e9glementation en vigueur, est de vous accorder le droit de retourner tout article achet\u00e9 sur ibballooning.net Le d\u00e9lai de r\u00e9tractation expirera 15 jours calendaires \u00e0 compter de la date d&rsquo;achat. Pour exercer le droit de r\u00e9tractation, vous devez nous notifier votre d\u00e9cision de r\u00e9tractation du contrat au moyen d&rsquo;une d\u00e9claration d\u00e9nu\u00e9e d&rsquo;\u00e9quivoque (par exemple, lettre envoy\u00e9e par la poste, t\u00e9l\u00e9copie ou courrier \u00e9lectronique). Vous pouvez utiliser le mod\u00e8le de formulaire de r\u00e9tractation ci-dessous, mais son utilisation n&rsquo;est pas obligatoire :<\/div>\n<div>\u00a0<\/div>\n<div>A l&rsquo;attention de www.ibballooning.net, domicili\u00e9 \u00e0 Calle de&rsquo;s Moll 49, Capdepera Baleares, repr\u00e9sent\u00e9 par Jordi Aracel avec le NIF B57394306 et l&#8217;email de contact info@ibballooning.net.<\/div>\n<div>\u00a0<\/div>\n<div>Je vous informe par la pr\u00e9sente que je me r\u00e9tracte du contrat de vente du bien suivant :<\/div>\n<div>\u00a0<\/div>\n<div>R\u00e9f\u00e9rence de la commande :<\/div>\n<div>Date de la commande : __ \/__ \/<\/p>\n\n<div class=\"is-divider divider clearfix\" ><\/div>\n\n<div>Nom ou r\u00e9f\u00e9rence du (des) bien(s) :<\/div>\n<div>Coordonn\u00e9es du consommateur et de l&rsquo;utilisateur<\/div>\n<div>Nom et pr\u00e9nom(s) :<\/div>\n<div>Adresse :<\/div>\n<div>Date et signature<\/div>\n<div>\u00a0<\/div>\n<div>\n<div>Pour que le d\u00e9lai de r\u00e9tractation soit respect\u00e9, il suffit que la communication concernant l&rsquo;exercice de ce droit soit envoy\u00e9e avant l&rsquo;expiration du d\u00e9lai de r\u00e9tractation. En cas de r\u00e9tractation de votre part, nous vous rembourserons tous les paiements re\u00e7us de vous, y compris les frais de livraison, sans retard excessif et, en tout \u00e9tat de cause, au plus tard 14 jours calendaires \u00e0 compter du jour o\u00f9 nous sommes inform\u00e9s de votre d\u00e9cision de r\u00e9tractation du pr\u00e9sent contrat. Nous proc\u00e9derons \u00e0 ce remboursement en utilisant le m\u00eame moyen de paiement que celui que vous aurez utilis\u00e9 pour la transaction initiale.<\/div>\n<div>\u00a0<\/div>\n<div>Vous avez \u00e9galement la possibilit\u00e9 de compl\u00e9ter et de nous transmettre par voie \u00e9lectronique le mod\u00e8le de formulaire de r\u00e9tractation ou toute autre d\u00e9claration non \u00e9quivoque via notre site internet ou en nous envoyant un e-mail \u00e0 info@ibballooning.net. Si vous choisissez cette option, nous vous informerons sans d\u00e9lai sur un support durable de la r\u00e9ception de votre r\u00e9tractation.<\/div>\n<\/div>\n<div>\u00a0<\/div>\n<div>\n<div>Vous devez renvoyer ou livrer le bien directement \u00e0 nous, \u00e0 l&rsquo;adresse Calle de&rsquo;s Moll 49, Capdepera Baleares, sans retard excessif et, en tout \u00e9tat de cause, au plus tard 14 jours calendaires \u00e0 compter du jour o\u00f9 vous nous communiquez votre d\u00e9cision de r\u00e9tractation du contrat. Le d\u00e9lai est r\u00e9put\u00e9 respect\u00e9 si vous renvoyez le bien avant l&rsquo;expiration de ce d\u00e9lai.<\/div>\n<div>\u00a0<\/div>\n<div>Dans le cas o\u00f9 vous ne proposez pas de nous renvoyer ou de nous livrer le bien directement, nous fournissons un service de collecte par l&rsquo;interm\u00e9diaire de notre op\u00e9rateur logistique, vous devez prendre en charge les co\u00fbts directs de renvoi du bien d&rsquo;un montant de 10 \u20ac pour les exp\u00e9ditions dans la p\u00e9ninsule ou de 30 \u20ac pour les exp\u00e9ditions vers les \u00eeles Bal\u00e9ares.<\/div>\n<div>\u00a0<\/div>\n<div>6.2 Annulation de la commande :<\/div>\n<div>\u00a0<\/div>\n<div>6.2 Remboursement du montant :<\/div>\n<div>\u00a0<\/div>\n<div>Le montant de la commande en cas de retour, sera effectu\u00e9 de la m\u00eame mani\u00e8re qu&rsquo;il a \u00e9t\u00e9 factur\u00e9.<\/div>\n<\/div>\n<div>\u00a0<\/div>\n<div>\n<div>7- Mentions l\u00e9gales du site<\/div>\n<div>\u00a0<\/div>\n<div>CONDITIONS D&rsquo;ACC\u00c8S ET D&rsquo;UTILISATION<\/div>\n<div>\u00a0<\/div>\n<div>Le site web et ses services sont d&rsquo;acc\u00e8s libre et gratuit. Toutefois, le propri\u00e9taire du site web conditionne l&rsquo;utilisation de certains des services offerts sur son site web \u00e0 l&rsquo;accomplissement pr\u00e9alable du formulaire correspondant.<\/div>\n<div>\u00a0<\/div>\n<div>L&rsquo;utilisateur garantit l&rsquo;authenticit\u00e9 et l&rsquo;actualit\u00e9 de toutes les donn\u00e9es communiqu\u00e9es au propri\u00e9taire du site web et sera seul responsable des d\u00e9clarations fausses ou inexactes qu&rsquo;il aura faites.<\/div>\n<div>\u00a0<\/div>\n<div>L&rsquo;utilisateur s&rsquo;engage express\u00e9ment \u00e0 faire un usage appropri\u00e9 des contenus et des services du propri\u00e9taire du site web et \u00e0 ne pas les utiliser, entre autres, pour<\/div>\n<div>\u00a0<\/div>\n<div>Diffuser des contenus criminels, violents, pornographiques, racistes, x\u00e9nophobes, offensants, faisant l&rsquo;apologie du terrorisme ou, en g\u00e9n\u00e9ral, contraires \u00e0 la loi ou \u00e0 l&rsquo;ordre public.<\/div>\n<div>\u00a0<\/div>\n<div>Introduire dans le r\u00e9seau des virus informatiques ou r\u00e9aliser des actions susceptibles d&rsquo;alt\u00e9rer, d&rsquo;endommager, d&rsquo;interrompre ou de g\u00e9n\u00e9rer des erreurs ou des dommages aux documents \u00e9lectroniques, aux donn\u00e9es ou aux syst\u00e8mes physiques et logiques du propri\u00e9taire du site ou de tiers ; ainsi qu&rsquo;entraver l&rsquo;acc\u00e8s d&rsquo;autres utilisateurs au site et \u00e0 ses services par la consommation massive des ressources informatiques gr\u00e2ce auxquelles le propri\u00e9taire du site fournit ses services.<\/div>\n<\/div>\n<div>\u00a0<\/div>\n<div>\n<div>Tenter d&rsquo;acc\u00e9der aux comptes de courrier \u00e9lectronique d&rsquo;autres utilisateurs ou \u00e0 des zones restreintes des syst\u00e8mes informatiques du propri\u00e9taire du site ou de tiers et, le cas \u00e9ch\u00e9ant, d&rsquo;en extraire des informations.<\/div>\n<div>\u00a0<\/div>\n<div>Porter atteinte aux droits de propri\u00e9t\u00e9 intellectuelle ou industrielle, ainsi qu&rsquo;\u00e0 la confidentialit\u00e9 des informations du propri\u00e9taire du site web ou de tiers. Usurper l&rsquo;identit\u00e9 d&rsquo;un autre utilisateur, des administrations publiques ou d&rsquo;un tiers.<\/div>\n<div>\u00a0<\/div>\n<div>Reproduire, copier, distribuer, mettre \u00e0 disposition ou de toute autre mani\u00e8re communiquer publiquement, transformer ou modifier les contenus, \u00e0 moins d&rsquo;y \u00eatre autoris\u00e9 par le titulaire des droits correspondants ou d&rsquo;y \u00eatre l\u00e9galement autoris\u00e9.<\/div>\n<div>\u00a0<\/div>\n<div>Collecter des donn\u00e9es \u00e0 des fins publicitaires et envoyer de la publicit\u00e9 de toute nature et des communications \u00e0 des fins de vente ou \u00e0 d&rsquo;autres fins commerciales sans demande ou consentement pr\u00e9alable.<\/div>\n<div>\u00a0<\/div>\n<div>Tous les contenus du site, tels que les textes, les photographies, les graphiques, les images, les ic\u00f4nes, la technologie, le logiciel, ainsi que sa conception graphique et ses codes sources, constituent une \u0153uvre dont la propri\u00e9t\u00e9 appartient au titulaire du site, et aucun des droits d&rsquo;exploitation y aff\u00e9rents ne peut \u00eatre consid\u00e9r\u00e9 comme transf\u00e9r\u00e9 \u00e0 l&rsquo;utilisateur au-del\u00e0 de ce qui est strictement n\u00e9cessaire \u00e0 l&rsquo;utilisation correcte du site.<\/div>\n<\/div>\n<div>\u00a0<\/div>\n<div>\n<div>En r\u00e9sum\u00e9, les utilisateurs qui acc\u00e8dent \u00e0 ce site web peuvent visualiser les contenus et r\u00e9aliser, le cas \u00e9ch\u00e9ant, des copies priv\u00e9es autoris\u00e9es, \u00e0 condition que les \u00e9l\u00e9ments reproduits ne soient pas c\u00e9d\u00e9s ult\u00e9rieurement \u00e0 des tiers, ni install\u00e9s sur des serveurs connect\u00e9s \u00e0 des r\u00e9seaux, ni soumis \u00e0 un quelconque type d&rsquo;exploitation. De m\u00eame, toutes les marques, noms commerciaux ou signes distinctifs de toute nature qui apparaissent sur le site web sont la propri\u00e9t\u00e9 du titulaire du site web, sans que l&rsquo;on puisse consid\u00e9rer que l&rsquo;utilisation ou l&rsquo;acc\u00e8s \u00e0 ceux-ci conf\u00e8re \u00e0 l&rsquo;utilisateur un quelconque droit sur ceux-ci.<\/div>\n<div>\u00a0<\/div>\n<div>La distribution, la modification, la cession ou la communication publique des contenus et tout autre acte non express\u00e9ment autoris\u00e9 par le titulaire des droits d&rsquo;exploitation sont interdits.<\/div>\n<\/div>\n<div>L&rsquo;\u00e9tablissement d&rsquo;un lien hypertexte n&rsquo;implique en aucun cas l&rsquo;existence d&rsquo;une relation entre le propri\u00e9taire du site web et le propri\u00e9taire du site web dans lequel il est \u00e9tabli, ni l&rsquo;acceptation et l&rsquo;approbation par le propri\u00e9taire du site web de son contenu ou de ses services. Les personnes qui ont l&rsquo;intention d&rsquo;\u00e9tablir un lien hypertexte doivent demander l&rsquo;autorisation \u00e9crite pr\u00e9alable du propri\u00e9taire du site web. Dans tous les cas, l&rsquo;hyperlien permettra uniquement d&rsquo;acc\u00e9der \u00e0 la page d&rsquo;accueil ou \u00e0 la page d&rsquo;accueil de notre site web, et devra \u00e9galement s&rsquo;abstenir de faire des d\u00e9clarations ou des indications fausses, inexactes ou incorrectes sur le propri\u00e9taire du site web, ou d&rsquo;inclure des contenus ill\u00e9gaux, contraires aux bonnes coutumes et \u00e0 l&rsquo;ordre public. le propri\u00e9taire du site web n&rsquo;est pas responsable de l&rsquo;utilisation que chaque utilisateur fait du mat\u00e9riel mis \u00e0 disposition sur ce site web ou des actions r\u00e9alis\u00e9es sur la base de ce dernier.<\/div>\n<div>\u00a0<\/div>\n<div>\n<div>EXCLUSION DE GARANTIE ET DE RESPONSABILIT\u00c9<\/div>\n<div>\u00a0<\/div>\n<div>Le contenu de ce site web est de nature g\u00e9n\u00e9rale et n&rsquo;est fourni qu&rsquo;\u00e0 titre d&rsquo;information. L&rsquo;acc\u00e8s \u00e0 l&rsquo;ensemble du contenu n&rsquo;est pas enti\u00e8rement garanti, pas plus que son exhaustivit\u00e9, son exactitude, sa validit\u00e9 ou son actualit\u00e9, ou encore son ad\u00e9quation ou son utilit\u00e9 \u00e0 une fin sp\u00e9cifique.<\/div>\n<div>\u00a0<\/div>\n<div>Le propri\u00e9taire du site web exclut, dans la mesure permise par la loi, toute responsabilit\u00e9 pour des dommages de quelque nature que ce soit d\u00e9coulant de ce qui suit :<\/div>\n<div>\u00a0<\/div>\n<div>L&rsquo;impossibilit\u00e9 d&rsquo;acc\u00e9der au site web ou le manque de v\u00e9racit\u00e9, d&rsquo;exactitude, d&rsquo;exhaustivit\u00e9 et\/ou d&rsquo;actualit\u00e9 des contenus, ainsi que l&rsquo;existence de vices et de d\u00e9fauts de toute nature dans les contenus transmis, diffus\u00e9s, stock\u00e9s, mis \u00e0 disposition, auxquels il a \u00e9t\u00e9 acc\u00e9d\u00e9 par le biais du site web ou des services offerts.<\/div>\n<div>\u00a0<\/div>\n<div>La pr\u00e9sence de virus ou d&rsquo;autres \u00e9l\u00e9ments dans les contenus susceptibles de provoquer des alt\u00e9rations dans les syst\u00e8mes informatiques, les documents \u00e9lectroniques ou les donn\u00e9es des utilisateurs.<\/div>\n<\/div>\n<div>\u00a0<\/div>\n<div>\n<div>Le non-respect de la loi, de la bonne foi, de l&rsquo;ordre public, des usages de la circulation et du pr\u00e9sent avis juridique \u00e0 la suite d&rsquo;une utilisation incorrecte du site web. En particulier, et \u00e0 titre d&rsquo;exemple, le propri\u00e9taire du site n&rsquo;est pas responsable des actions de tiers qui violent les droits de propri\u00e9t\u00e9 intellectuelle et industrielle, les secrets d&rsquo;affaires, les droits \u00e0 l&rsquo;honneur, \u00e0 l&rsquo;intimit\u00e9 personnelle et familiale et \u00e0 l&rsquo;image de soi, ainsi que la r\u00e9glementation sur la concurrence d\u00e9loyale et la publicit\u00e9 ill\u00e9gale.<\/div>\n<div>\u00a0<\/div>\n<div>De m\u00eame, le propri\u00e9taire du site d\u00e9cline toute responsabilit\u00e9 quant aux informations qui se trouvent en dehors de ce site et qui ne sont pas directement g\u00e9r\u00e9es par notre webmaster. La fonction des liens qui apparaissent sur ce site est exclusivement d&rsquo;informer l&rsquo;utilisateur de l&rsquo;existence d&rsquo;autres sources susceptibles d&rsquo;\u00e9largir les contenus offerts sur ce site. Le propri\u00e9taire du site ne garantit pas et n&rsquo;est pas responsable du fonctionnement ou de l&rsquo;accessibilit\u00e9 des sites li\u00e9s ; il ne sugg\u00e8re pas, n&rsquo;invite pas et ne recommande pas la visite de ces sites, de sorte qu&rsquo;il ne sera pas responsable des r\u00e9sultats obtenus. Le propri\u00e9taire du site n&rsquo;est pas responsable de la mise en place d&rsquo;hyperliens par des tiers.<\/div>\n<\/div>\n<div>\u00a0<\/div>\n<div>\n<div>POLITIQUE DE CONFIDENTIALIT\u00c9<\/div>\n<div>\u00a0<\/div>\n<div>Lorsque nous avons besoin d&rsquo;obtenir des informations de votre part, nous vous demandons toujours de les fournir volontairement et express\u00e9ment. Les donn\u00e9es collect\u00e9es par le biais des formulaires de collecte de donn\u00e9es sur le site Web ou par d&rsquo;autres moyens seront incorpor\u00e9es aux syst\u00e8mes de traitement du propri\u00e9taire du site Web. Cette entit\u00e9 traitera les donn\u00e9es de mani\u00e8re confidentielle et exclusivement dans le but de fournir les services demand\u00e9s, avec toutes les garanties l\u00e9gales et de s\u00e9curit\u00e9 impos\u00e9es par le R\u00e8glement UE 2016\/679 du Parlement europ\u00e9en et du Conseil ainsi que par toute la l\u00e9gislation en vigueur \u00e0 tout moment en mati\u00e8re de protection des donn\u00e9es personnelles.<\/div>\n<div>\u00a0<\/div>\n<div>Le propri\u00e9taire du site s&rsquo;engage \u00e0 ne pas c\u00e9der, vendre ou partager les donn\u00e9es avec des tiers sans votre accord expr\u00e8s.<\/div>\n<div>\u00a0<\/div>\n<div>Il s&rsquo;engage \u00e9galement \u00e0 annuler ou \u00e0 rectifier les donn\u00e9es lorsqu&rsquo;elles sont inexactes, incompl\u00e8tes ou ne sont plus n\u00e9cessaires ou pertinentes au regard de leur finalit\u00e9, conform\u00e9ment aux dispositions du R\u00e8glement UE 2016\/679.<\/div>\n<\/div>\n<div>\u00a0<\/div>\n<div>\n<div>L&rsquo;utilisateur peut r\u00e9voquer le consentement donn\u00e9 et exercer les droits d&rsquo;acc\u00e8s, de suppression, de limitation, de rectification, de portabilit\u00e9 et d&rsquo;opposition en s&rsquo;adressant \u00e0 Jordi Aracel, Calle de&rsquo;s Moll 49, Capdepera Baleares, en s&rsquo;identifiant d\u00fbment et en indiquant de mani\u00e8re visible le droit sp\u00e9cifique qu&rsquo;il exerce.<\/div>\n<div>\u00a0<\/div>\n<div>Le propri\u00e9taire du site web adopte les niveaux de s\u00e9curit\u00e9 correspondants requis par le r\u00e8glement UE 2016\/679 et d&rsquo;autres r\u00e9glementations applicables.<\/div>\n<div>\u00a0<\/div>\n<div>Cependant, il n&rsquo;assume aucune responsabilit\u00e9 pour les dommages d\u00e9coulant des alt\u00e9rations que des tiers pourraient causer aux syst\u00e8mes informatiques, aux documents \u00e9lectroniques ou aux fichiers de l&rsquo;utilisateur.<\/div>\n<div>\u00a0<\/div>\n<div>Le propri\u00e9taire du site web peut utiliser des cookies lors de la fourniture des services du site web. Les cookies sont des fichiers physiques contenant des informations personnelles stock\u00e9es dans le terminal de l&rsquo;utilisateur. L&rsquo;utilisateur a la possibilit\u00e9 de configurer son navigateur de mani\u00e8re \u00e0 emp\u00eacher la cr\u00e9ation de fichiers de cookies ou \u00e0 \u00eatre averti de leur cr\u00e9ation. L&rsquo;utilisateur sera inform\u00e9 \u00e0 tout moment de l&rsquo;utilisation de ces fichiers ainsi que de la proc\u00e9dure \u00e0 suivre pour les \u00e9liminer ou les modifier dans les diff\u00e9rents navigateurs.<\/div>\n<\/div>\n<div>\u00a0<\/div>\n<div>\n<div>Si vous choisissez de quitter notre site web par des liens vers des sites web qui ne nous appartiennent pas, le propri\u00e9taire du site web n&rsquo;est pas responsable des politiques de confidentialit\u00e9 de ces sites web ou des cookies qu&rsquo;ils peuvent stocker sur votre ordinateur. Notre politique en mati\u00e8re de courrier \u00e9lectronique consiste \u00e0 n&rsquo;envoyer que les communications que vous avez demand\u00e9 \u00e0 recevoir. Si vous pr\u00e9f\u00e9rez ne pas recevoir ces courriels, nous vous donnerons la possibilit\u00e9 de refuser de les recevoir.<\/div>\n<div>\u00a0<\/div>\n<div>PROC\u00c9DURE EN CAS D&rsquo;ACTIVIT\u00c9 ILL\u00c9GALE<\/div>\n<div>\u00a0<\/div>\n<div>Si un utilisateur ou un tiers consid\u00e8re qu&rsquo;il existe des faits ou des circonstances qui r\u00e9v\u00e8lent le caract\u00e8re illicite de l&rsquo;utilisation de tout contenu et\/ou de la r\u00e9alisation de toute activit\u00e9 sur les pages web incluses ou accessibles par le site web, il doit envoyer une notification au propri\u00e9taire du site web en s&rsquo;identifiant d\u00fbment, en sp\u00e9cifiant les infractions all\u00e9gu\u00e9es et en d\u00e9clarant express\u00e9ment sous sa responsabilit\u00e9 que les informations fournies dans la notification sont exactes. Pour toute question litigieuse concernant le site web du propri\u00e9taire du site web, la l\u00e9gislation espagnole s&rsquo;applique et les cours et tribunaux des \u00eeles Bal\u00e9ares (Espagne) sont comp\u00e9tents.<\/div>\n<\/div>\n<div>\u00a0<\/div>\n<div>\n<div>PUBLICATIONS<\/div>\n<div>\u00a0<\/div>\n<div>Les informations administratives fournies par le biais du site web ne remplacent pas la publication l\u00e9gale des lois, r\u00e8glements, plans, dispositions g\u00e9n\u00e9rales et actes qui doivent \u00eatre formellement publi\u00e9s dans les journaux officiels des administrations publiques, qui sont le seul instrument attestant de leur authenticit\u00e9 et de leur contenu. Les informations disponibles sur ce site web doivent \u00eatre consid\u00e9r\u00e9es comme un guide sans valeur juridique.<\/div>\n<div>\u00a0<\/div>\n<div>Pour de plus amples informations ou si vous avez des doutes sur cette politique en mati\u00e8re de cookies, vous pouvez nous contacter par courrier \u00e9lectronique \u00e0 l&rsquo;adresse info@ibballooning.net<\/div>\n<\/div>\n<div>\u00a0<\/div>\n<div>\u00a0<\/div>\n\n","protected":false},"excerpt":{"rendered":"","protected":false},"author":1,"featured_media":0,"parent":0,"menu_order":0,"comment_status":"closed","ping_status":"closed","template":"","meta":{"footnotes":""},"class_list":["post-1165","page","type-page","status-publish","hentry"],"jetpack_sharing_enabled":true,"_links":{"self":[{"href":"https:\/\/ibballooning.net\/fr\/wp-json\/wp\/v2\/pages\/1165","targetHints":{"allow":["GET"]}}],"collection":[{"href":"https:\/\/ibballooning.net\/fr\/wp-json\/wp\/v2\/pages"}],"about":[{"href":"https:\/\/ibballooning.net\/fr\/wp-json\/wp\/v2\/types\/page"}],"author":[{"embeddable":true,"href":"https:\/\/ibballooning.net\/fr\/wp-json\/wp\/v2\/users\/1"}],"replies":[{"embeddable":true,"href":"https:\/\/ibballooning.net\/fr\/wp-json\/wp\/v2\/comments?post=1165"}],"version-history":[{"count":5,"href":"https:\/\/ibballooning.net\/fr\/wp-json\/wp\/v2\/pages\/1165\/revisions"}],"predecessor-version":[{"id":2527,"href":"https:\/\/ibballooning.net\/fr\/wp-json\/wp\/v2\/pages\/1165\/revisions\/2527"}],"wp:attachment":[{"href":"https:\/\/ibballooning.net\/fr\/wp-json\/wp\/v2\/media?parent=1165"}],"curies":[{"name":"wp","href":"https:\/\/api.w.org\/{rel}","templated":true}]}}