
{"id":1163,"date":"2025-03-13T16:42:35","date_gmt":"2025-03-13T15:42:35","guid":{"rendered":"https:\/\/ibballooning.net\/declaration-daccessibilite\/"},"modified":"2025-04-01T12:39:47","modified_gmt":"2025-04-01T10:39:47","slug":"declaration-daccessibilite","status":"publish","type":"page","link":"https:\/\/ibballooning.net\/fr\/declaration-daccessibilite\/","title":{"rendered":"D\u00e9claration d&rsquo;accessibilit\u00e9"},"content":{"rendered":"\n<h1 class=\"entry-title main_title\">D\u00e9claration d&rsquo;accessibilit\u00e9<\/h1>\n<p>L&rsquo;organisation ILLES BALEARS BALLOONING s&rsquo;engage \u00e0 rendre www.ibballooning.net accessible, conform\u00e9ment au d\u00e9cret royal 1112\/2018, du 7 septembre, sur l&rsquo;accessibilit\u00e9 des sites Web et des applications du secteur public pour les appareils mobiles.<\/p>\n<p>Cette d\u00e9claration d&rsquo;accessibilit\u00e9 s&rsquo;applique au site web www.ibballooning.net<\/p>\n<p>Ce site web est enti\u00e8rement conforme au RD 1112\/2018.<\/p>\n\n","protected":false},"excerpt":{"rendered":"","protected":false},"author":1,"featured_media":0,"parent":0,"menu_order":0,"comment_status":"closed","ping_status":"closed","template":"","meta":{"footnotes":""},"class_list":["post-1163","page","type-page","status-publish","hentry"],"jetpack_sharing_enabled":true,"_links":{"self":[{"href":"https:\/\/ibballooning.net\/fr\/wp-json\/wp\/v2\/pages\/1163","targetHints":{"allow":["GET"]}}],"collection":[{"href":"https:\/\/ibballooning.net\/fr\/wp-json\/wp\/v2\/pages"}],"about":[{"href":"https:\/\/ibballooning.net\/fr\/wp-json\/wp\/v2\/types\/page"}],"author":[{"embeddable":true,"href":"https:\/\/ibballooning.net\/fr\/wp-json\/wp\/v2\/users\/1"}],"replies":[{"embeddable":true,"href":"https:\/\/ibballooning.net\/fr\/wp-json\/wp\/v2\/comments?post=1163"}],"version-history":[{"count":4,"href":"https:\/\/ibballooning.net\/fr\/wp-json\/wp\/v2\/pages\/1163\/revisions"}],"predecessor-version":[{"id":2528,"href":"https:\/\/ibballooning.net\/fr\/wp-json\/wp\/v2\/pages\/1163\/revisions\/2528"}],"wp:attachment":[{"href":"https:\/\/ibballooning.net\/fr\/wp-json\/wp\/v2\/media?parent=1163"}],"curies":[{"name":"wp","href":"https:\/\/api.w.org\/{rel}","templated":true}]}}