
{"id":1161,"date":"2025-03-13T15:19:10","date_gmt":"2025-03-13T14:19:10","guid":{"rendered":"https:\/\/ibballooning.net\/avis-juridique\/"},"modified":"2025-03-31T07:34:51","modified_gmt":"2025-03-31T05:34:51","slug":"avis-juridique","status":"publish","type":"page","link":"https:\/\/ibballooning.net\/fr\/avis-juridique\/","title":{"rendered":"Avis juridique"},"content":{"rendered":"\n<h4>Avis juridique<\/h4>\n<div class=\"et_pb_module et_pb_text et_pb_text_0 et_pb_text_align_left et_pb_bg_layout_light\">\n<div class=\"et_pb_text_inner\">\n<p><strong>Propri\u00e9t\u00e9 du site web<\/strong><\/p>\n<p>Conform\u00e9ment aux dispositions de l&rsquo;article 10 de la loi 34\/2002, du 11 juillet, relative aux services de la soci\u00e9t\u00e9 de l&rsquo;information et au commerce \u00e9lectronique, nous vous informons que www.ibballoning.net est un domaine de la soci\u00e9t\u00e9 ILLES BALEARS BALLOONING SL, dont le si\u00e8ge social est situ\u00e9 CALLE DE&rsquo;S MOLL, 49 &#8211; 07590 Capdepera.<\/p>\n<p><strong>Protection des donn\u00e9es<\/strong><\/p>\n<p>Conform\u00e9ment aux dispositions de la loi 15\/1999, du 13 d\u00e9cembre, sur la protection des donn\u00e9es \u00e0 caract\u00e8re personnel, ILLES BALEARS BALLOONING SL informe ses clients que les donn\u00e9es \u00e0 caract\u00e8re personnel fournies par le biais du site Web ou par d&rsquo;autres moyens seront incluses dans un fichier automatis\u00e9 de donn\u00e9es \u00e0 caract\u00e8re personnel, cr\u00e9\u00e9 et maintenu sous la responsabilit\u00e9 de ILLES BALEARS BALLOONING SL.<\/p>\n<p>L&rsquo;objectif de ce fichier est de faciliter la gestion de la relation commerciale \u00e9tablie dans chaque cas et d&rsquo;envoyer \u00e0 l&rsquo;avenir des offres commerciales sur des produits et services susceptibles d&rsquo;int\u00e9resser nos clients. ILLES BALEARS BALLOONING SL garantit la s\u00e9curit\u00e9 et la confidentialit\u00e9 des donn\u00e9es fournies. Elle s&rsquo;engage ainsi \u00e0 respecter son obligation de pr\u00e9server le secret des donn\u00e9es personnelles et son obligation de les conserver et d&rsquo;adopter toutes les mesures n\u00e9cessaires pour \u00e9viter leur alt\u00e9ration, perte, traitement ou utilisation non autoris\u00e9e. Par cons\u00e9quent, toutes les informations concernant nos clients ne seront pas utilis\u00e9es \u00e0 des fins commerciales et ne seront pas transmises \u00e0 des tiers. Les clients d&rsquo;ILLES BALEARS BALLOONING SL peuvent \u00e0 tout moment exercer leurs droits d&rsquo;acc\u00e8s, de rectification, d&rsquo;annulation et d&rsquo;opposition en \u00e9crivant \u00e0 notre adresse postale ou \u00e9lectronique.<\/p>\n<p><strong>Contenu du site web<\/strong><\/p>\n<p>L&rsquo;utilisateur acc\u00e8de \u00e0 ce site web de son plein gr\u00e9. L&rsquo;acc\u00e8s et la navigation sur ce site impliquent l&rsquo;acceptation et la connaissance des avertissements l\u00e9gaux, des conditions et des modalit\u00e9s d&rsquo;utilisation qu&rsquo;il contient. Le simple acc\u00e8s n&rsquo;implique pas l&rsquo;\u00e9tablissement d&rsquo;une quelconque relation commerciale entre ILLES BALEARS BALLOONING SL et l&rsquo;utilisateur.<\/p>\n<p>ILLES BALEARS BALLOONING SL n&rsquo;est pas responsable de l&rsquo;utilisation abusive des contenus de notre site Web, qui rel\u00e8ve de la seule responsabilit\u00e9 de la personne qui y acc\u00e8de ou les utilise. Nous n&rsquo;assumons pas non plus de responsabilit\u00e9 pour les informations contenues dans les sites web de tiers auxquels il est possible d&rsquo;acc\u00e9der par des liens ou des moteurs de recherche \u00e0 partir du site web www.ibballoning.net<\/p>\n<p>La pr\u00e9sence de ces liens sur le site web est uniquement informative et ne constitue en aucun cas une invitation \u00e0 acheter des produits ou des services offerts sur le site web de destination.<br \/>ILLES BALEARS BALLOONING SL se r\u00e9serve le droit d&rsquo;actualiser, de modifier ou de supprimer l&rsquo;information contenue sur son site web, ainsi que sa configuration ou sa pr\u00e9sentation, \u00e0 tout moment, sans pr\u00e9avis et sans assumer aucune responsabilit\u00e9 \u00e0 cet \u00e9gard.<\/p>\n<p><strong>Responsabilit\u00e9<\/strong><\/p>\n<p>ILLES BALEARS BALLOONING SL n&rsquo;assume aucune responsabilit\u00e9 pouvant d\u00e9couler de probl\u00e8mes techniques ou de d\u00e9faillances de l&rsquo;\u00e9quipement informatique non imputables \u00e0 notre soci\u00e9t\u00e9, survenant lors de la connexion \u00e0 Internet, ainsi que des dommages pouvant \u00eatre caus\u00e9s par des tiers en raison d&rsquo;interf\u00e9rences ill\u00e9gales \u00e9chappant au contr\u00f4le de ILLES BALEARS BALLOONING SL.<\/p>\n<p>Nous ne pouvons pas non plus \u00eatre tenus responsables de l&rsquo;utilisation abusive que vous pourriez faire de ce site web. ILLES BALEARS BALLOONING SL ne garantit pas l&rsquo;absence de virus ou d&rsquo;autres \u00e9l\u00e9ments susceptibles d&rsquo;endommager les syst\u00e8mes informatiques, les documents \u00e9lectroniques ou les fichiers des utilisateurs sur ce site Web ou sur des sites Web de tiers, et nous ne pouvons donc pas \u00eatre tenus pour responsables des dommages pouvant r\u00e9sulter de ces causes.<\/p>\n<p>Nous d\u00e9clinons \u00e9galement toute responsabilit\u00e9 pour toute perte ou tout dommage que vous pourriez subir en raison d&rsquo;erreurs, de d\u00e9fauts ou d&rsquo;omissions dans les informations que nous fournissons lorsqu&rsquo;elles proviennent de sources ext\u00e9rieures.<\/p>\n<p><strong>L\u00e9gislation<\/strong><\/p>\n<p>En g\u00e9n\u00e9ral, les relations avec nos clients, d\u00e9coulant de la prestation des services contenus dans notre site web, sont soumises \u00e0 la l\u00e9gislation et \u00e0 la juridiction espagnoles.<\/p>\n<p>Les utilisateurs de notre site web sont conscients de ce qui pr\u00e9c\u00e8de et l&rsquo;acceptent volontairement.<\/p>\n<p><strong>Donn\u00e9es fiscales<\/strong><\/p>\n<p>ILLES BALEARS BALLOONING SL<br \/>Calle Des Moll 49<br \/>07590 \u2013 Capdepera<br \/>Baleares \u2013 Espa\u00f1a<\/p>\n<\/div>\n<\/div>\n\n","protected":false},"excerpt":{"rendered":"","protected":false},"author":1,"featured_media":0,"parent":0,"menu_order":0,"comment_status":"closed","ping_status":"closed","template":"","meta":{"footnotes":""},"class_list":["post-1161","page","type-page","status-publish","hentry"],"jetpack_sharing_enabled":true,"_links":{"self":[{"href":"https:\/\/ibballooning.net\/fr\/wp-json\/wp\/v2\/pages\/1161","targetHints":{"allow":["GET"]}}],"collection":[{"href":"https:\/\/ibballooning.net\/fr\/wp-json\/wp\/v2\/pages"}],"about":[{"href":"https:\/\/ibballooning.net\/fr\/wp-json\/wp\/v2\/types\/page"}],"author":[{"embeddable":true,"href":"https:\/\/ibballooning.net\/fr\/wp-json\/wp\/v2\/users\/1"}],"replies":[{"embeddable":true,"href":"https:\/\/ibballooning.net\/fr\/wp-json\/wp\/v2\/comments?post=1161"}],"version-history":[{"count":1,"href":"https:\/\/ibballooning.net\/fr\/wp-json\/wp\/v2\/pages\/1161\/revisions"}],"predecessor-version":[{"id":2413,"href":"https:\/\/ibballooning.net\/fr\/wp-json\/wp\/v2\/pages\/1161\/revisions\/2413"}],"wp:attachment":[{"href":"https:\/\/ibballooning.net\/fr\/wp-json\/wp\/v2\/media?parent=1161"}],"curies":[{"name":"wp","href":"https:\/\/api.w.org\/{rel}","templated":true}]}}