
{"id":1153,"date":"2025-02-28T11:14:05","date_gmt":"2025-02-28T10:14:05","guid":{"rendered":"https:\/\/ibballooning.net\/commerce\/"},"modified":"2025-03-18T14:26:11","modified_gmt":"2025-03-18T13:26:11","slug":"commerce","status":"publish","type":"page","link":"https:\/\/ibballooning.net\/fr\/commerce\/","title":{"rendered":"Commerce"},"content":{"rendered":"\n\n\t<section class=\"section\" id=\"section_263463142\">\n\t\t<div class=\"section-bg fill\" >\n\t\t\t\t\t\t\t\t\t\n\t\t\t\n\t<div class=\"is-border\"\n\t\tstyle=\"border-color:rgb(235, 235, 235);border-width:1px 0px 0px 0px;\">\n\t<\/div>\n\n\t\t<\/div>\n\n\t\t\n\n\t\t<div class=\"section-content relative\">\n\t\t\t\n\n<div class=\"row\"  id=\"row-2082343197\">\n\n\n\t<div id=\"col-362142998\" class=\"col medium-2 small-12 large-2\"  >\n\t\t\t\t<div class=\"col-inner\"  >\n\t\t\t\n\t\t\t\n\n\n\t\t<\/div>\n\t\t\t\t\t<\/div>\n\n\t\n\n\t<div id=\"col-1068941466\" class=\"col medium-8 small-12 large-8\"  >\n\t\t\t\t<div class=\"col-inner\"  >\n\t\t\t\n\t\t\t\n\n\t<div id=\"text-1398304890\" class=\"text\">\n\t\t\n\n<h2 class=\"alt-font\" style=\"text-align: center;\"> <\/h2>\n<h2 class=\"alt-font\" style=\"text-align: center;\" data-padding=\"10px\"><strong><span style=\"font-size: 140%;\">\u00ab\u00a0Une fois que vous aurez go\u00fbt\u00e9 au vol, vous marcherez toujours sur la terre avec les yeux tourn\u00e9s vers le ciel, parce que vous y avez d\u00e9j\u00e0 \u00e9t\u00e9 et que vous voudrez toujours y retourner\u00a0\u00bb. <\/span><\/strong><\/h2>\n<p class=\"lead\" style=\"text-align: center;\"><span style=\"font-size: 130%;\">Leonardo Da Vinci<\/span><\/p>\n\t\t\n<style>\n#text-1398304890 {\n  font-size: 0.75rem;\n  line-height: 1.7;\n  color: rgb(130, 142, 164);\n}\n#text-1398304890 > * {\n  color: rgb(130, 142, 164);\n}\n<\/style>\n\t<\/div>\n\t\n\n\t\t<\/div>\n\t\t\t\t\t<\/div>\n\n\t\n\n\t<div id=\"col-1543156721\" class=\"col medium-2 small-12 large-2\"  >\n\t\t\t\t<div class=\"col-inner\"  >\n\t\t\t\n\t\t\t\n\n\n\t\t<\/div>\n\t\t\t\t\t<\/div>\n\n\t\n\n<\/div>\n\n\t\t<\/div>\n\n\t\t\n<style>\n#section_263463142 {\n  padding-top: 60px;\n  padding-bottom: 60px;\n  min-height: 300px;\n  background-color: rgb(255, 255, 255);\n}\n<\/style>\n\t<\/section>\n\t\n\n","protected":false},"excerpt":{"rendered":"","protected":false},"author":1,"featured_media":0,"parent":0,"menu_order":0,"comment_status":"closed","ping_status":"closed","template":"","meta":{"footnotes":""},"class_list":["post-1153","page","type-page","status-publish","hentry"],"jetpack_sharing_enabled":true,"_links":{"self":[{"href":"https:\/\/ibballooning.net\/fr\/wp-json\/wp\/v2\/pages\/1153","targetHints":{"allow":["GET"]}}],"collection":[{"href":"https:\/\/ibballooning.net\/fr\/wp-json\/wp\/v2\/pages"}],"about":[{"href":"https:\/\/ibballooning.net\/fr\/wp-json\/wp\/v2\/types\/page"}],"author":[{"embeddable":true,"href":"https:\/\/ibballooning.net\/fr\/wp-json\/wp\/v2\/users\/1"}],"replies":[{"embeddable":true,"href":"https:\/\/ibballooning.net\/fr\/wp-json\/wp\/v2\/comments?post=1153"}],"version-history":[{"count":0,"href":"https:\/\/ibballooning.net\/fr\/wp-json\/wp\/v2\/pages\/1153\/revisions"}],"wp:attachment":[{"href":"https:\/\/ibballooning.net\/fr\/wp-json\/wp\/v2\/media?parent=1153"}],"curies":[{"name":"wp","href":"https:\/\/api.w.org\/{rel}","templated":true}]}}