
{"id":2410,"date":"2025-03-13T15:19:10","date_gmt":"2025-03-13T14:19:10","guid":{"rendered":"https:\/\/ibballooning.net\/aviso-legal\/"},"modified":"2025-04-01T12:44:54","modified_gmt":"2025-04-01T10:44:54","slug":"aviso-legal","status":"publish","type":"page","link":"https:\/\/ibballooning.net\/en\/aviso-legal\/","title":{"rendered":"Aviso legal"},"content":{"rendered":"\n\t<div id=\"text-1288131379\" class=\"text hide-for-small\">\n\t\t\n\n<div>LEGAL NOTICE<\/div>\n<div>\u00a0<\/div>\n<div><strong>Ownership of the website<\/strong><\/div>\n<div>\u00a0<\/div>\n<div>In compliance with the provisions of Article 10 of Law 34\/2002, of 11 July, on Information Society Services and Electronic Commerce, we hereby inform you that www.ibballooning.net is a domain of the company ILLES BALEARS BALLOONING SL, with registered office at CALLE DE&#8217;S MOLL, 49 &#8211; 07590 Capdepera.<\/div>\n<div class=\"et_pb_module et_pb_text et_pb_text_0 et_pb_text_align_left et_pb_bg_layout_light\">\n<div class=\"et_pb_text_inner\">\n<p><strong>Data protection<\/strong><\/p>\n<div>In compliance with the provisions of Law 15\/1999, of December 13, Protection of Personal Data, ILLES BALEARS BALLOONING SL , informs its customers that any personal data provided through the website or other means, will be included in an automated file of personal data, created and maintained under the responsibility of ILLES BALEARS BALLOONING SL.<\/div>\n<div>\u00a0<\/div>\n<div>The purpose of this file is to facilitate the management of the commercial relationship established in each case and to send commercial offers in the future about products and services that may be of interest to our customers. ILLES BALEARS BALLOONING SL, guarantees the security and confidentiality of the data provided. In this way, it undertakes to comply with its obligation of secrecy of personal data and its duty to protect them and take all necessary measures to prevent their alteration, loss, treatment or unauthorised use. Therefore, all information about our customers will not be used for commercial purposes or be transferred to third parties. ILLES BALEARS BALLOONING SL customers may at any time exercise their rights of access, rectification, cancellation and opposition by writing to our postal address or email address.<\/div>\n<p><strong>Website content<\/strong><\/p>\n<div>The user voluntarily accesses this website. Accessing and browsing this website implies acceptance and knowledge of the legal warnings, conditions and terms of use contained therein. Access does not imply any trade relation between the ILLES BALEARS BALLOONING SL and the user.<\/div>\n<div>\u00a0<\/div>\n<div>ILLES BALEARS BALLOONING SL is not responsible for the misuse of the contents of our website, being the sole responsibility of the person who accesses or uses them. Nor do we assume any responsibility for the information contained in the websites of third parties which may be accessed by links or search engines from the website www.ibballooning.net.<\/div>\n<div>\u00a0<\/div>\n<div>The presence of these links on the website is for information purposes only and in no case constitutes an invitation to purchase products or services offered on the destination website.<\/div>\n<div>ILLES BALEARS BALLOONING SL reserves the right to update, modify or delete the information contained on its website, and the configuration or presentation of the same, at any time, without prior notice, and without assuming any responsibility for it.<\/div>\n<p><strong>Responsability<\/strong><\/p>\n<div>ILLES BALEARS BALLOONING SL does not assume any liability that may arise from technical problems or failures in computer equipment not attributable to our company, which occur during connection to the Internet, as well as damage that may be caused by third parties through illegal interference beyond the control of ILLES BALEARS BALLOONING SL.<\/div>\n<div>\u00a0<\/div>\n<div>Nor are we responsible for any misuse that may be made of this website. ILLES BALEARS BALLOONING SL does not guarantee the absence of viruses or other elements that could cause damage to computer systems, electronic documents or user files on this website or third party websites, so we are not responsible for any damages that may arise from these causes.<\/div>\n<div>\u00a0<\/div>\n<div>We are also exonerated from any liability for possible damages that the user may suffer as a result of errors, defects or omissions in the information we provide when it comes from outside sources.<\/div>\n<div>\u00a0<\/div>\n<div><strong>Legislation<\/strong><\/div>\n<div>\u00a0<\/div>\n<div>In general, relations with our customers, arising from the provision of the services contained in our website, are subject to Spanish legislation and jurisdiction.<\/div>\n<div>\u00a0<\/div>\n<div>Users of our website are aware of all the above and accept it voluntarily.<\/div>\n<p><strong>Fiscal Data<\/strong><\/p>\n<p>ILLES BALEARS BALLOONING SL<br \/>Calle Des Moll 49<br \/>07590 \u2013 Capdepera<br \/>Baleares \u2013 Espa\u00f1a<\/p>\n<\/div>\n<\/div>\n\t\t\t<\/div>\n\t\n\t<div id=\"text-1524847366\" class=\"text show-for-small\">\n\t\t\n\n<h4><span style=\"font-size: 75%;\">AVISO LEGAL<\/span><\/h4>\n<div class=\"et_pb_module et_pb_text et_pb_text_0 et_pb_text_align_left et_pb_bg_layout_light\">\n<div class=\"et_pb_text_inner\">\n<p><span style=\"font-size: 75%;\"><strong>Titularidad del sitio web<\/strong><\/span><\/p>\n<p><span style=\"font-size: 75%;\">En cumplimiento de lo que prev\u00e9 el art\u00edculo 10 de la Ley 34\/2002, de 11 de julio, de Servicios de la Sociedad de la Informaci\u00f3n y Comercio Electr\u00f3nico, se informa que www.ibballooning.net es un dominio de la empresa ILLES BALEARS BALLOONING SL, con domicilio fiscal en CALLE DE\u2019S MOLL, 49 \u2013 07590 Capdepera<\/span><\/p>\n<p><span style=\"font-size: 75%;\"><strong>Protecci\u00f3n de datos<\/strong><\/span><\/p>\n<p><span style=\"font-size: 75%;\">En cumplimiento de lo establecido en la Ley Org\u00e1nica 15\/1999, de 13 de diciembre, de Protecci\u00f3n de Datos de Car\u00e1cter Personal, ILLES BALEARS BALLOONING SL , informa a sus clientes de que cuantos datos personales le faciliten a trav\u00e9s de la p\u00e1gina web o de otros medios, ser\u00e1n incluidos en un fichero automatizado de datos de car\u00e1cter personal, creado y mantenido bajo la responsabilidad de ILLES BALEARS BALLOONING SL.<\/span><\/p>\n<p><span style=\"font-size: 75%;\">La finalidad de dicho fichero es facilitar la gesti\u00f3n de la relaci\u00f3n comercial establecida en cada caso y enviar ofertas comerciales en el futuro sobre productos y servicios que puedan resultar de inter\u00e9s a nuestros clientes. ILLES BALEARS BALLOONING SL, garantiza la seguridad y confidencialidad de los datos facilitados. De este modo, se compromete al cumplimiento de su obligaci\u00f3n de secreto de los datos de car\u00e1cter personal y de su deber de guardarlos y adoptar todas las medidas necesarias para evitar su alteraci\u00f3n, p\u00e9rdida, tratamiento o uso no autorizado. Por lo tanto, toda la informaci\u00f3n sobre nuestros clientes no ser\u00e1 utilizada con prop\u00f3sitos comerciales ni ser\u00e1 cedida a terceros. Los clientes de ILLES BALEARS BALLOONING SL, podr\u00e1n en todo momento ejercitar los derechos de acceso, rectificaci\u00f3n, cancelaci\u00f3n y oposici\u00f3n, comunic\u00e1ndolo por escrito a nuestra direcci\u00f3n postal o a la de correo electr\u00f3nico.    <\/span><\/p>\n<p><span style=\"font-size: 75%;\"><strong>Contenido web<\/strong><\/span><\/p>\n<p><span style=\"font-size: 75%;\">El usuario accede voluntariamente a este sitio web. El acceso y navegaci\u00f3n en este sitio web implica aceptar y conocer las advertencias legales, condiciones y t\u00e9rminos de uso contenidos en ella. El mero acceso no implica el establecimiento de ning\u00fan tipo de relaci\u00f3n comercial entre ILLES BALEARS BALLOONING SL y el usuario.  <\/span><\/p>\n<p><span style=\"font-size: 75%;\">En ILLES BALEARS BALLOONING SL no nos responsabilizamos del mal uso que se realice de los contenidos de nuestra p\u00e1gina web, siendo exclusiva responsabilidad de la persona que accede a ellos o los utiliza. Tampoco asumimos ninguna responsabilidad por la informaci\u00f3n contenida en las p\u00e1ginas web de terceros a las que se pueda acceder por enlaces o buscadores desde la p\u00e1gina web <a href=\"http:\/\/www.ibballooning.net.\/\">www.ibballooning.net.<\/a> <\/span><\/p>\n<p><span style=\"font-size: 75%;\">La presencia de estos enlaces en el sitio web tienen una finalidad informativa, no constituyendo en ning\u00fan caso una invitaci\u00f3n a la contrataci\u00f3n de productos o servicios que se ofrezcan en el sitio web de destino.<\/span><br \/><span style=\"font-size: 75%;\">ILLES BALEARS BALLOONING SL se reserva el derecho a actualizar, modificar o eliminar la informaci\u00f3n contenida en su web site, y la configuraci\u00f3n o presentaci\u00f3n del mismo, en cualquier momento, sin previo aviso, y sin asumir responsabilidad alguna por ello.<\/span><\/p>\n<p><span style=\"font-size: 75%;\"><strong>Responsabilidad<\/strong><\/span><\/p>\n<p><span style=\"font-size: 75%;\">En ILLES BALEARS BALLOONING SL no asumimos ninguna responsabilidad que se pueda derivar de problemas t\u00e9cnicos o fallos en los equipos inform\u00e1ticos, no imputables a nuestra empresa, que se produzcan durante la conexi\u00f3n a la red de Internet , as\u00ed como de da\u00f1os que pudieran ser causados por terceras personas mediante intromisiones ileg\u00edtimas fuera del control de ILLES BALEARS BALLOONING SL.<\/span><\/p>\n<p><span style=\"font-size: 75%;\">Tampoco nos responsabilizamos del mal uso que pueda hacer de este sitio web. Desde ILLES BALEARS BALLOONING SL no garantizamos la ausencia de virus u otros elementos que pudieran causar da\u00f1os en los sistemas inform\u00e1ticos, en los documentos electr\u00f3nicos o en los ficheros de usuario de este sitio web o de sitios web de terceros, por lo que no nos responsabilizamos de los perjuicios que se pudieran producir por estas causas. <\/span><\/p>\n<p><span style=\"font-size: 75%;\">Tambi\u00e9n quedamos exonerados de toda responsabilidad ante posibles da\u00f1os o perjuicios que pueda sufrir el usuario a consecuencia de errores, defectos u omisiones en la informaci\u00f3n que facilitemos cuando proceda de fuentes ajenas a nosotros.<\/span><\/p>\n<p><span style=\"font-size: 75%;\"><strong>Legislaci\u00f3n<\/strong><\/span><\/p>\n<p><span style=\"font-size: 75%;\">Con car\u00e1cter general, las relaciones con nuestros clientes, que se deriven de la prestaci\u00f3n de los servicios contenidos en nuestra web, est\u00e1n sometidas a la legislaci\u00f3n y la jurisdicci\u00f3n espa\u00f1ola.<\/span><\/p>\n<p><span style=\"font-size: 75%;\">Los usuarios de nuestra web son conscientes de todo lo expuesto y lo aceptan voluntariamente.<\/span><\/p>\n<p><span style=\"font-size: 75%;\"><strong>Datos Fiscales<\/strong><\/span><\/p>\n<p><span style=\"font-size: 75%;\">ILLES BALEARS BALLOONING SL<\/span><br \/><span style=\"font-size: 75%;\">Calle Des Moll 49<\/span><br \/><span style=\"font-size: 75%;\">07590 \u2013 Capdepera<\/span><br \/><span style=\"font-size: 75%;\">Baleares \u2013 Espa\u00f1a<\/span><\/p>\n<\/div>\n<\/div>\n\n\t\t\n<style>\n#text-1524847366 {\n  line-height: 0.9;\n}\n<\/style>\n\t<\/div>\n\t\n\n","protected":false},"excerpt":{"rendered":"","protected":false},"author":1,"featured_media":0,"parent":0,"menu_order":0,"comment_status":"closed","ping_status":"closed","template":"","meta":{"footnotes":""},"class_list":["post-2410","page","type-page","status-publish","hentry"],"jetpack_sharing_enabled":true,"_links":{"self":[{"href":"https:\/\/ibballooning.net\/en\/wp-json\/wp\/v2\/pages\/2410","targetHints":{"allow":["GET"]}}],"collection":[{"href":"https:\/\/ibballooning.net\/en\/wp-json\/wp\/v2\/pages"}],"about":[{"href":"https:\/\/ibballooning.net\/en\/wp-json\/wp\/v2\/types\/page"}],"author":[{"embeddable":true,"href":"https:\/\/ibballooning.net\/en\/wp-json\/wp\/v2\/users\/1"}],"replies":[{"embeddable":true,"href":"https:\/\/ibballooning.net\/en\/wp-json\/wp\/v2\/comments?post=2410"}],"version-history":[{"count":3,"href":"https:\/\/ibballooning.net\/en\/wp-json\/wp\/v2\/pages\/2410\/revisions"}],"predecessor-version":[{"id":2530,"href":"https:\/\/ibballooning.net\/en\/wp-json\/wp\/v2\/pages\/2410\/revisions\/2530"}],"wp:attachment":[{"href":"https:\/\/ibballooning.net\/en\/wp-json\/wp\/v2\/media?parent=2410"}],"curies":[{"name":"wp","href":"https:\/\/api.w.org\/{rel}","templated":true}]}}