
{"id":2018,"date":"2025-03-26T17:17:01","date_gmt":"2025-03-26T16:17:01","guid":{"rendered":"https:\/\/ibballooning.net\/product\/schenken-sie-eine-ballonfahrt-zum-sonnenaufgang\/"},"modified":"2025-03-31T15:36:45","modified_gmt":"2025-03-31T13:36:45","slug":"schenken-sie-eine-ballonfahrt-zum-sonnenaufgang","status":"publish","type":"product","link":"https:\/\/ibballooning.net\/de\/product\/schenken-sie-eine-ballonfahrt-zum-sonnenaufgang\/","title":{"rendered":"Schenken Sie eine Ballonfahrt zum Sonnenaufgang"},"content":{"rendered":"<p>Die Fahrten dauern mindestens eine Stunde, am Morgen oder am Nachmittag. Sie k\u00f6nnen bei der Montage des Ballons helfen und wir nehmen immer eine Flasche Cava mit an Bord und sto\u00dfen in 500 Metern H\u00f6he mit ganz Mallorca zu unseren F\u00fc\u00dfen an. Die Gruppen sind klein, so dass der Pilot immer f\u00fcr Fragen und Neugierde zur Verf\u00fcgung steht, w\u00e4hrend er Ihnen die Funktionsweise des Ballons und die Lage der D\u00f6rfer und Berge erkl\u00e4rt, die Sie sehen k\u00f6nnen. Wenn Sie im Voraus buchen, k\u00f6nnen Sie die Daten und Zeiten f\u00fcr die Fahrt w\u00e4hlen, je nach Jahreszeit k\u00f6nnen Sie zwischen 6.00 und 8.00 Uhr morgens oder zwischen 17.00 und 20.00 Uhr abends starten. Insgesamt werden wir von der Besprechung, der Pr\u00e4sentation und dem Aufblasen plus dem Flug und der Landung, dem Packen und der R\u00fcckkehr zum Treffpunkt zwischen zwei und drei Stunden zusammen sein.<\/p>\n<hr \/>\n<div><em>Verschenken Sie eine Hei\u00dfluftballonfahrt<\/em><\/div>\n<div><\/div>\n<div>W\u00e4hlen Sie die zu verschenkende Fahrt, die Anzahl der Personen und vervollst\u00e4ndigen Sie die Angaben mit dem Namen und der Nachricht f\u00fcr Ihr PDF-Geschenk. Sie werden das PDF-Geschenk automatisch per E-Mail* erhalten.<\/div>\n<div>* Wenn Sie m\u00f6chten, dass das Geschenk direkt an die Person gesendet wird, geben Sie deren E-Mail-Adresse an. Andernfalls geben Sie die E-Mail-Adresse des K\u00e4ufers ein.<\/div>\n<div><\/div>\n<hr \/>\n<p><em>Die Ballonfahrten sind wetterabh\u00e4ngig.<u><\/u><u><\/u><\/em><\/p>\n<p><em>Am Tag vor dem Flug entscheiden die Piloten, ob die Bedingungen optimal sind und best\u00e4tigen den Flug, den Treffpunkt und die Uhrzeit. <u><\/u><u><\/u>Dies kann je nach Windrichtung und Jahreszeit variieren. Wir haben verschiedene Startpunkte und Sonnenaufgang und Sonnenuntergang bestimmen die Abflugzeit. <u><\/u><u><\/u>Wenn es nicht m\u00f6glich ist zu fliegen, wird ein Ersatztermin gefunden oder die Zahlung wird zur\u00fcckerstattet.<\/em><\/p>\n<hr \/>\n<p>FLUGGEBIETE<\/p>\n<figure id=\"attachment_1309\" aria-describedby=\"caption-attachment-1309\" style=\"width: 800px\" class=\"wp-caption alignnone\"><img loading=\"lazy\" decoding=\"async\" class=\"wp-image-1309 size-large\" src=\"https:\/\/ibballooning.net\/wp-content\/uploads\/2025\/02\/Mapa-Flight-zones-Ib-Ballooning-800x800.png\" alt=\"FLUGGEBIETE MALLORCA\" width=\"800\" height=\"800\" srcset=\"https:\/\/ibballooning.net\/wp-content\/uploads\/2025\/02\/Mapa-Flight-zones-Ib-Ballooning-800x800.png 800w, https:\/\/ibballooning.net\/wp-content\/uploads\/2025\/02\/Mapa-Flight-zones-Ib-Ballooning-400x400.png 400w, https:\/\/ibballooning.net\/wp-content\/uploads\/2025\/02\/Mapa-Flight-zones-Ib-Ballooning-280x280.png 280w, https:\/\/ibballooning.net\/wp-content\/uploads\/2025\/02\/Mapa-Flight-zones-Ib-Ballooning-768x768.png 768w, https:\/\/ibballooning.net\/wp-content\/uploads\/2025\/02\/Mapa-Flight-zones-Ib-Ballooning-300x300.png 300w, https:\/\/ibballooning.net\/wp-content\/uploads\/2025\/02\/Mapa-Flight-zones-Ib-Ballooning-600x600.png 600w, https:\/\/ibballooning.net\/wp-content\/uploads\/2025\/02\/Mapa-Flight-zones-Ib-Ballooning-100x100.png 100w, https:\/\/ibballooning.net\/wp-content\/uploads\/2025\/02\/Mapa-Flight-zones-Ib-Ballooning.png 1081w\" sizes=\"auto, (max-width: 800px) 100vw, 800px\" \/><figcaption id=\"caption-attachment-1309\" class=\"wp-caption-text\">FLUGGEBIETE MALLORCA<\/figcaption><\/figure>\n","protected":false},"excerpt":{"rendered":"<p>Preis pro Person<\/p>\n<p><strong>Genie\u00dfen Sie eine herrliche Ballonfahrt \u00fcber die Insel Mallorca.<\/strong><\/p>\n","protected":false},"featured_media":1591,"template":"","meta":[],"product_brand":[],"product_cat":[90],"product_tag":[],"class_list":{"0":"post-2018","1":"product","2":"type-product","3":"status-publish","4":"has-post-thumbnail","6":"product_cat-heissluftballoonflug","8":"first","9":"instock","10":"virtual","11":"taxable","12":"purchasable","13":"product-type-simple"},"booking_location":null,"booking_location_type":null,"booking_duration":null,"booking_duration_unit":null,"booking_buffer":null,"booking_cost":null,"booking_resources":null,"exclude_global_add_ons":false,"addons":[{"name":"Begleitende Personen","type":"input_multiplier","position":0,"required":true,"title_format":"label","default":"","description_enable":false,"description":"","placeholder_enable":false,"placeholder":"","display":"select","restrictions_type":"any_text","adjust_price":true,"price":"190","price_type":"flat_fee","restrictions":true,"min":"0","max":"10","options":[],"id":1743070849},{"name":"Begleitendes Kind (5 bis 12 Jahren)","type":"input_multiplier","position":1,"required":false,"title_format":"label","default":"","description_enable":false,"description":"","placeholder_enable":false,"placeholder":"","display":"select","restrictions_type":"any_text","adjust_price":true,"price":"130","price_type":"flat_fee","restrictions":true,"min":"0","max":"10","options":[],"id":1743070850}],"jetpack_sharing_enabled":true,"_links":{"self":[{"href":"https:\/\/ibballooning.net\/de\/wp-json\/wp\/v2\/product\/2018","targetHints":{"allow":["GET"]}}],"collection":[{"href":"https:\/\/ibballooning.net\/de\/wp-json\/wp\/v2\/product"}],"about":[{"href":"https:\/\/ibballooning.net\/de\/wp-json\/wp\/v2\/types\/product"}],"wp:featuredmedia":[{"embeddable":true,"href":"https:\/\/ibballooning.net\/de\/wp-json\/wp\/v2\/media\/1591"}],"wp:attachment":[{"href":"https:\/\/ibballooning.net\/de\/wp-json\/wp\/v2\/media?parent=2018"}],"wp:term":[{"taxonomy":"product_brand","embeddable":true,"href":"https:\/\/ibballooning.net\/de\/wp-json\/wp\/v2\/product_brand?post=2018"},{"taxonomy":"product_cat","embeddable":true,"href":"https:\/\/ibballooning.net\/de\/wp-json\/wp\/v2\/product_cat?post=2018"},{"taxonomy":"product_tag","embeddable":true,"href":"https:\/\/ibballooning.net\/de\/wp-json\/wp\/v2\/product_tag?post=2018"}],"curies":[{"name":"wp","href":"https:\/\/api.w.org\/{rel}","templated":true}]}}