
{"id":2005,"date":"2025-02-28T08:59:15","date_gmt":"2025-02-28T07:59:15","guid":{"rendered":"https:\/\/ibballooning.net\/product\/private-ballonfahrt\/"},"modified":"2025-02-28T08:59:15","modified_gmt":"2025-02-28T07:59:15","slug":"private-ballonfahrt","status":"publish","type":"product","link":"https:\/\/ibballooning.net\/de\/product\/private-ballonfahrt\/","title":{"rendered":"Private Ballonfahrt"},"content":{"rendered":"<p><strong>Einen guten Plan ausw\u00e4hlen<\/strong><\/p>\n<p>Der Flug \u201enur f\u00fcr 2\u201c ist unsere Spezialit\u00e4t, da er am romantischsten ist und Privatsph\u00e4re garantiert. Unter unseren Kunden befinden sich auch Prominente und Pers\u00f6nlichkeiten der Insel, die uns wegen der Intimit\u00e4t, die wir bieten, gebucht haben. Sie k\u00f6nnen auch einen Privatflug f\u00fcr mehr Personen buchen, wenn Sie eine Familie oder eine Gruppe von Freunden sind, die den Flug privat feiern m\u00f6chten. <\/p>\n<hr>\n<p><em>Die Ballonfahrten sind wetterabh\u00e4ngig.<u><\/u><u><\/u><\/em><\/p>\n<p><em>Am Tag vor dem Flug entscheiden die Piloten, ob die Bedingungen optimal sind und best\u00e4tigen den Flug, den Treffpunkt und die Uhrzeit. <u><\/u><u><\/u>Dies kann je nach Windrichtung und Jahreszeit variieren. Wir haben verschiedene Startpunkte und Sonnenaufgang und Sonnenuntergang bestimmen die Abflugzeit.  <u><\/u><u><\/u>Wenn es nicht m\u00f6glich ist zu fliegen, wird ein Ersatztermin gefunden oder die Zahlung wird zur\u00fcckerstattet.<\/em><\/p>\n<hr>\n<p>FLUGGEBIETE<\/p>\n<figure id=\"attachment_1309\" aria-describedby=\"caption-attachment-1309\" style=\"width: 800px\" class=\"wp-caption alignnone\"><img loading=\"lazy\" decoding=\"async\" class=\"wp-image-1309 size-large\" src=\"https:\/\/ibballooning.net\/wp-content\/uploads\/2025\/02\/Mapa-Flight-zones-Ib-Ballooning-800x800.png\" alt=\"Fluggebiet Mallorca\" width=\"800\" height=\"800\" srcset=\"https:\/\/ibballooning.net\/wp-content\/uploads\/2025\/02\/Mapa-Flight-zones-Ib-Ballooning-800x800.png 800w, https:\/\/ibballooning.net\/wp-content\/uploads\/2025\/02\/Mapa-Flight-zones-Ib-Ballooning-400x400.png 400w, https:\/\/ibballooning.net\/wp-content\/uploads\/2025\/02\/Mapa-Flight-zones-Ib-Ballooning-280x280.png 280w, https:\/\/ibballooning.net\/wp-content\/uploads\/2025\/02\/Mapa-Flight-zones-Ib-Ballooning-768x768.png 768w, https:\/\/ibballooning.net\/wp-content\/uploads\/2025\/02\/Mapa-Flight-zones-Ib-Ballooning-300x300.png 300w, https:\/\/ibballooning.net\/wp-content\/uploads\/2025\/02\/Mapa-Flight-zones-Ib-Ballooning-600x600.png 600w, https:\/\/ibballooning.net\/wp-content\/uploads\/2025\/02\/Mapa-Flight-zones-Ib-Ballooning-100x100.png 100w, https:\/\/ibballooning.net\/wp-content\/uploads\/2025\/02\/Mapa-Flight-zones-Ib-Ballooning.png 1081w\" sizes=\"auto, (max-width: 800px) 100vw, 800px\" \/><figcaption id=\"caption-attachment-1309\" class=\"wp-caption-text\">Fluggebiet Mallorca<\/figcaption><\/figure>\n","protected":false},"excerpt":{"rendered":"<p><strong>Preis f\u00fcr 2 Personen (minimum)<\/p>\n<p><\/strong>Genie\u00dfen Sie eine herrliche private Ballonfahrt \u00fcber die Insel Mallorca.<\/p>\n","protected":false},"featured_media":2951,"template":"","meta":[],"product_brand":[],"product_cat":[90],"product_tag":[],"class_list":{"0":"post-2005","1":"product","2":"type-product","3":"status-publish","4":"has-post-thumbnail","6":"product_cat-heissluftballoonflug","8":"first","9":"instock","10":"featured","11":"virtual","12":"sold-individually","13":"taxable","14":"purchasable","15":"product-type-booking"},"booking_location":"","booking_location_type":"","booking_duration":1,"booking_duration_unit":"day","booking_buffer":0,"booking_cost":800,"booking_resources":[],"exclude_global_add_ons":[],"addons":[],"jetpack_sharing_enabled":true,"_links":{"self":[{"href":"https:\/\/ibballooning.net\/de\/wp-json\/wp\/v2\/product\/2005","targetHints":{"allow":["GET"]}}],"collection":[{"href":"https:\/\/ibballooning.net\/de\/wp-json\/wp\/v2\/product"}],"about":[{"href":"https:\/\/ibballooning.net\/de\/wp-json\/wp\/v2\/types\/product"}],"wp:featuredmedia":[{"embeddable":true,"href":"https:\/\/ibballooning.net\/de\/wp-json\/wp\/v2\/media\/2951"}],"wp:attachment":[{"href":"https:\/\/ibballooning.net\/de\/wp-json\/wp\/v2\/media?parent=2005"}],"wp:term":[{"taxonomy":"product_brand","embeddable":true,"href":"https:\/\/ibballooning.net\/de\/wp-json\/wp\/v2\/product_brand?post=2005"},{"taxonomy":"product_cat","embeddable":true,"href":"https:\/\/ibballooning.net\/de\/wp-json\/wp\/v2\/product_cat?post=2005"},{"taxonomy":"product_tag","embeddable":true,"href":"https:\/\/ibballooning.net\/de\/wp-json\/wp\/v2\/product_tag?post=2005"}],"curies":[{"name":"wp","href":"https:\/\/api.w.org\/{rel}","templated":true}]}}