
{"id":1068,"date":"2013-08-11T19:06:15","date_gmt":"2013-08-11T17:06:15","guid":{"rendered":"https:\/\/ibballooning.net\/ueber-uns\/"},"modified":"2025-03-17T10:29:16","modified_gmt":"2025-03-17T09:29:16","slug":"ueber-uns","status":"publish","type":"page","link":"https:\/\/ibballooning.net\/de\/ueber-uns\/","title":{"rendered":"\u00dcber uns"},"content":{"rendered":"\n\n  <div class=\"banner has-hover has-parallax\" id=\"banner-584428300\">\n          <div class=\"banner-inner fill\">\n        <div class=\"banner-bg fill\" data-parallax=\"-3\" data-parallax-container=\".banner\" data-parallax-background>\n            <img loading=\"lazy\" decoding=\"async\" width=\"1020\" height=\"680\" src=\"https:\/\/ibballooning.net\/wp-content\/uploads\/2025\/02\/113A9437-1200x800.jpg\" class=\"bg attachment-large size-large\" alt=\"Equipo IBBallooning\" \/>                        <div class=\"overlay\"><\/div>            \n                    <\/div>\n\t\t\n        <div class=\"banner-layers container\">\n            <div class=\"fill banner-link\"><\/div>            \n\n   <div id=\"text-box-217495241\" class=\"text-box banner-layer x50 md-x50 lg-x50 y80 md-y80 lg-y80 res-text\">\n                                <div class=\"text-box-content text dark\">\n              \n              <div class=\"text-inner text-center\">\n                  \n\n<h1 class=\"lead\">Unser Team<\/h1>\n<p class=\"lead\">Wir m\u00f6chten Ihnen gerne unsere Geschichte erz\u00e4hlen und Ihnen unser Team vorstellen.  <\/p>\n\n              <\/div>\n           <\/div>\n                            \n<style>\n#text-box-217495241 {\n  width: 60%;\n}\n#text-box-217495241 .text-box-content {\n  font-size: 100%;\n}\n<\/style>\n    <\/div>\n \n\n        <\/div>\n      <\/div>\n\n            \n<style>\n#banner-584428300 {\n  padding-top: 507px;\n}\n#banner-584428300 .overlay {\n  background-color: rgba(0, 0, 0, 0.49);\n}\n<\/style>\n  <\/div>\n\n\n<div class=\"row\"  id=\"row-438740313\">\n\n\n\t<div id=\"col-936019892\" class=\"col small-12 large-12\"  >\n\t\t\t\t<div class=\"col-inner\"  >\n\t\t\t\n\t\t\t\n\n<p class=\"lead text-center\"><span style=\"font-weight: 400;\">Illes Balears Ballooning (IB Ballooning) wurde 2006 nach 15 Jahren Flug durch Mallorca geboren, um ein exklusiveres und hochwertigeres Produkt anzubieten. Der erste Schritt besteht darin, die Aktivit\u00e4t das ganze Jahr \u00fcber aufrechtzuerhalten, um die Saisonalit\u00e4t zu brechen, und zus\u00e4tzlich die Luftwerbung zu f\u00f6rdern. <\/span><\/p>\n<div class=\"text-center\"><div class=\"is-divider divider clearfix\" ><\/div><\/div>\n\n\t<div id=\"text-3831404697\" class=\"text\">\n\t\t\n\n<p><span style=\"font-weight: 400;\">Der Betriebsleiter und Flugleiter Jordi Aracil Romero verf\u00fcgt \u00fcber <\/span><b>4.000 Stunden Flugerfahrung<\/b><span style=\"font-weight: 400;\">. Weitere mitwirkende Piloten sind: Julio Alou (Karakorum), Andr\u00e9s Tapias und Frank Holth\u00f6fer (FH Ballonfahrten). Ein junges und erfahrenes Team, das Spanien bei mehreren Welt- und Europameisterschaften vertreten hat, um den besten Luftsport zu genie\u00dfen.  <\/span><\/p>\n<p><span style=\"font-weight: 400;\">Daf\u00fcr haben wir unseren Luftfahrtingenieur Don Josep Maria Llad\u00f3 Costa, Ballondesigner und einen der besten Piloten der Welt, der regelm\u00e4\u00dfig die gesamte Ausr\u00fcstung \u00fcberpr\u00fcft, Tests an den Segeln durchf\u00fchrt, \u00dcberpr\u00fcfungen an Brennern und Zylindern sowie Kontrollen an Qualit\u00e4t in den K\u00f6rben, die trotz der Jahre immer noch neu zu sein scheinen, denn f\u00fcr uns ist ihre Sicherheit vor allem wichtig. IB Ballooning ist ein  <\/span><b>von der Zivilluftfahrt zugelassenes Luftfahrtunternehmen f\u00fcr Ballonfl\u00fcge mit Passagieren, Luftwerbung und Fotoaufnahmen mit mehr als 30 Jahren Erfahrung.<\/b><\/p>\n\t\t\n<style>\n#text-3831404697 {\n  text-align: center;\n}\n<\/style>\n\t<\/div>\n\t\n\n\t\t<\/div>\n\t\t\t\t\t<\/div>\n\n\t\n\n\t<div id=\"col-372607358\" class=\"col medium-6 small-12 large-6\"  >\n\t\t\t\t<div class=\"col-inner box-shadow-2\"  data-parallax-fade=\"true\" data-parallax=\"1\">\n\t\t\t\n\t\t\t\n\n    <div class=\"box has-hover has-hover box-text-bottom\" >\n\n                  <div class=\"box-image \" style=\"width:80%;\">\n           <div class=\"box-image-inner image-cover\" style=\"border-radius:100%;padding-top:100%;\">\n              <img loading=\"lazy\" decoding=\"async\" width=\"1365\" height=\"2048\" src=\"https:\/\/ibballooning.net\/wp-content\/uploads\/2025\/03\/113A9982.jpg\" class=\"attachment- size-\" alt=\"Jordi Aracil Director de vuelo\" srcset=\"https:\/\/ibballooning.net\/wp-content\/uploads\/2025\/03\/113A9982.jpg 1365w, https:\/\/ibballooning.net\/wp-content\/uploads\/2025\/03\/113A9982-267x400.jpg 267w, https:\/\/ibballooning.net\/wp-content\/uploads\/2025\/03\/113A9982-533x800.jpg 533w, https:\/\/ibballooning.net\/wp-content\/uploads\/2025\/03\/113A9982-768x1152.jpg 768w, https:\/\/ibballooning.net\/wp-content\/uploads\/2025\/03\/113A9982-1024x1536.jpg 1024w, https:\/\/ibballooning.net\/wp-content\/uploads\/2025\/03\/113A9982-1320x1980.jpg 1320w, https:\/\/ibballooning.net\/wp-content\/uploads\/2025\/03\/113A9982-600x900.jpg 600w\" sizes=\"auto, (max-width: 1365px) 100vw, 1365px\" \/>                         <\/div>\n          <\/div>\n         \n          <div class=\"box-text text-center\" >\n                <div class=\"box-text-inner\">\n                  <h4 class=\"uppercase\">\n                    <span class=\"person-name\">Jordi Aracil romero<\/span><br\/>\n                    <span class=\"person-title is-small thin-font op-7\">\n                      Direktor f\u00fcr Betrieb und Flugleitung                    <\/span>\n                  <\/h4>\n\t\t\t\t\t\n\n<p>Operations Manager und Flight Director. Er hat 4.000 Flugstunden <\/p>\n\n                <\/div>\n          <\/div>\n    <\/div>\n\n\t\n    \n\n\t\t<\/div>\n\t\t\t\t\t<\/div>\n\n\t\n\n\t<div id=\"col-1073568451\" class=\"col medium-6 small-12 large-6\"  >\n\t\t\t\t<div class=\"col-inner box-shadow-2\"  data-parallax-fade=\"true\" data-parallax=\"1\">\n\t\t\t\n\t\t\t\n\n    <div class=\"box has-hover has-hover box-text-bottom\" >\n\n                  <div class=\"box-image \" style=\"width:80%;\">\n           <div class=\"box-image-inner image-cover\" style=\"border-radius:100%;padding-top:100%;\">\n              <img loading=\"lazy\" decoding=\"async\" width=\"400\" height=\"267\" src=\"https:\/\/ibballooning.net\/wp-content\/uploads\/2025\/03\/jose-maria-llado-e1741848181905.jpg\" class=\"attachment- size-\" alt=\"\" \/>                         <\/div>\n          <\/div>\n         \n          <div class=\"box-text text-center\" >\n                <div class=\"box-text-inner\">\n                  <h4 class=\"uppercase\">\n                    <span class=\"person-name\">Josep Maria Llad\u00f3 Costa<\/span><br\/>\n                    <span class=\"person-title is-small thin-font op-7\">\n                      Luftfahrttechniker                    <\/span>\n                  <\/h4>\n\t\t\t\t\t\n\n<p>Hersteller, Ballonkonstrukteur und einer der besten Piloten der Welt, der die gesamte Ausr\u00fcstung regelm\u00e4\u00dfig \u00fcberpr\u00fcft.<\/p>\n\n                <\/div>\n          <\/div>\n    <\/div>\n\n\t\n    \n\n\t\t<\/div>\n\t\t\t\t\t<\/div>\n\n\t\n\n\t<div id=\"col-853745411\" class=\"col medium-4 small-12 large-4\"  >\n\t\t\t\t<div class=\"col-inner\"  >\n\t\t\t\n\t\t\t\n\n    <div class=\"box has-hover has-hover box-text-bottom\" >\n\n                  <div class=\"box-image \" style=\"width:80%;\">\n           <div class=\"box-image-inner image-cover\" style=\"border-radius:100%;padding-top:100%;\">\n              <img loading=\"lazy\" decoding=\"async\" width=\"1365\" height=\"2048\" src=\"https:\/\/ibballooning.net\/wp-content\/uploads\/2025\/03\/113A9420.jpg\" class=\"attachment- size-\" alt=\"Andr\u00e9s Tapias Instructor de vuelo\" srcset=\"https:\/\/ibballooning.net\/wp-content\/uploads\/2025\/03\/113A9420.jpg 1365w, https:\/\/ibballooning.net\/wp-content\/uploads\/2025\/03\/113A9420-267x400.jpg 267w, https:\/\/ibballooning.net\/wp-content\/uploads\/2025\/03\/113A9420-533x800.jpg 533w, https:\/\/ibballooning.net\/wp-content\/uploads\/2025\/03\/113A9420-768x1152.jpg 768w, https:\/\/ibballooning.net\/wp-content\/uploads\/2025\/03\/113A9420-1024x1536.jpg 1024w, https:\/\/ibballooning.net\/wp-content\/uploads\/2025\/03\/113A9420-1320x1980.jpg 1320w, https:\/\/ibballooning.net\/wp-content\/uploads\/2025\/03\/113A9420-600x900.jpg 600w\" sizes=\"auto, (max-width: 1365px) 100vw, 1365px\" \/>                         <\/div>\n          <\/div>\n         \n          <div class=\"box-text text-center\" >\n                <div class=\"box-text-inner\">\n                  <h4 class=\"uppercase\">\n                    <span class=\"person-name\">Andr\u00e9s tapias<\/span><br\/>\n                    <span class=\"person-title is-small thin-font op-7\">\n                      Pilot                    <\/span>\n                  <\/h4>\n\t\t\t\t\t\n\n<p>Pilot mit mehr als 500 Flugstunden.  <\/p>\n\n                <\/div>\n          <\/div>\n    <\/div>\n\n\t\n    \n\n\t\t<\/div>\n\t\t\t\t\t<\/div>\n\n\t\n\n\t<div id=\"col-1817480573\" class=\"col medium-4 small-12 large-4\"  >\n\t\t\t\t<div class=\"col-inner\"  >\n\t\t\t\n\t\t\t\n\n    <div class=\"box has-hover has-hover box-text-bottom\" >\n\n                  <div class=\"box-image \" style=\"width:80%;\">\n           <div class=\"box-image-inner image-cover\" style=\"border-radius:100%;padding-top:100%;\">\n              <img loading=\"lazy\" decoding=\"async\" width=\"1200\" height=\"1210\" src=\"https:\/\/ibballooning.net\/wp-content\/uploads\/2025\/03\/julio-e1741871556151.jpg\" class=\"attachment- size-\" alt=\"julio alou instructor de vuelo\" srcset=\"https:\/\/ibballooning.net\/wp-content\/uploads\/2025\/03\/julio-e1741871556151.jpg 1200w, https:\/\/ibballooning.net\/wp-content\/uploads\/2025\/03\/julio-e1741871556151-397x400.jpg 397w, https:\/\/ibballooning.net\/wp-content\/uploads\/2025\/03\/julio-e1741871556151-793x800.jpg 793w, https:\/\/ibballooning.net\/wp-content\/uploads\/2025\/03\/julio-e1741871556151-768x774.jpg 768w, https:\/\/ibballooning.net\/wp-content\/uploads\/2025\/03\/julio-e1741871556151-600x605.jpg 600w, https:\/\/ibballooning.net\/wp-content\/uploads\/2025\/03\/julio-e1741871556151-100x100.jpg 100w\" sizes=\"auto, (max-width: 1200px) 100vw, 1200px\" \/>                         <\/div>\n          <\/div>\n         \n          <div class=\"box-text text-center\" >\n                <div class=\"box-text-inner\">\n                  <h4 class=\"uppercase\">\n                    <span class=\"person-name\">Julio Alou (karakorum)<\/span><br\/>\n                    <span class=\"person-title is-small thin-font op-7\">\n                      Pilot                    <\/span>\n                  <\/h4>\n\t\t\t\t\t\n\n<p>Pilot mit mehr als 1000 Flugstunden, Bergf\u00fchrer (3.500 Meter) und verantwortlich f\u00fcr die Abteilung &#8222;Abenteuer&#8220;.<\/p>\n\n                <\/div>\n          <\/div>\n    <\/div>\n\n\t\n    \n\n\t\t<\/div>\n\t\t\t\t\t<\/div>\n\n\t\n\n\t<div id=\"col-2128954845\" class=\"col medium-4 small-12 large-4\"  >\n\t\t\t\t<div class=\"col-inner\"  >\n\t\t\t\n\t\t\t\n\n    <div class=\"box has-hover has-hover box-text-bottom\" >\n\n                  <div class=\"box-image \" style=\"width:80%;\">\n           <div class=\"box-image-inner image-cover\" style=\"border-radius:100%;padding-top:100%;\">\n              <img loading=\"lazy\" decoding=\"async\" width=\"1920\" height=\"1275\" src=\"https:\/\/ibballooning.net\/wp-content\/uploads\/2025\/03\/Frank.jpg\" class=\"attachment- size-\" alt=\"Frank Holth\u00f6fer (FH Ballonfahrten)\" srcset=\"https:\/\/ibballooning.net\/wp-content\/uploads\/2025\/03\/Frank.jpg 1920w, https:\/\/ibballooning.net\/wp-content\/uploads\/2025\/03\/Frank-602x400.jpg 602w, https:\/\/ibballooning.net\/wp-content\/uploads\/2025\/03\/Frank-1205x800.jpg 1205w, https:\/\/ibballooning.net\/wp-content\/uploads\/2025\/03\/Frank-768x510.jpg 768w, https:\/\/ibballooning.net\/wp-content\/uploads\/2025\/03\/Frank-1536x1020.jpg 1536w, https:\/\/ibballooning.net\/wp-content\/uploads\/2025\/03\/Frank-1320x877.jpg 1320w, https:\/\/ibballooning.net\/wp-content\/uploads\/2025\/03\/Frank-600x398.jpg 600w\" sizes=\"auto, (max-width: 1920px) 100vw, 1920px\" \/>                         <\/div>\n          <\/div>\n         \n          <div class=\"box-text text-center\" >\n                <div class=\"box-text-inner\">\n                  <h4 class=\"uppercase\">\n                    <span class=\"person-name\">Frank Holth\u00f6fer (FH Balloonfahrten)<\/span><br\/>\n                    <span class=\"person-title is-small thin-font op-7\">\n                      Pilot                    <\/span>\n                  <\/h4>\n\t\t\t\t\t\n\n<p>Pilot mit mehr als 2000 Flugstunden<\/p>\n\t<div id=\"gap-227351460\" class=\"gap-element clearfix\" style=\"display:block; height:auto;\">\n\t\t\n<style>\n#gap-227351460 {\n  padding-top: 60px;\n}\n<\/style>\n\t<\/div>\n\t\n\n\n                <\/div>\n          <\/div>\n    <\/div>\n\n\t\n    \n\n\t\t<\/div>\n\t\t\t\t\t<\/div>\n\n\t\n\n<\/div>\n\t<div id=\"text-546873590\" class=\"text\">\n\t\t\n\n<h2 class=\"thin-font uppercase\"><span style=\"font-size: 150%;\"><strong>Ibballooning Boden- <span class=\"fancy-underline\">Team<\/span><\/strong><\/span><\/h2>\n\t\t\n<style>\n#text-546873590 {\n  text-align: center;\n}\n<\/style>\n\t<\/div>\n\t\n\n  <div class=\"banner has-hover\" id=\"banner-1323368576\">\n          <div class=\"banner-inner fill\">\n        <div class=\"banner-bg fill\" >\n            <img loading=\"lazy\" decoding=\"async\" width=\"2048\" height=\"1365\" src=\"https:\/\/ibballooning.net\/wp-content\/uploads\/2025\/03\/113A8270.jpg\" class=\"bg attachment-original size-original\" alt=\"Equipo tierra IBBallooning\" \/>                        <div class=\"overlay\"><\/div>            \n                    <\/div>\n\t\t\t<div class=\"ux-shape-divider ux-shape-divider--top ux-shape-divider--style-curve-opacity\">\n\t\t<svg viewBox=\"0 0 1000 100\" xmlns=\"http:\/\/www.w3.org\/2000\/svg\" preserveAspectRatio=\"none\">\n\t\t<path class=\"ux-shape-fill\" opacity=\"0.15\" d=\"M0 14C0 14 88.64 17.48 300 50C560 90 814 77 1003 40L1015 68L1018 104H0V14Z\"\/>\n\t\t<path class=\"ux-shape-fill\" opacity=\"0.3\" d=\"M0 45C0 45 271 90.13 500 77C657 68 830 30 1015 14V100H0V45Z\"\/>\n\t\t<path class=\"ux-shape-fill\" d=\"M0 58C0 58 188.29 90 508 90C798 90 1002 55 1002 55V100H0V58Z\"\/>\n<\/svg>\n\t<\/div>\n\n        <div class=\"banner-layers container\">\n            <div class=\"fill banner-link\"><\/div>            \n\n   <div id=\"text-box-1697444523\" class=\"text-box banner-layer x50 md-x50 lg-x50 y50 md-y50 lg-y50 res-text\">\n                                <div class=\"text-box-content text dark\">\n              \n              <div class=\"text-inner text-center\">\n                  \n\n\n              <\/div>\n           <\/div>\n                            \n<style>\n#text-box-1697444523 {\n  width: 60%;\n}\n#text-box-1697444523 .text-box-content {\n  font-size: 100%;\n}\n@media (min-width:550px) {\n  #text-box-1697444523 {\n    width: 60%;\n  }\n}\n<\/style>\n    <\/div>\n \n\n        <\/div>\n      <\/div>\n\n            \n<style>\n#banner-1323368576 {\n  padding-top: 500px;\n}\n#banner-1323368576 .overlay {\n  background-color: rgba(0, 0, 0, 0.17);\n}\n#banner-1323368576 .banner-bg img {\n  object-position: 31% 39%;\n}\n#banner-1323368576 .ux-shape-divider--top svg {\n  height: 150px;\n  --divider-top-width: 100%;\n}\n<\/style>\n  <\/div>\n\n\n\n","protected":false},"excerpt":{"rendered":"","protected":false},"author":1,"featured_media":353,"parent":0,"menu_order":0,"comment_status":"closed","ping_status":"closed","template":"page-transparent-header-light.php","meta":{"footnotes":""},"class_list":["post-1068","page","type-page","status-publish","has-post-thumbnail","hentry"],"jetpack_sharing_enabled":true,"_links":{"self":[{"href":"https:\/\/ibballooning.net\/de\/wp-json\/wp\/v2\/pages\/1068","targetHints":{"allow":["GET"]}}],"collection":[{"href":"https:\/\/ibballooning.net\/de\/wp-json\/wp\/v2\/pages"}],"about":[{"href":"https:\/\/ibballooning.net\/de\/wp-json\/wp\/v2\/types\/page"}],"author":[{"embeddable":true,"href":"https:\/\/ibballooning.net\/de\/wp-json\/wp\/v2\/users\/1"}],"replies":[{"embeddable":true,"href":"https:\/\/ibballooning.net\/de\/wp-json\/wp\/v2\/comments?post=1068"}],"version-history":[{"count":0,"href":"https:\/\/ibballooning.net\/de\/wp-json\/wp\/v2\/pages\/1068\/revisions"}],"wp:featuredmedia":[{"embeddable":true,"href":"https:\/\/ibballooning.net\/de\/wp-json\/wp\/v2\/media\/353"}],"wp:attachment":[{"href":"https:\/\/ibballooning.net\/de\/wp-json\/wp\/v2\/media?parent=1068"}],"curies":[{"name":"wp","href":"https:\/\/api.w.org\/{rel}","templated":true}]}}