
{"id":1061,"date":"2025-03-13T16:42:35","date_gmt":"2025-03-13T15:42:35","guid":{"rendered":"https:\/\/ibballooning.net\/erklaerung-zur-zugaenglichkeit\/"},"modified":"2025-04-01T12:34:34","modified_gmt":"2025-04-01T10:34:34","slug":"erklaerung-zur-zugaenglichkeit","status":"publish","type":"page","link":"https:\/\/ibballooning.net\/de\/erklaerung-zur-zugaenglichkeit\/","title":{"rendered":"Erkl\u00e4rung zur Zug\u00e4nglichkeit"},"content":{"rendered":"\n<h1 class=\"entry-title main_title\">Erkl\u00e4rung zur Zug\u00e4nglichkeit<\/h1>\n<p>Die Organisation ILLES BALEARS BALLOONING hat sich verpflichtet, www.ibballooning.net gem\u00e4\u00df dem K\u00f6niglichen Dekret 1112\/2018 vom 7. September \u00fcber die Zug\u00e4nglichkeit von Websites und Anwendungen des \u00f6ffentlichen Sektors f\u00fcr mobile Ger\u00e4te zug\u00e4nglich zu machen.<\/p>\n<p>Diese Erkl\u00e4rung zur Zug\u00e4nglichkeit gilt f\u00fcr die Website www.ibballooning.net<\/p>\n<p>Diese Website ist vollst\u00e4ndig konform mit der RD 1112\/2018.<\/p>\n\n\n","protected":false},"excerpt":{"rendered":"","protected":false},"author":1,"featured_media":0,"parent":0,"menu_order":0,"comment_status":"closed","ping_status":"closed","template":"","meta":{"footnotes":""},"class_list":["post-1061","page","type-page","status-publish","hentry"],"jetpack_sharing_enabled":true,"_links":{"self":[{"href":"https:\/\/ibballooning.net\/de\/wp-json\/wp\/v2\/pages\/1061","targetHints":{"allow":["GET"]}}],"collection":[{"href":"https:\/\/ibballooning.net\/de\/wp-json\/wp\/v2\/pages"}],"about":[{"href":"https:\/\/ibballooning.net\/de\/wp-json\/wp\/v2\/types\/page"}],"author":[{"embeddable":true,"href":"https:\/\/ibballooning.net\/de\/wp-json\/wp\/v2\/users\/1"}],"replies":[{"embeddable":true,"href":"https:\/\/ibballooning.net\/de\/wp-json\/wp\/v2\/comments?post=1061"}],"version-history":[{"count":4,"href":"https:\/\/ibballooning.net\/de\/wp-json\/wp\/v2\/pages\/1061\/revisions"}],"predecessor-version":[{"id":2525,"href":"https:\/\/ibballooning.net\/de\/wp-json\/wp\/v2\/pages\/1061\/revisions\/2525"}],"wp:attachment":[{"href":"https:\/\/ibballooning.net\/de\/wp-json\/wp\/v2\/media?parent=1061"}],"curies":[{"name":"wp","href":"https:\/\/api.w.org\/{rel}","templated":true}]}}