
{"id":1059,"date":"2025-03-13T16:35:03","date_gmt":"2025-03-13T15:35:03","guid":{"rendered":"https:\/\/ibballooning.net\/allgemeine-bedingungen-und-konditionen\/"},"modified":"2025-04-01T12:35:37","modified_gmt":"2025-04-01T10:35:37","slug":"allgemeine-bedingungen-und-konditionen","status":"publish","type":"page","link":"https:\/\/ibballooning.net\/de\/allgemeine-bedingungen-und-konditionen\/","title":{"rendered":"Allgemeine Bedingungen und Konditionen"},"content":{"rendered":"\n<h3>ALLGEMEINE BEDINGUNGEN<\/h3>\n<p><strong>1- Allgemein:<\/strong><\/p>\n<p>Diese allgemeinen Verkaufsbedingungen gelten f\u00fcr alle Verk\u00e4ufe von Produkten, die in Spanien, einschlie\u00dflich der Kanarischen Inseln und der Balearen, von Jordi Aracel, N.I.F. Nummer B57394306, im Folgenden ibballooning.net, an nat\u00fcrliche oder juristische Personen get\u00e4tigt werden.<\/p>\n<p>Jede in ibballooning.net get\u00e4tigte Bestellung impliziert notwendigerweise als wesentliche, bestimmende und unabdingbare Bedingung die vorbehaltlose Annahme der Allgemeinen Verkaufsbedingungen von ibballooning.net, die an dem Tag gelten, an dem die entsprechende Bestellung ausgef\u00fchrt wird. Dar\u00fcber hinaus erkennt der Kunde an, dass die Annahme der vorliegenden Bedingungen ihre Anwendung auf die Bestellung, auf die sie sich beziehen, sowie auf jede nachfolgende Bestellung impliziert, mit Ausnahme der F\u00e4lle, in denen ihm neue Bedingungen von ibballooning.net zur Kenntnis gebracht werden. Die Tatsache, dass ibballooning.net zu einem bestimmten Zeitpunkt nicht auf eine der vorliegenden Bedingungen zur\u00fcckgreift, kann nicht als Verzicht auf die Inanspruchnahme dieser Bedingungen in der Zukunft oder in der Vergangenheit ausgelegt werden.<\/p>\n<p>&#8222;In \u00dcbereinstimmung mit den geltenden Bestimmungen zum Schutz personenbezogener Daten informieren wir Sie dar\u00fcber, dass Ihre Daten in das Verarbeitungssystem von Jordi Aracel mit der NIF B57394306 und Sitz in Calle de&#8217;s Moll 49, Capdepera Baleares, im Folgenden ibballooning.net genannt, aufgenommen werden, um Ihre Anfragen zu beantworten und Ihnen damit zusammenh\u00e4ngende Informationen zuzusenden, die von Interesse sein k\u00f6nnten. In \u00dcbereinstimmung mit der geltenden Gesetzgebung teilt ibballooning.net mit, dass die Daten so lange aufbewahrt werden, wie es f\u00fcr die Einhaltung der oben genannten Vorschriften unbedingt erforderlich ist.<\/p>\n<p>Solange Sie uns nichts anderes mitteilen, gehen wir davon aus, dass Ihre Daten nicht ver\u00e4ndert wurden, dass Sie damit einverstanden sind, uns jede \u00c4nderung mitzuteilen, und dass wir Ihr Einverst\u00e4ndnis haben, sie f\u00fcr die genannten Zwecke zu verwenden. www.ibballooning.net teilt mit, dass es die Daten auf rechtm\u00e4\u00dfige, loyale, transparente, angemessene, relevante, begrenzte, genaue und aktualisierte Weise behandeln wird. Aus diesem Grund verpflichtet sich ibballooning.net, alle angemessenen Ma\u00dfnahmen zu ergreifen, um sicherzustellen, dass diese Daten unverz\u00fcglich gel\u00f6scht oder berichtigt werden, wenn sie unrichtig sind.<\/p>\n<p>Gem\u00e4\u00df den Rechten, die Ihnen die geltende Datenschutzgesetzgebung einr\u00e4umt, k\u00f6nnen Sie Ihre Rechte auf Auskunft, Berichtigung, Einschr\u00e4nkung der Verarbeitung, L\u00f6schung, \u00dcbertragbarkeit und Widerspruch gegen die Verarbeitung Ihrer personenbezogenen Daten sowie Ihre Zustimmung zur Verarbeitung dieser Daten aus\u00fcben, indem Sie Ihre Anfrage an die oben angegebene Postanschrift oder an die E-Mail-Adresse info@ibballooning.net senden.<\/p>\n<p>Im Gegenzug informieren wir Sie, dass Sie sich an den Datenschutzbeauftragten von ibballooning.net wenden k\u00f6nnen, indem Sie an die E-Mail-Adresse info@ibballooning.net schreiben. Sie k\u00f6nnen sich an die zust\u00e4ndige Kontrollbeh\u00f6rde wenden, um die von Ihnen f\u00fcr angemessen erachtete Beschwerde einzureichen. Mit dem Absenden des Datenerfassungsformulars akzeptieren Sie die Datenschutzbestimmungen von ibballooning.net. Mit dem Absenden Ihrer Daten erkl\u00e4ren Sie sich mit dieser Klausel einverstanden.<\/p>\n<p>Anwendbares Recht und zust\u00e4ndige Gerichtsbarkeit. Die Auslegung und Ausf\u00fchrung der Bedingungen sowie alle Handlungen, die sich daraus ergeben, unterliegen dem spanischen Recht, sofern keine anderslautenden Bestimmungen der \u00f6ffentlichen Ordnung vorliegen. In \u00dcbereinstimmung mit den Bestimmungen des RD 152\/2001 vom 13. September 2001 informieren wir Sie dar\u00fcber, dass an unserem Firmensitz in Baleares, Calle de&#8217;s Moll 49, Capdepera Baleares, Beschwerdeformulare f\u00fcr Verbraucher zur Verf\u00fcgung stehen.<\/p>\n<p><strong>2- Preise:<\/strong><\/p>\n<p>Die auf ibballooning.net ver\u00f6ffentlichten Preise sind in Euro angegeben. Alle Preise enthalten die am Tag der Bestellung geltende Mehrwertsteuer. Jede \u00c4nderung des Mehrwertsteuersatzes wird automatisch auf die Preise der auf ibballooning.net zum Verkauf stehenden Produkte angewendet.<\/p>\n<p>Angebote f\u00fcr Produkte, die auf www.ibballooning.net zum Verkauf stehen, werden in der Rubrik &#8222;Angebote&#8220; angezeigt oder in der Produktbeschreibung angegeben und sind, wenn nicht anders angegeben, so lange g\u00fcltig, wie sie auf dem Bildschirm angezeigt werden.<\/p>\n<p><em>3- Verschiedene Zahlungsarten:<\/em><\/p>\n<p>Bei der Bestellung kann der Kunde w\u00e4hlen, ob er seine Eink\u00e4ufe bei ibballooning.net per Bank\u00fcberweisung bezahlen m\u00f6chte:<\/p>\n<p>3.1 Zahlung per Kreditkarte.<br \/>3.2 Zahlung per PayPal.<br \/>3.3 Zahlung per Nachnahme.<br \/>3.4 Zahlung in bar vor dem Flug.<br \/>3.5 Andere Zahlungsarten, f\u00fcr die Sie sich an den Kundendienst wenden sollten.<\/p>\n<p><strong>4- Produkt:<\/strong><\/p>\n<p>Die von ibballooning.net pr\u00e4sentierten Produkte gelten im Rahmen der verf\u00fcgbaren Best\u00e4nde. www.ibballooning.net beh\u00e4lt sich das Recht vor, das Produktsortiment zu \u00e4ndern.<\/p>\n<p><strong>5- Sendungen:<\/strong><\/p>\n<p>Aufgrund der Eigenschaften des Produkts versenden wir nicht.<\/p>\n<p><strong>6- R\u00fcckgabe- und Widerrufsbelehrung<\/strong><\/p>\n<p><strong>6.1 R\u00fcckgabe von Waren:<\/strong><\/p>\n<p>Gem\u00e4\u00df den geltenden Bestimmungen r\u00e4umen wir Ihnen das Recht ein, jeden bei www.ibballooning.net gekauften Artikel zur\u00fcckzusenden. Die Widerrufsfrist betr\u00e4gt 15 Kalendertage ab dem Kaufdatum. Um Ihr Widerrufsrecht auszu\u00fcben, m\u00fcssen Sie uns mittels einer eindeutigen Erkl\u00e4rung (z.B. ein mit der Post versandter Brief, Fax oder E-Mail) \u00fcber Ihren Entschluss, den Vertrag zu widerrufen, informieren. Sie k\u00f6nnen daf\u00fcr das nachstehende Muster-Widerrufsformular verwenden, das jedoch nicht vorgeschrieben ist:<\/p>\n<p>Zu H\u00e4nden von www.ibballooning.net, mit Sitz in Calle de&#8217;s Moll 49, Capdepera Baleares, vertreten durch Jordi Aracel mit NIF B57394306 und E-Mail-Kontakt info@ibballooning.net<\/p>\n<p>Hiermit teile ich Ihnen mit, dass ich von meinem Kaufvertrag f\u00fcr die folgende Immobilie zur\u00fccktrete:<\/p>\n<p>Bestellnummer:<br \/>Datum der Bestellung: __ \/__ \/<\/p>\n<div class=\"is-divider divider clearfix\" ><\/div>\n\n<p>Name oder Artikelbezeichnung:<br \/>Verbraucher- und Benutzerangaben<br \/>Vor- und Nachname(n):<br \/>Adresse:<br \/>Datum und Unterschrift<\/p>\n<p>Zur Wahrung der Widerrufsfrist reicht es aus, dass Sie die Mitteilung \u00fcber die Aus\u00fcbung des Widerrufsrechts vor Ablauf der Widerrufsfrist absenden. Wenn Sie den Vertrag widerrufen, haben wir Ihnen alle Zahlungen, die wir von Ihnen erhalten haben, einschlie\u00dflich der Lieferkosten, unverz\u00fcglich und sp\u00e4testens binnen vierzehn Kalendertagen ab dem Tag zur\u00fcckzuzahlen, an dem die Mitteilung \u00fcber Ihren Entschluss, diesen Vertrag zu widerrufen, bei uns eingegangen ist. F\u00fcr diese R\u00fcckzahlung verwenden wir dasselbe Zahlungsmittel, das Sie bei der urspr\u00fcnglichen Transaktion eingesetzt haben.<\/p>\n<p>Sie haben auch die M\u00f6glichkeit, das Muster-Widerrufsformular oder eine andere eindeutige Erkl\u00e4rung elektronisch auszuf\u00fcllen und \u00fcber unsere Website oder per E-Mail an info@ibballooning.net zu \u00fcbermitteln. Wenn Sie diese M\u00f6glichkeit w\u00e4hlen, werden wir Sie unverz\u00fcglich auf einem dauerhaften Datentr\u00e4ger \u00fcber den Eingang Ihres Widerrufs informieren.<\/p>\n<p>Sie haben die Waren unverz\u00fcglich und in jedem Fall sp\u00e4testens binnen 14 Kalendertagen ab dem Tag, an dem Sie uns \u00fcber den Widerruf dieses Vertrags unterrichten, an die Adresse Calle de&#8217;s Moll 49, Capdepera Baleares zur\u00fcckzusenden oder zu \u00fcbergeben. Die Frist gilt als gewahrt, wenn Sie die Waren vor Ablauf der Frist zur\u00fccksenden.<\/p>\n<p>F\u00fcr den Fall, dass Sie nicht anbieten, die Ware direkt an uns zur\u00fcckzusenden oder zu liefern, bieten wir einen Abholservice durch unseren Logistikdienstleister an. Sie m\u00fcssen die direkten Kosten f\u00fcr die R\u00fccksendung der Ware in H\u00f6he von \u20ac 10 f\u00fcr Sendungen auf der Halbinsel oder \u20ac 30 f\u00fcr Sendungen auf die Balearen \u00fcbernehmen.<\/p>\n<p><strong>6.2 Stornierung der Bestellung:<\/strong><\/p>\n<p><strong>6.2 R\u00fcckerstattung des Betrags:<\/strong><\/p>\n<p>Der Betrag der Bestellung wird auf die gleiche Weise zur\u00fcckerstattet, wie er berechnet wurde.<\/p>\n<p><strong>7- Rechtliche Hinweise auf der Website<\/strong><\/p>\n<p><strong>ZUGANGS- UND BENUTZUNGSBEDINGUNGEN<\/strong><\/p>\n<p>Die Website und ihre Dienste sind frei zug\u00e4nglich und kostenlos; der Eigent\u00fcmer der Website macht jedoch die Nutzung einiger der auf seiner Website angebotenen Dienste von der vorherigen Ausf\u00fcllung des entsprechenden Formulars abh\u00e4ngig.<\/p>\n<p>Der Nutzer garantiert die Echtheit und Aktualit\u00e4t aller Daten, die er dem Eigent\u00fcmer der Website zur Verf\u00fcgung stellt, und ist allein verantwortlich f\u00fcr falsche oder ungenaue Angaben.<\/p>\n<p>Der Benutzer verpflichtet sich ausdr\u00fccklich dazu, die Inhalte und Dienste des Eigent\u00fcmers der Website angemessen zu nutzen und sie nicht zu verwenden, um u.a.:<\/p>\n<p>Verbreitung von kriminellen, gewaltt\u00e4tigen, pornografischen, rassistischen, fremdenfeindlichen, beleidigenden, terroristischen Entschuldigungen oder allgemein von Inhalten, die gegen das Gesetz oder die \u00f6ffentliche Ordnung versto\u00dfen.<\/p>\n<p>Computerviren in das Netzwerk einzuschleusen oder Handlungen vorzunehmen, die geeignet sind, elektronische Dokumente, Daten oder physische und logische Systeme des Eigent\u00fcmers der Website oder Dritter zu ver\u00e4ndern, zu verderben, zu unterbrechen oder Fehler oder Sch\u00e4den zu verursachen; sowie den Zugang anderer Nutzer zur Website und ihren Diensten durch den massiven Verbrauch von Computerressourcen zu behindern, \u00fcber die der Eigent\u00fcmer der Website seine Dienste bereitstellt.<\/p>\n<p>Versuchen, auf die E-Mail-Konten anderer Benutzer oder eingeschr\u00e4nkte Bereiche der Computersysteme des Eigent\u00fcmers der Website oder Dritter zuzugreifen und gegebenenfalls Informationen zu entnehmen.<\/p>\n<p>die Rechte an geistigem oder gewerblichem Eigentum verletzen sowie die Vertraulichkeit der Informationen des Eigent\u00fcmers der Website oder Dritter verletzen. Die Identit\u00e4t eines anderen Benutzers, einer \u00f6ffentlichen Verwaltung oder einer dritten Partei vorzut\u00e4uschen.<\/p>\n<p>die Inhalte zu vervielf\u00e4ltigen, zu kopieren, zu verbreiten, zur Verf\u00fcgung zu stellen oder in sonstiger Weise \u00f6ffentlich wiederzugeben, umzuwandeln oder zu ver\u00e4ndern, es sei denn, der Inhaber der entsprechenden Rechte hat dies genehmigt oder es ist gesetzlich erlaubt.<\/p>\n<p>Daten f\u00fcr Werbezwecke zu sammeln und Werbung jeglicher Art und Mitteilungen f\u00fcr den Verkauf oder andere kommerzielle Zwecke ohne vorherige Anfrage oder Zustimmung zu versenden.<\/p>\n<p>Alle Inhalte der Website, wie Texte, Fotografien, Grafiken, Bilder, Icons, Technologie, Software sowie das grafische Design und die Quellcodes, stellen ein Werk dar, das Eigentum des Eigent\u00fcmers der Website ist, und keines der Nutzungsrechte daran kann so verstanden werden, dass es auf den Nutzer \u00fcbertragen wird, au\u00dfer dem, was f\u00fcr die korrekte Nutzung der Website unbedingt erforderlich ist.<\/p>\n<p>Kurz gesagt, die Nutzer, die auf diese Website zugreifen, k\u00f6nnen die Inhalte einsehen und gegebenenfalls genehmigte Privatkopien anfertigen, sofern die reproduzierten Elemente anschlie\u00dfend nicht an Dritte weitergegeben werden, noch auf Servern installiert werden, die an Netzwerke angeschlossen sind, noch irgendeiner Art von Verwertung unterliegen. Ebenso sind alle Marken, Handelsnamen oder Unterscheidungszeichen jeglicher Art, die auf der Website erscheinen, Eigentum des Eigent\u00fcmers der Website, und es kann nicht davon ausgegangen werden, dass die Nutzung oder der Zugang zu ihnen dem Nutzer irgendein Recht an ihnen verleiht.<\/p>\n<p>Die Verbreitung, Ver\u00e4nderung, \u00dcbertragung oder \u00f6ffentliche Wiedergabe der Inhalte sowie jede andere Handlung, die nicht ausdr\u00fccklich vom Inhaber der Verwertungsrechte genehmigt wurde, ist verboten.<\/p>\n<p>Die Einrichtung eines Hyperlinks impliziert in keinem Fall das Bestehen einer Beziehung zwischen dem Eigent\u00fcmer der Website und dem Eigent\u00fcmer der Website, auf der er eingerichtet ist, noch die Akzeptanz und Zustimmung des Eigent\u00fcmers der Website zu deren Inhalten oder Dienstleistungen. Personen, die beabsichtigen, einen Hyperlink einzurichten, m\u00fcssen die vorherige schriftliche Genehmigung des Eigent\u00fcmers der Website einholen. In jedem Fall darf der Hyperlink nur den Zugriff auf die Homepage oder die Startseite unserer Website erm\u00f6glichen und darf keine falschen, ungenauen oder inkorrekten Aussagen oder Angaben \u00fcber den Eigent\u00fcmer der Website machen oder illegale Inhalte enthalten, die gegen die guten Sitten und die \u00f6ffentliche Ordnung versto\u00dfen. Der Eigent\u00fcmer der Website ist nicht verantwortlich f\u00fcr die Nutzung der auf dieser Website zur Verf\u00fcgung gestellten Materialien durch die einzelnen Benutzer oder f\u00fcr die Handlungen, die auf der Grundlage dieser Materialien durchgef\u00fchrt werden.<\/p>\n<p><strong>AUSSCHLUSS VON GARANTIEN UND HAFTUNG<\/strong><\/p>\n<p>Der Inhalt dieser Website ist allgemeiner Natur und dient nur zu Informationszwecken. Der Zugang zu allen Inhalten wird nicht in vollem Umfang garantiert, ebenso wenig wie deren Vollst\u00e4ndigkeit, Richtigkeit, G\u00fcltigkeit oder Aktualit\u00e4t, noch deren Eignung oder N\u00fctzlichkeit f\u00fcr einen bestimmten Zweck.<\/p>\n<p>Der Eigent\u00fcmer der Website schlie\u00dft, soweit gesetzlich zul\u00e4ssig, jegliche Haftung f\u00fcr Sch\u00e4den jeglicher Art aus, die sich aus:<\/p>\n<p>Die Unm\u00f6glichkeit des Zugriffs auf die Website oder der Mangel an Wahrhaftigkeit, Genauigkeit, Vollst\u00e4ndigkeit und\/oder Aktualit\u00e4t der Inhalte sowie das Vorhandensein von M\u00e4ngeln und Fehlern jeglicher Art in den \u00fcbermittelten, verbreiteten, gespeicherten und denjenigen zur Verf\u00fcgung gestellten Inhalten, die \u00fcber die Website oder die angebotenen Dienstleistungen zugegriffen haben.<\/p>\n<p>Das Vorhandensein von Viren oder anderen Elementen in den Inhalten, die Ver\u00e4nderungen in Computersystemen, elektronischen Dokumenten oder Benutzerdaten verursachen k\u00f6nnen.<\/p>\n<p>Die Nichteinhaltung von Gesetzen, Treu und Glauben, der \u00f6ffentlichen Ordnung, des Verkehrsgebrauchs und des vorliegenden rechtlichen Hinweises als Folge einer unsachgem\u00e4\u00dfen Nutzung der Website. Insbesondere und beispielhaft ist der Eigent\u00fcmer der Website nicht verantwortlich f\u00fcr Handlungen Dritter, die geistige und gewerbliche Eigentumsrechte, Gesch\u00e4ftsgeheimnisse, das Recht auf Ehre, die pers\u00f6nliche und famili\u00e4re Privatsph\u00e4re und das Selbstbild verletzen, sowie f\u00fcr die Vorschriften \u00fcber unlauteren Wettbewerb und illegale Werbung.<\/p>\n<p>Ebenso lehnt der Eigent\u00fcmer der Website jede Verantwortung f\u00fcr Informationen ab, die au\u00dferhalb dieser Website liegen und nicht direkt von unserem Webmaster verwaltet werden. Die Funktion der Links, die auf dieser Website erscheinen, besteht ausschlie\u00dflich darin, den Benutzer \u00fcber das Vorhandensein anderer Quellen zu informieren, die die von dieser Website angebotenen Inhalte erweitern k\u00f6nnen. Der Eigent\u00fcmer der Website garantiert nicht f\u00fcr den Betrieb oder die Zug\u00e4nglichkeit der verlinkten Websites und ist auch nicht f\u00fcr den Besuch dieser Websites verantwortlich; er schl\u00e4gt auch nicht vor, l\u00e4dt nicht dazu ein und empfiehlt nicht den Besuch dieser Websites, so dass er auch nicht f\u00fcr das erzielte Ergebnis verantwortlich ist.<\/p>\n<p><strong>DATENSCHUTZPOLITIK<\/strong><\/p>\n<p>Wenn wir Informationen von Ihnen ben\u00f6tigen, werden wir Sie immer bitten, diese freiwillig und ausdr\u00fccklich anzugeben. Die \u00fcber die Datenerfassungsformulare auf der Website oder auf anderem Wege gesammelten Daten werden in die Verarbeitungssysteme des Eigent\u00fcmers der Website aufgenommen. Dieser behandelt die Daten vertraulich und ausschlie\u00dflich zum Zweck der Erbringung der angeforderten Dienstleistungen, mit allen rechtlichen und sicherheitstechnischen Garantien, die durch die Verordnung (EU) 2016\/679 des Europ\u00e4ischen Parlaments und des Rates sowie durch alle jederzeit geltenden Rechtsvorschriften zum Schutz personenbezogener Daten vorgeschrieben sind.<\/p>\n<p>Der Inhaber der Website verpflichtet sich, die Daten nicht ohne Ihre ausdr\u00fcckliche Zustimmung an Dritte zu \u00fcbertragen, zu verkaufen oder weiterzugeben.<\/p>\n<p>Au\u00dferdem werden die Daten gem\u00e4\u00df den Bestimmungen der EU-Verordnung 2016\/679 gel\u00f6scht oder berichtigt, wenn sie unrichtig oder unvollst\u00e4ndig sind oder f\u00fcr ihren Zweck nicht mehr erforderlich oder relevant sind.<\/p>\n<p>Der Nutzer kann die erteilte Einwilligung widerrufen und die Rechte auf Zugang, L\u00f6schung, Einschr\u00e4nkung, Berichtigung, \u00dcbertragbarkeit und Widerspruch aus\u00fcben, indem er sich an Jordi Aracel in der Calle de&#8217;s Moll 49, Capdepera Baleares, wendet, sich ordnungsgem\u00e4\u00df identifiziert und das spezifische Recht, das er aus\u00fcbt, sichtbar angibt.<\/p>\n<p>Der Eigent\u00fcmer der Website wendet die entsprechenden Sicherheitsniveaus an, die von der EU-Verordnung 2016\/679 und anderen geltenden Vorschriften gefordert werden.<\/p>\n<p>Sie \u00fcbernimmt jedoch keine Haftung f\u00fcr Sch\u00e4den, die durch Ver\u00e4nderungen entstehen, die Dritte an den Computersystemen, elektronischen Dokumenten oder Dateien des Nutzers vornehmen.<\/p>\n<p>Der Eigent\u00fcmer der Website kann w\u00e4hrend der Bereitstellung der Website-Dienste Cookies verwenden. Cookies sind physische Dateien mit pers\u00f6nlichen Informationen, die auf dem Endger\u00e4t des Nutzers gespeichert werden. Der Nutzer hat die M\u00f6glichkeit, seinen Browser so zu konfigurieren, dass er die Erstellung von Cookie-Dateien verhindert oder vor deren Erstellung warnt. Der Nutzer wird jederzeit \u00fcber die Verwendung dieser Dateien sowie \u00fcber das Verfahren zu deren Beseitigung oder \u00c4nderung in den verschiedenen Browsern informiert.<\/p>\n<p>Wenn Sie unsere Website \u00fcber Links zu Websites verlassen, die nicht zu uns geh\u00f6ren, ist der Eigent\u00fcmer der Website nicht f\u00fcr die Datenschutzrichtlinien dieser Websites oder f\u00fcr Cookies verantwortlich, die auf Ihrem Computer gespeichert werden. Unsere Politik in Bezug auf E-Mails besteht darin, nur Mitteilungen zu versenden, die Sie angefordert haben. Wenn Sie es vorziehen, diese Nachrichten nicht per E-Mail zu erhalten, bieten wir Ihnen die M\u00f6glichkeit, von Ihrem Recht Gebrauch zu machen, diese Nachrichten abzubestellen und nicht mehr zu erhalten.<\/p>\n<p><strong>VERFAHREN IM FALLE RECHTSWIDRIGER AKTIVIT\u00c4TEN<\/strong><\/p>\n<p>F\u00fcr den Fall, dass ein Nutzer oder ein Dritter der Ansicht ist, dass es Tatsachen oder Umst\u00e4nde gibt, die den rechtswidrigen Charakter der Nutzung von Inhalten und\/oder der Durchf\u00fchrung von Aktivit\u00e4ten auf den in der Website enthaltenen oder \u00fcber die Website zug\u00e4nglichen Webseiten erkennen lassen, muss er eine Mitteilung an den Inhaber der Website senden, in der er sich ordnungsgem\u00e4\u00df identifiziert, die mutma\u00dflichen Verst\u00f6\u00dfe angibt und ausdr\u00fccklich unter seiner Verantwortung erkl\u00e4rt, dass die in der Mitteilung gemachten Angaben korrekt sind. F\u00fcr alle Rechtsstreitigkeiten, die die Website des Eigent\u00fcmers betreffen, gilt die spanische Gesetzgebung, und die Gerichte der Balearen (Spanien) sind zust\u00e4ndig.<\/p>\n<p><strong>PUBLIKATIONEN<\/strong><\/p>\n<p>Die \u00fcber die Website zur Verf\u00fcgung gestellten Verwaltungsinformationen ersetzen nicht die rechtliche Ver\u00f6ffentlichung von Gesetzen, Verordnungen, Pl\u00e4nen, allgemeinen Bestimmungen und Akten, die f\u00f6rmlich in den Amtsbl\u00e4ttern der \u00f6ffentlichen Verwaltungen ver\u00f6ffentlicht werden m\u00fcssen, die das einzige Instrument sind, das ihre Authentizit\u00e4t und ihren Inhalt best\u00e4tigt. Die auf dieser Website verf\u00fcgbaren Informationen sind als Leitfaden zu verstehen, der keine rechtliche G\u00fcltigkeit hat.<\/p>\n<p>F\u00fcr weitere Informationen oder wenn Sie Zweifel an dieser Cookie-Richtlinie haben, k\u00f6nnen Sie uns per E-Mail unter info@ibballooning.net kontaktieren.<\/p>\n\n\n","protected":false},"excerpt":{"rendered":"","protected":false},"author":1,"featured_media":0,"parent":0,"menu_order":0,"comment_status":"closed","ping_status":"closed","template":"","meta":{"footnotes":""},"class_list":["post-1059","page","type-page","status-publish","hentry"],"jetpack_sharing_enabled":true,"_links":{"self":[{"href":"https:\/\/ibballooning.net\/de\/wp-json\/wp\/v2\/pages\/1059","targetHints":{"allow":["GET"]}}],"collection":[{"href":"https:\/\/ibballooning.net\/de\/wp-json\/wp\/v2\/pages"}],"about":[{"href":"https:\/\/ibballooning.net\/de\/wp-json\/wp\/v2\/types\/page"}],"author":[{"embeddable":true,"href":"https:\/\/ibballooning.net\/de\/wp-json\/wp\/v2\/users\/1"}],"replies":[{"embeddable":true,"href":"https:\/\/ibballooning.net\/de\/wp-json\/wp\/v2\/comments?post=1059"}],"version-history":[{"count":3,"href":"https:\/\/ibballooning.net\/de\/wp-json\/wp\/v2\/pages\/1059\/revisions"}],"predecessor-version":[{"id":2526,"href":"https:\/\/ibballooning.net\/de\/wp-json\/wp\/v2\/pages\/1059\/revisions\/2526"}],"wp:attachment":[{"href":"https:\/\/ibballooning.net\/de\/wp-json\/wp\/v2\/media?parent=1059"}],"curies":[{"name":"wp","href":"https:\/\/api.w.org\/{rel}","templated":true}]}}