
{"id":1054,"date":"2025-03-13T15:19:10","date_gmt":"2025-03-13T14:19:10","guid":{"rendered":"https:\/\/ibballooning.net\/rechtlicher-hinweis\/"},"modified":"2025-03-30T16:10:57","modified_gmt":"2025-03-30T14:10:57","slug":"rechtlicher-hinweis","status":"publish","type":"page","link":"https:\/\/ibballooning.net\/de\/rechtlicher-hinweis\/","title":{"rendered":"Rechtlicher Hinweis"},"content":{"rendered":"\n<h4>RECHTLICHER HINWEIS<\/h4>\n<div class=\"et_pb_module et_pb_text et_pb_text_0 et_pb_text_align_left et_pb_bg_layout_light\">\n<div class=\"et_pb_text_inner\">\n<p><strong>Eigentum an der Website<\/strong><\/p>\n<p>Gem\u00e4\u00df den Bestimmungen von Artikel 10 des Gesetzes 34\/2002 vom 11. Juli \u00fcber die Dienste der Informationsgesellschaft und den elektronischen Handel teilen wir Ihnen mit, dass www.ibballooning.net eine Domain des Unternehmens ILLES BALEARS BALLOONING SL ist, mit eingetragenem Sitz in CALLE DE&#8217;S MOLL, 49 &#8211; 07590 Capdepera.<\/p>\n<p><strong>Datenschutz<\/strong><\/p>\n<p>In \u00dcbereinstimmung mit den Bestimmungen des Gesetzes 15\/1999 vom 13. Dezember \u00fcber den Schutz personenbezogener Daten informiert ILLES BALEARS BALLOONING SL seine Kunden dar\u00fcber, dass alle personenbezogenen Daten, die \u00fcber die Website oder auf anderem Wege \u00fcbermittelt werden, in eine automatisierte Datei mit personenbezogenen Daten aufgenommen werden, die unter der Verantwortung von ILLES BALEARS BALLOONING SL erstellt und gepflegt wird.<\/p>\n<p>Der Zweck dieser Datei ist es, die Verwaltung der jeweils bestehenden Gesch\u00e4ftsbeziehung zu erleichtern und in Zukunft kommerzielle Angebote \u00fcber Produkte und Dienstleistungen, die f\u00fcr unsere Kunden von Interesse sein k\u00f6nnten, zu versenden. ILLES BALEARS BALLOONING SL, garantiert die Sicherheit und Vertraulichkeit der \u00fcbermittelten Daten. Auf diese Weise verpflichtet sie sich, ihrer Verpflichtung zur Geheimhaltung der pers\u00f6nlichen Daten und ihrer Pflicht, diese zu sch\u00fctzen, nachzukommen und alle notwendigen Ma\u00dfnahmen zu ergreifen, um ihre Ver\u00e4nderung, ihren Verlust, ihre Behandlung oder ihre unbefugte Nutzung zu verhindern. Daher werden alle Informationen \u00fcber unsere Kunden nicht zu kommerziellen Zwecken verwendet oder an Dritte weitergegeben. Die Kunden von ILLES BALEARS BALLOONING SL k\u00f6nnen jederzeit ihr Recht auf Zugang, Berichtigung, L\u00f6schung und Widerspruch aus\u00fcben, indem sie an unsere Postanschrift oder E-Mail-Adresse schreiben.<\/p>\n<p><strong>Web-Inhalt<\/strong><\/p>\n<p>Der Nutzer greift freiwillig auf diese Website zu. Der Zugriff auf diese Website und das Browsen auf ihr setzt die Akzeptanz und Kenntnis der darin enthaltenen rechtlichen Hinweise, Bedingungen und Nutzungsbedingungen voraus. Der Zugriff auf diese Website stellt keine Gesch\u00e4ftsbeziehung zwischen ILLES BALEARS BALLOONING SL und dem Benutzer dar.<\/p>\n<p>ILLES BALEARS BALLOONING SL ist nicht verantwortlich f\u00fcr den Missbrauch der Inhalte unserer Website, die alleinige Verantwortung liegt bei der Person, die darauf zugreift oder sie nutzt. Wir \u00fcbernehmen auch keine Verantwortung f\u00fcr die Informationen, die auf den Websites Dritter enthalten sind, die \u00fcber Links oder Suchmaschinen von der Website www.ibballooning.net aus aufgerufen werden k\u00f6nnen .<\/p>\n<p>Das Vorhandensein dieser Links auf der Website dient nur zu Informationszwecken und stellt in keinem Fall eine Aufforderung zum Kauf von Produkten oder Dienstleistungen dar, die auf der Ziel-Website angeboten werden.<br \/>ILLES BALEARS BALLOONING SL beh\u00e4lt sich das Recht vor, die auf seiner Website enthaltenen Informationen sowie deren Konfiguration oder Pr\u00e4sentation jederzeit und ohne vorherige Ank\u00fcndigung zu aktualisieren, zu \u00e4ndern oder zu l\u00f6schen, ohne daf\u00fcr die Verantwortung zu \u00fcbernehmen.<\/p>\n<p><strong>Verantwortung<\/strong><\/p>\n<p>ILLES BALEARS BALLOONING SL \u00fcbernimmt keine Haftung f\u00fcr technische Probleme oder Ausf\u00e4lle von Computeranlagen, die nicht unserem Unternehmen zuzuschreiben sind und die w\u00e4hrend der Verbindung mit dem Internet auftreten, sowie f\u00fcr Sch\u00e4den, die von Dritten durch illegale Eingriffe au\u00dferhalb der Kontrolle von ILLES BALEARS BALLOONING SL verursacht werden.<\/p>\n<p>Wir sind auch nicht verantwortlich f\u00fcr einen eventuellen Missbrauch dieser Website. ILLES BALEARS BALLOONING SL garantiert nicht die Abwesenheit von Viren oder anderen Elementen, die Sch\u00e4den an Computersystemen, elektronischen Dokumenten oder Benutzerdateien auf dieser Website oder auf Websites Dritter verursachen k\u00f6nnten. Wir sind daher nicht f\u00fcr Sch\u00e4den verantwortlich, die aus diesen Gr\u00fcnden entstehen k\u00f6nnten.<\/p>\n<p>Wir lehnen auch jede Haftung f\u00fcr Verluste oder Sch\u00e4den ab, die Sie infolge von Fehlern, M\u00e4ngeln oder Auslassungen in den von uns bereitgestellten Informationen erleiden, wenn diese aus externen Quellen stammen.<\/p>\n<p><strong>Gesetzgebung<\/strong><\/p>\n<p>Im Allgemeinen unterliegen die Beziehungen zu unseren Kunden, die sich aus der Bereitstellung der auf unserer Website enthaltenen Dienstleistungen ergeben, der spanischen Gesetzgebung und Rechtsprechung.<\/p>\n<p>Die Nutzer unserer Website sind sich des Vorstehenden bewusst und akzeptieren es freiwillig.<\/p>\n<p><strong>Steuerliche Daten<\/strong><\/p>\n<p>ILLES BALEARS BALLOONING SL<br \/>Calle Des Moll 49<br \/>07590 &#8211; Capdepera<br \/>Baleares &#8211; Spanien<\/p>\n<\/div>\n<\/div>\n\n","protected":false},"excerpt":{"rendered":"","protected":false},"author":1,"featured_media":0,"parent":0,"menu_order":0,"comment_status":"closed","ping_status":"closed","template":"","meta":{"footnotes":""},"class_list":["post-1054","page","type-page","status-publish","hentry"],"jetpack_sharing_enabled":true,"_links":{"self":[{"href":"https:\/\/ibballooning.net\/de\/wp-json\/wp\/v2\/pages\/1054","targetHints":{"allow":["GET"]}}],"collection":[{"href":"https:\/\/ibballooning.net\/de\/wp-json\/wp\/v2\/pages"}],"about":[{"href":"https:\/\/ibballooning.net\/de\/wp-json\/wp\/v2\/types\/page"}],"author":[{"embeddable":true,"href":"https:\/\/ibballooning.net\/de\/wp-json\/wp\/v2\/users\/1"}],"replies":[{"embeddable":true,"href":"https:\/\/ibballooning.net\/de\/wp-json\/wp\/v2\/comments?post=1054"}],"version-history":[{"count":2,"href":"https:\/\/ibballooning.net\/de\/wp-json\/wp\/v2\/pages\/1054\/revisions"}],"predecessor-version":[{"id":2409,"href":"https:\/\/ibballooning.net\/de\/wp-json\/wp\/v2\/pages\/1054\/revisions\/2409"}],"wp:attachment":[{"href":"https:\/\/ibballooning.net\/de\/wp-json\/wp\/v2\/media?parent=1054"}],"curies":[{"name":"wp","href":"https:\/\/api.w.org\/{rel}","templated":true}]}}