
{"id":7447,"date":"2025-03-27T10:14:39","date_gmt":"2025-03-27T09:14:39","guid":{"rendered":"https:\/\/ibballooning.net\/product\/regala-un-vol-amb-globus-privat\/"},"modified":"2025-03-27T10:14:39","modified_gmt":"2025-03-27T09:14:39","slug":"regala-un-vol-amb-globus-privat","status":"publish","type":"product","link":"https:\/\/ibballooning.net\/ca\/product\/regala-un-vol-amb-globus-privat\/","title":{"rendered":"Regala un vol amb globus privat"},"content":{"rendered":"<p><strong>A l&#8217;elecci\u00f3 d&#8217;un bon pla<\/strong><\/p>\n<p>El vol \u201cnom\u00e9s per a 2\u201d \u00e9s la nostra especialitat ja que \u00e9s el mes rom\u00e0ntic i assegura privacitat, entre els nostres clients tamb\u00e9 hi ha famosos i personalitats de l&#8217;illa que ens han contractat per la intimitat que oferim. Tamb\u00e9 pot reservar vol privat per a mes persones si s\u00f3n un a fam\u00edlia o grup d&#8217;amics que volen celebrar el vol en privat.<\/p>\n<hr>\n<p><em>Regala un vol amb globus aerost\u00e0tic<\/em><\/p>\n<p>Tria el vol que vulguis regalar, el nombre de persones i completa la informaci\u00f3 amb el nom i el missatge per al teu PDF Regal. El PDF regal ho rebr\u00e0s autom\u00e0ticament per email*.<\/p>\n<p>* Si vols que el regal arribi directament a la persona introdueix el seu email. En cas contrari, introdueix l&#8217;email del comprador.<\/p>\n<hr>\n<p><em>Els vols amb globus depenen de la meteorologia.<u><\/u><u><\/u><\/em><\/p>\n<p><em>Un dia abans del vol els pilots decidiran si les condicions s\u00f3n \u00f2ptimes i els confirmaran el vol, el punt de trobada i l&#8217;hora. <u><\/u><u><\/u>Aix\u00f2 pot variar segons la direcci\u00f3 del vent i l&#8217;\u00e8poca de l&#8217;any. Tenim diferents punts d&#8217;enlairament i l&#8217;alba i l&#8217;oc\u00e0s marquen l&#8217;hora de sortida <u><\/u><u><\/u>Si no es pot volar es busca data alternativa o es retorna el pagament.<\/em><\/p>\n<hr>\n<p>ZONES DE VOL<\/p>\n<figure id=\"attachment_1309\" class=\"wp-caption alignnone\" aria-describedby=\"caption-attachment-1309\"><img loading=\"lazy\" decoding=\"async\" class=\"wp-image-1309 size-large lazy-load-active\" src=\"https:\/\/ibballooning.net\/wp-content\/uploads\/2025\/02\/Mapa-Flight-zones-Ib-Ballooning-800x800.png\" sizes=\"auto, (max-width: 800px) 100vw, 800px\" srcset=\"https:\/\/ibballooning.net\/wp-content\/uploads\/2025\/02\/Mapa-Flight-zones-Ib-Ballooning-800x800.png 800w, https:\/\/ibballooning.net\/wp-content\/uploads\/2025\/02\/Mapa-Flight-zones-Ib-Ballooning-400x400.png 400w, https:\/\/ibballooning.net\/wp-content\/uploads\/2025\/02\/Mapa-Flight-zones-Ib-Ballooning-280x280.png 280w, https:\/\/ibballooning.net\/wp-content\/uploads\/2025\/02\/Mapa-Flight-zones-Ib-Ballooning-768x768.png 768w, https:\/\/ibballooning.net\/wp-content\/uploads\/2025\/02\/Mapa-Flight-zones-Ib-Ballooning-300x300.png 300w, https:\/\/ibballooning.net\/wp-content\/uploads\/2025\/02\/Mapa-Flight-zones-Ib-Ballooning-600x600.png 600w, https:\/\/ibballooning.net\/wp-content\/uploads\/2025\/02\/Mapa-Flight-zones-Ib-Ballooning-100x100.png 100w, https:\/\/ibballooning.net\/wp-content\/uploads\/2025\/02\/Mapa-Flight-zones-Ib-Ballooning.png 1081w\" alt=\"\u00c0rea de vol Mallorca\" width=\"800\" height=\"800\" data-src=\"https:\/\/ibballooning.net\/wp-content\/uploads\/2025\/02\/Mapa-Flight-zones-Ib-Ballooning-800x800.png\" data-srcset=\"https:\/\/ibballooning.net\/wp-content\/uploads\/2025\/02\/Mapa-Flight-zones-Ib-Ballooning-800x800.png 800w, https:\/\/ibballooning.net\/wp-content\/uploads\/2025\/02\/Mapa-Flight-zones-Ib-Ballooning-400x400.png 400w, https:\/\/ibballooning.net\/wp-content\/uploads\/2025\/02\/Mapa-Flight-zones-Ib-Ballooning-280x280.png 280w, https:\/\/ibballooning.net\/wp-content\/uploads\/2025\/02\/Mapa-Flight-zones-Ib-Ballooning-768x768.png 768w, https:\/\/ibballooning.net\/wp-content\/uploads\/2025\/02\/Mapa-Flight-zones-Ib-Ballooning-300x300.png 300w, https:\/\/ibballooning.net\/wp-content\/uploads\/2025\/02\/Mapa-Flight-zones-Ib-Ballooning-600x600.png 600w, https:\/\/ibballooning.net\/wp-content\/uploads\/2025\/02\/Mapa-Flight-zones-Ib-Ballooning-100x100.png 100w, https:\/\/ibballooning.net\/wp-content\/uploads\/2025\/02\/Mapa-Flight-zones-Ib-Ballooning.png 1081w\"><\/figure>\n","protected":false},"excerpt":{"rendered":"<p><strong>Preu per 2 persones (m\u00ednim)<\/strong><\/p>\n<p>Gaudeix d&#8217;un magn\u00edfic viatge amb globus privat per l&#8217;illa de Mallorca.<\/p>\n","protected":false},"featured_media":1588,"template":"","meta":[],"product_brand":[],"product_cat":[116],"product_tag":[],"class_list":{"0":"post-7447","1":"product","2":"type-product","3":"status-publish","4":"has-post-thumbnail","6":"product_cat-vols","8":"first","9":"instock","10":"taxable","11":"shipping-taxable","12":"purchasable","13":"product-type-simple"},"booking_location":null,"booking_location_type":null,"booking_duration":null,"booking_duration_unit":null,"booking_buffer":null,"booking_cost":null,"booking_resources":null,"exclude_global_add_ons":false,"addons":[{"name":"Afegir m\u00e9s persones","type":"input_multiplier","position":0,"required":true,"title_format":"label","default":"","description_enable":false,"description":null,"placeholder_enable":false,"placeholder":null,"display":"select","restrictions_type":"any_text","adjust_price":true,"price":"200","price_type":"flat_fee","restrictions":true,"min":"0","max":"2","options":[],"id":1743070480}],"jetpack_sharing_enabled":true,"_links":{"self":[{"href":"https:\/\/ibballooning.net\/ca\/wp-json\/wp\/v2\/product\/7447","targetHints":{"allow":["GET"]}}],"collection":[{"href":"https:\/\/ibballooning.net\/ca\/wp-json\/wp\/v2\/product"}],"about":[{"href":"https:\/\/ibballooning.net\/ca\/wp-json\/wp\/v2\/types\/product"}],"wp:featuredmedia":[{"embeddable":true,"href":"https:\/\/ibballooning.net\/ca\/wp-json\/wp\/v2\/media\/1588"}],"wp:attachment":[{"href":"https:\/\/ibballooning.net\/ca\/wp-json\/wp\/v2\/media?parent=7447"}],"wp:term":[{"taxonomy":"product_brand","embeddable":true,"href":"https:\/\/ibballooning.net\/ca\/wp-json\/wp\/v2\/product_brand?post=7447"},{"taxonomy":"product_cat","embeddable":true,"href":"https:\/\/ibballooning.net\/ca\/wp-json\/wp\/v2\/product_cat?post=7447"},{"taxonomy":"product_tag","embeddable":true,"href":"https:\/\/ibballooning.net\/ca\/wp-json\/wp\/v2\/product_tag?post=7447"}],"curies":[{"name":"wp","href":"https:\/\/api.w.org\/{rel}","templated":true}]}}