
{"id":1941,"date":"2025-03-27T09:48:03","date_gmt":"2025-03-27T08:48:03","guid":{"rendered":"https:\/\/ibballooning.net\/?post_type=product&#038;p=1941"},"modified":"2025-04-15T14:20:17","modified_gmt":"2025-04-15T12:20:17","slug":"regala-un-vuelo-en-globo-al-atardecer","status":"publish","type":"product","link":"https:\/\/ibballooning.net\/ca\/product\/regala-un-vuelo-en-globo-al-atardecer\/","title":{"rendered":"Regala un vuelo en globo al atardecer"},"content":{"rendered":"<p>Los vuelos son m\u00ednimo de una hora, por la ma\u00f1ana o por las tardes. Puedes ayudar en el montaje del globo y siempre llevamos una botella de cava a bordo y hacemos un brindis a 500 metros con toda Mallorca a nuestros pies. Los grupos son peque\u00f1os y as\u00ed el piloto est\u00e1 a vuestra disposici\u00f3n siempre para dudas, consultas y curiosidades mientras va explicando el funcionamiento del globo como la ubicaci\u00f3n de todos los pueblos y monta\u00f1as que se ven. Si reservas con antelaci\u00f3n podr\u00e1s elegir fechas y horarios para volar, dependiendo de la \u00e9poca del a\u00f1o se puede despegar entre las 6.00 h y las 8.00 h de la ma\u00f1ana o entre las 17.00 h y las 20.00 h por la tarde. En total desde el encuentro, presentaci\u00f3n e inflado m\u00e1s el vuelo y aterrizaje, empaquetado y vuelta al punto de encuentro estaremos entre dos y tres horas juntos.<\/p>\n<hr \/>\n<p><em>Regala un vuelo en globo aerost\u00e1tico<\/em><\/p>\n<p>Elige el vuelo que quieras regalar, el n\u00famero de personas y completa la informaci\u00f3n con el nombre y el mensaje para tu PDF Regalo. El PDF regalo lo recibir\u00e1s autom\u00e1ticamente por email*.<\/p>\n<p>* Si quieres que el regalo llegue directamente a la persona introduce su email. En caso contrario, introduce el email del comprador.<\/p>\n<hr \/>\n<p><em>Los vuelos en globo dependen de la meteorolog\u00eda.<u><\/u><u><\/u><\/em><\/p>\n<p><em>Un d\u00eda antes del vuelo los pilotos decidir\u00e1n si las condiciones son \u00f3ptimas y les confirmaran el vuelo, el punto de encuentro y la hora.\u00a0<u><\/u><u><\/u>Esto puede variar seg\u00fan la direcci\u00f3n del viento y la \u00e9poca del a\u00f1o. Tenemos diferentes puntos de despegue y el alba y el ocaso marcan la hora de salida.\u00a0<u><\/u><u><\/u>Si no se puede volar se busca fecha alternativa o se devuelve el pago.<\/em><\/p>\n<hr \/>\n<p>ZONAS DE VUELO<\/p>\n<figure id=\"attachment_1309\" class=\"wp-caption alignnone\" aria-describedby=\"caption-attachment-1309\"><img loading=\"lazy\" decoding=\"async\" class=\"wp-image-1309 size-large lazy-load-active\" src=\"https:\/\/ibballooning.net\/wp-content\/uploads\/2025\/02\/Mapa-Flight-zones-Ib-Ballooning-800x800.png\" sizes=\"auto, (max-width: 800px) 100vw, 800px\" srcset=\"https:\/\/ibballooning.net\/wp-content\/uploads\/2025\/02\/Mapa-Flight-zones-Ib-Ballooning-800x800.png 800w, https:\/\/ibballooning.net\/wp-content\/uploads\/2025\/02\/Mapa-Flight-zones-Ib-Ballooning-400x400.png 400w, https:\/\/ibballooning.net\/wp-content\/uploads\/2025\/02\/Mapa-Flight-zones-Ib-Ballooning-280x280.png 280w, https:\/\/ibballooning.net\/wp-content\/uploads\/2025\/02\/Mapa-Flight-zones-Ib-Ballooning-768x768.png 768w, https:\/\/ibballooning.net\/wp-content\/uploads\/2025\/02\/Mapa-Flight-zones-Ib-Ballooning-300x300.png 300w, https:\/\/ibballooning.net\/wp-content\/uploads\/2025\/02\/Mapa-Flight-zones-Ib-Ballooning-600x600.png 600w, https:\/\/ibballooning.net\/wp-content\/uploads\/2025\/02\/Mapa-Flight-zones-Ib-Ballooning-100x100.png 100w, https:\/\/ibballooning.net\/wp-content\/uploads\/2025\/02\/Mapa-Flight-zones-Ib-Ballooning.png 1081w\" alt=\"\u00c1rea de vuelos Mallorca\" width=\"800\" height=\"800\" data-src=\"https:\/\/ibballooning.net\/wp-content\/uploads\/2025\/02\/Mapa-Flight-zones-Ib-Ballooning-800x800.png\" data-srcset=\"https:\/\/ibballooning.net\/wp-content\/uploads\/2025\/02\/Mapa-Flight-zones-Ib-Ballooning-800x800.png 800w, https:\/\/ibballooning.net\/wp-content\/uploads\/2025\/02\/Mapa-Flight-zones-Ib-Ballooning-400x400.png 400w, https:\/\/ibballooning.net\/wp-content\/uploads\/2025\/02\/Mapa-Flight-zones-Ib-Ballooning-280x280.png 280w, https:\/\/ibballooning.net\/wp-content\/uploads\/2025\/02\/Mapa-Flight-zones-Ib-Ballooning-768x768.png 768w, https:\/\/ibballooning.net\/wp-content\/uploads\/2025\/02\/Mapa-Flight-zones-Ib-Ballooning-300x300.png 300w, https:\/\/ibballooning.net\/wp-content\/uploads\/2025\/02\/Mapa-Flight-zones-Ib-Ballooning-600x600.png 600w, https:\/\/ibballooning.net\/wp-content\/uploads\/2025\/02\/Mapa-Flight-zones-Ib-Ballooning-100x100.png 100w, https:\/\/ibballooning.net\/wp-content\/uploads\/2025\/02\/Mapa-Flight-zones-Ib-Ballooning.png 1081w\" \/><\/figure>\n","protected":false},"excerpt":{"rendered":"<p><strong>Precio por persona<\/strong><\/p>\n<p>Disfruta de un magn\u00edfico viaje en globo por la isla de Mallorca.<\/p>\n","protected":false},"featured_media":1587,"template":"","meta":[],"product_brand":[],"product_cat":[15],"product_tag":[],"class_list":{"0":"post-1941","1":"product","2":"type-product","3":"status-publish","4":"has-post-thumbnail","6":"product_cat-vuelos","8":"first","9":"instock","10":"taxable","11":"shipping-taxable","12":"purchasable","13":"product-type-simple"},"booking_location":null,"booking_location_type":null,"booking_duration":null,"booking_duration_unit":null,"booking_buffer":null,"booking_cost":null,"booking_resources":null,"exclude_global_add_ons":false,"addons":[{"name":"Acompa\u00f1antes Adultos","type":"input_multiplier","position":0,"required":false,"title_format":"label","default":"","description_enable":false,"description":"","placeholder_enable":false,"placeholder":"","display":"select","restrictions_type":"any_text","adjust_price":true,"price":"215","price_type":"quantity_based","restrictions":true,"min":"0","max":"10","options":[],"id":1743069002},{"name":"Acompa\u00f1antes ni\u00f1os (5 a 12 a\u00f1os)","type":"input_multiplier","position":1,"required":false,"title_format":"label","default":"","description_enable":false,"description":"","placeholder_enable":false,"placeholder":"","display":"select","restrictions_type":"any_text","adjust_price":true,"price":"150","price_type":"quantity_based","restrictions":true,"min":"0","max":"0","options":[],"id":1743068884}],"jetpack_sharing_enabled":true,"_links":{"self":[{"href":"https:\/\/ibballooning.net\/ca\/wp-json\/wp\/v2\/product\/1941","targetHints":{"allow":["GET"]}}],"collection":[{"href":"https:\/\/ibballooning.net\/ca\/wp-json\/wp\/v2\/product"}],"about":[{"href":"https:\/\/ibballooning.net\/ca\/wp-json\/wp\/v2\/types\/product"}],"wp:featuredmedia":[{"embeddable":true,"href":"https:\/\/ibballooning.net\/ca\/wp-json\/wp\/v2\/media\/1587"}],"wp:attachment":[{"href":"https:\/\/ibballooning.net\/ca\/wp-json\/wp\/v2\/media?parent=1941"}],"wp:term":[{"taxonomy":"product_brand","embeddable":true,"href":"https:\/\/ibballooning.net\/ca\/wp-json\/wp\/v2\/product_brand?post=1941"},{"taxonomy":"product_cat","embeddable":true,"href":"https:\/\/ibballooning.net\/ca\/wp-json\/wp\/v2\/product_cat?post=1941"},{"taxonomy":"product_tag","embeddable":true,"href":"https:\/\/ibballooning.net\/ca\/wp-json\/wp\/v2\/product_tag?post=1941"}],"curies":[{"name":"wp","href":"https:\/\/api.w.org\/{rel}","templated":true}]}}