
{"id":1856,"date":"2025-03-26T17:17:01","date_gmt":"2025-03-26T16:17:01","guid":{"rendered":"https:\/\/ibballooning.net\/?post_type=product&#038;p=1856"},"modified":"2025-04-15T14:19:03","modified_gmt":"2025-04-15T12:19:03","slug":"regala-vuelo-en-globo-al-amanecer","status":"publish","type":"product","link":"https:\/\/ibballooning.net\/ca\/product\/regala-vuelo-en-globo-al-amanecer\/","title":{"rendered":"Regala un vuelo en globo al amanecer"},"content":{"rendered":"<p>Los vuelos son m\u00ednimo de una hora, por la ma\u00f1ana o por las tardes. Puedes ayudar en el montaje del globo y siempre llevamos una botella de cava a bordo y hacemos un brindis a 500 metros con toda Mallorca a nuestros pies. Los grupos son peque\u00f1os y as\u00ed el piloto est\u00e1 a vuestra disposici\u00f3n siempre para dudas, consultas y curiosidades mientras va explicando el funcionamiento del globo como la ubicaci\u00f3n de todos los pueblos y monta\u00f1as que se ven. Si reservas con antelaci\u00f3n podr\u00e1s elegir fechas y horarios para volar, dependiendo de la \u00e9poca del a\u00f1o se puede despegar entre las 6.00 h y las 8.00 h de la ma\u00f1ana o entre las 17.00 h y las 20.00 h por la tarde. En total desde el encuentro, presentaci\u00f3n e inflado m\u00e1s el vuelo y aterrizaje, empaquetado y vuelta al punto de encuentro estaremos entre dos y tres horas juntos.<\/p>\n<hr \/>\n<p><em>Regala un vuelo en globo aerost\u00e1tico<\/em><\/p>\n<p>Elige el vuelo que quieras regalar, el n\u00famero de personas y completa la informaci\u00f3n con el nombre y el mensaje para tu PDF Regalo. El PDF regalo lo recibir\u00e1s autom\u00e1ticamente por email*.<\/p>\n<p>* Si quieres que el regalo llegue directamente a la persona introduce su email. En caso contrario, introduce el email del comprador.<\/p>\n<hr \/>\n<p><em>Los vuelos en globo dependen de la meteorolog\u00eda.<u><\/u><u><\/u><\/em><\/p>\n<p><em>Un d\u00eda antes del vuelo los pilotos decidir\u00e1n si las condiciones son \u00f3ptimas y les confirmaran el vuelo, el punto de encuentro y la hora. <u><\/u><u><\/u>Esto puede variar seg\u00fan la direcci\u00f3n del viento y la \u00e9poca del a\u00f1o. Tenemos diferentes puntos de despegue y el alba y el ocaso marcan la hora de salida. <u><\/u><u><\/u>Si no se puede volar se busca fecha alternativa o se devuelve el pago.<\/em><\/p>\n<hr \/>\n<p>ZONAS DE VUELO<\/p>\n<figure id=\"attachment_1309\" aria-describedby=\"caption-attachment-1309\" style=\"width: 800px\" class=\"wp-caption alignnone\"><img loading=\"lazy\" decoding=\"async\" class=\"wp-image-1309 size-large\" src=\"https:\/\/ibballooning.net\/wp-content\/uploads\/2025\/02\/Mapa-Flight-zones-Ib-Ballooning-800x800.png\" alt=\"\u00c1rea de vuelos Mallorca\" width=\"800\" height=\"800\" srcset=\"https:\/\/ibballooning.net\/wp-content\/uploads\/2025\/02\/Mapa-Flight-zones-Ib-Ballooning-800x800.png 800w, https:\/\/ibballooning.net\/wp-content\/uploads\/2025\/02\/Mapa-Flight-zones-Ib-Ballooning-400x400.png 400w, https:\/\/ibballooning.net\/wp-content\/uploads\/2025\/02\/Mapa-Flight-zones-Ib-Ballooning-280x280.png 280w, https:\/\/ibballooning.net\/wp-content\/uploads\/2025\/02\/Mapa-Flight-zones-Ib-Ballooning-768x768.png 768w, https:\/\/ibballooning.net\/wp-content\/uploads\/2025\/02\/Mapa-Flight-zones-Ib-Ballooning-300x300.png 300w, https:\/\/ibballooning.net\/wp-content\/uploads\/2025\/02\/Mapa-Flight-zones-Ib-Ballooning-600x600.png 600w, https:\/\/ibballooning.net\/wp-content\/uploads\/2025\/02\/Mapa-Flight-zones-Ib-Ballooning-100x100.png 100w, https:\/\/ibballooning.net\/wp-content\/uploads\/2025\/02\/Mapa-Flight-zones-Ib-Ballooning.png 1081w\" sizes=\"auto, (max-width: 800px) 100vw, 800px\" \/><figcaption id=\"caption-attachment-1309\" class=\"wp-caption-text\">\u00c1rea de vuelos Mallorca<\/figcaption><\/figure>\n","protected":false},"excerpt":{"rendered":"<p><strong>Precio por persona<\/strong><\/p>\n<p>Disfruta de un magn\u00edfico viaje en globo por la isla de Mallorca.<\/p>\n","protected":false},"featured_media":1587,"template":"","meta":[],"product_brand":[],"product_cat":[15],"product_tag":[],"class_list":{"0":"post-1856","1":"product","2":"type-product","3":"status-publish","4":"has-post-thumbnail","6":"product_cat-vuelos","8":"first","9":"instock","10":"virtual","11":"taxable","12":"purchasable","13":"product-type-simple"},"booking_location":null,"booking_location_type":null,"booking_duration":null,"booking_duration_unit":null,"booking_buffer":null,"booking_cost":null,"booking_resources":null,"exclude_global_add_ons":false,"addons":[{"name":"Acompa\u00f1antes adultos","type":"input_multiplier","position":0,"required":false,"title_format":"label","default":"","description_enable":false,"description":"","placeholder_enable":false,"placeholder":"","display":"select","restrictions_type":"any_text","adjust_price":true,"price":"190","price_type":"flat_fee","restrictions":true,"min":"0","max":"10","options":[],"id":1743070849},{"name":"Acompa\u00f1ante ni\u00f1o (5 a 12 a\u00f1os)","type":"input_multiplier","position":1,"required":false,"title_format":"label","default":"","description_enable":false,"description":"","placeholder_enable":false,"placeholder":"","display":"select","restrictions_type":"any_text","adjust_price":true,"price":"130","price_type":"flat_fee","restrictions":true,"min":"0","max":"10","options":[],"id":1743070850}],"jetpack_sharing_enabled":true,"_links":{"self":[{"href":"https:\/\/ibballooning.net\/ca\/wp-json\/wp\/v2\/product\/1856","targetHints":{"allow":["GET"]}}],"collection":[{"href":"https:\/\/ibballooning.net\/ca\/wp-json\/wp\/v2\/product"}],"about":[{"href":"https:\/\/ibballooning.net\/ca\/wp-json\/wp\/v2\/types\/product"}],"wp:featuredmedia":[{"embeddable":true,"href":"https:\/\/ibballooning.net\/ca\/wp-json\/wp\/v2\/media\/1587"}],"wp:attachment":[{"href":"https:\/\/ibballooning.net\/ca\/wp-json\/wp\/v2\/media?parent=1856"}],"wp:term":[{"taxonomy":"product_brand","embeddable":true,"href":"https:\/\/ibballooning.net\/ca\/wp-json\/wp\/v2\/product_brand?post=1856"},{"taxonomy":"product_cat","embeddable":true,"href":"https:\/\/ibballooning.net\/ca\/wp-json\/wp\/v2\/product_cat?post=1856"},{"taxonomy":"product_tag","embeddable":true,"href":"https:\/\/ibballooning.net\/ca\/wp-json\/wp\/v2\/product_tag?post=1856"}],"curies":[{"name":"wp","href":"https:\/\/api.w.org\/{rel}","templated":true}]}}