
{"id":7418,"date":"2013-08-11T19:06:15","date_gmt":"2013-08-11T17:06:15","guid":{"rendered":"https:\/\/ibballooning.net\/qui-som\/"},"modified":"2025-06-05T14:41:46","modified_gmt":"2025-06-05T12:41:46","slug":"qui-som","status":"publish","type":"page","link":"https:\/\/ibballooning.net\/ca\/qui-som\/","title":{"rendered":"Qui som"},"content":{"rendered":"\n\n  <div class=\"banner has-hover has-parallax\" id=\"banner-1056921435\">\n          <div class=\"banner-inner fill\">\n        <div class=\"banner-bg fill\" data-parallax=\"-3\" data-parallax-container=\".banner\" data-parallax-background>\n            <img loading=\"lazy\" decoding=\"async\" width=\"1020\" height=\"680\" src=\"https:\/\/ibballooning.net\/wp-content\/uploads\/2025\/02\/113A9437-1200x800.jpg\" class=\"bg attachment-large size-large\" alt=\"Equipo IBBallooning\" \/>                        <div class=\"overlay\"><\/div>            \n                    <\/div>\n\t\t\n        <div class=\"banner-layers container\">\n            <div class=\"fill banner-link\"><\/div>            \n\n   <div id=\"text-box-1389687392\" class=\"text-box banner-layer x50 md-x50 lg-x50 y80 md-y80 lg-y80 res-text\">\n                                <div class=\"text-box-content text dark\">\n              \n              <div class=\"text-inner text-center\">\n                  \n\n<h1 class=\"lead\">El nostre equip<\/h1>\n<p class=\"lead\">Volem contar-te la nostra hist\u00f2ria i presentar-te el nostre equip. <\/p>\n\n              <\/div>\n           <\/div>\n                            \n<style>\n#text-box-1389687392 {\n  width: 60%;\n}\n#text-box-1389687392 .text-box-content {\n  font-size: 100%;\n}\n<\/style>\n    <\/div>\n \n\n        <\/div>\n      <\/div>\n\n            \n<style>\n#banner-1056921435 {\n  padding-top: 507px;\n}\n#banner-1056921435 .overlay {\n  background-color: rgba(0, 0, 0, 0.49);\n}\n<\/style>\n  <\/div>\n\n\n<div class=\"row\"  id=\"row-1100676852\">\n\n\n\t<div id=\"col-1668311147\" class=\"col small-12 large-12\"  >\n\t\t\t\t<div class=\"col-inner\"  >\n\t\t\t\n\t\t\t\n\n\t<div id=\"text-1156455228\" class=\"text hide-for-small\">\n\t\t\n\n<p class=\"lead text-center\"><span style=\"font-weight: 400;\">Illes Balears Ballooning (IB Ballooning) neix en 2006 despr\u00e9s de 15 anys volant per Mallorca per a oferir un producte m\u00e9s exclusiu i de qualitat. El primer pas \u00e9s mantenir l&#8217;activitat tot l&#8217;any per a trencar l&#8217;estacionalitat, a m\u00e9s de potenciar la publicitat a\u00e8ria. <\/span><\/p>\n\t\t\t<\/div>\n\t\n\t<div id=\"text-1756412488\" class=\"text show-for-small\">\n\t\t\n\n<p class=\"lead text-center\"><span style=\"font-weight: 400; font-size: 75%;\" data-line-height=\"xs\">Illes Balears Ballooning (IB Ballooning) neix en 2006 despr\u00e9s de 15 anys volant per Mallorca per a oferir un producte m\u00e9s exclusiu i de qualitat. El primer pas \u00e9s mantenir l&#8217;activitat tot l&#8217;any per a trencar l&#8217;estacionalitat, a m\u00e9s de potenciar la publicitat a\u00e8ria. <\/span><\/p>\n\t\t\n<style>\n#text-1756412488 {\n  font-size: 0.75rem;\n  line-height: 1.3;\n}\n<\/style>\n\t<\/div>\n\t\n<div class=\"text-center\"><div class=\"is-divider divider clearfix\" ><\/div><\/div>\n\n\t<div id=\"text-972885813\" class=\"text hide-for-small\">\n\t\t\n\n<p><span style=\"font-weight: 400;\">El director d&#8217;operacions i cap de vols Jordi Aracil Romero compta amb<\/span> <b>4.000 hores de vol d&#8217;experi\u00e8ncia<\/b><span style=\"font-weight: 400;\">. Altres pilots col\u00b7laboradors s\u00f3n: Julio Alou (Karakorum), Andr\u00e9s Tapias i Frank Holth\u00f6fer (FH Ballonfahrten). Un equip jove i expert que ha representat a Espanya en diversos mundials i europeus per a gaudir del millor esport aeri. <\/span><\/p>\n<p><span style=\"font-weight: 400;\">Per a aix\u00f2 comptem amb el nostre Enginyer aeron\u00e0utic Don Josep Maria Llad\u00f3 Costa, dissenyador de globus i un dels millors pilots del m\u00f3n que revisa peri\u00f2dicament tot l&#8217;equip, realitzant proves de for\u00e7a en les veles, revisions en cremadors i bombones, aix\u00ed com controls de qualitat en les cistelles que continuen semblant noves malgrat els anys perqu\u00e8 per a nosaltres la seva seguretat est\u00e0 per sobre de tot. IB Ballooning \u00e9s una companyia de treballs aeris  <\/span><b>autoritzada per aviaci\u00f3 civil per als vols amb globus amb passatgers, publicitat a\u00e8ria i fotografia-filmaci\u00f3 amb m\u00e9s de 30 anys d&#8217;experi\u00e8ncia.<\/b><\/p>\n\t\t\n<style>\n#text-972885813 {\n  text-align: center;\n}\n<\/style>\n\t<\/div>\n\t\n\t<div id=\"text-3307036223\" class=\"text show-for-small\">\n\t\t\n\n<p><span style=\"font-weight: 400;\">El director d&#8217;operacions i cap de vols Jordi Aracil Romero compta amb<\/span> <b>4.000 hores de vol d&#8217;experi\u00e8ncia<\/b><span style=\"font-weight: 400;\">. Altres pilots col\u00b7laboradors s\u00f3n: Julio Alou (Karakorum), Andr\u00e9s Tapias i Frank Holth\u00f6fer (FH Ballonfahrten). Un equip jove i expert que ha representat a Espanya en diversos mundials i europeus per a gaudir del millor esport aeri. <\/span><\/p>\n<p><span style=\"font-weight: 400;\">Per a aix\u00f2 comptem amb el nostre Enginyer aeron\u00e0utic Don Josep Maria Llad\u00f3 Costa, dissenyador de globus i un dels millors pilots del m\u00f3n que revisa peri\u00f2dicament tot l&#8217;equip, realitzant proves de for\u00e7a en les veles, revisions en cremadors i bombones, aix\u00ed com controls de qualitat en les cistelles que continuen semblant noves malgrat els anys perqu\u00e8 per a nosaltres la seva seguretat est\u00e0 per sobre de tot. IB Ballooning \u00e9s una companyia de treballs aeris  <\/span><b>autoritzada per aviaci\u00f3 civil per als vols amb globus amb passatgers, publicitat a\u00e8ria i fotografia-filmaci\u00f3 amb m\u00e9s de 30 anys d&#8217;experi\u00e8ncia.<\/b><\/p>\n\t\t\n<style>\n#text-3307036223 {\n  font-size: 0.75rem;\n  line-height: 1.5;\n  text-align: center;\n}\n<\/style>\n\t<\/div>\n\t\n\n\t\t<\/div>\n\t\t\t\t\t<\/div>\n\n\t\n\n\t<div id=\"col-2097055218\" class=\"col medium-6 small-12 large-6\"  >\n\t\t\t\t<div class=\"col-inner box-shadow-2\"  data-parallax-fade=\"true\" data-parallax=\"1\">\n\t\t\t\n\t\t\t\n\n    <div class=\"box has-hover has-hover box-text-bottom\" >\n\n                  <div class=\"box-image \" style=\"width:80%;\">\n           <div class=\"box-image-inner image-cover\" style=\"border-radius:100%;padding-top:100%;\">\n              <img loading=\"lazy\" decoding=\"async\" width=\"1365\" height=\"2048\" src=\"https:\/\/ibballooning.net\/wp-content\/uploads\/2025\/03\/113A9982.jpg\" class=\"attachment- size-\" alt=\"Jordi Aracil Director de vuelo\" srcset=\"https:\/\/ibballooning.net\/wp-content\/uploads\/2025\/03\/113A9982.jpg 1365w, https:\/\/ibballooning.net\/wp-content\/uploads\/2025\/03\/113A9982-267x400.jpg 267w, https:\/\/ibballooning.net\/wp-content\/uploads\/2025\/03\/113A9982-533x800.jpg 533w, https:\/\/ibballooning.net\/wp-content\/uploads\/2025\/03\/113A9982-768x1152.jpg 768w, https:\/\/ibballooning.net\/wp-content\/uploads\/2025\/03\/113A9982-1024x1536.jpg 1024w, https:\/\/ibballooning.net\/wp-content\/uploads\/2025\/03\/113A9982-1320x1980.jpg 1320w, https:\/\/ibballooning.net\/wp-content\/uploads\/2025\/03\/113A9982-600x900.jpg 600w\" sizes=\"auto, (max-width: 1365px) 100vw, 1365px\" \/>                         <\/div>\n          <\/div>\n         \n          <div class=\"box-text text-center\" >\n                <div class=\"box-text-inner\">\n                  <h4 class=\"uppercase\">\n                    <span class=\"person-name\">Jordi Aracil romero<\/span><br\/>\n                    <span class=\"person-title is-small thin-font op-7\">\n                      Director d&#039;operacions i cap de vols                    <\/span>\n                  <\/h4>\n\t\t\t\t\t\n\n<p>Director d&#8217;operacions i cap de vols. Compta amb 4.000 hores de vol <\/p>\n\n                <\/div>\n          <\/div>\n    <\/div>\n\n\t\n    \n\n\t\t<\/div>\n\t\t\t\t\t<\/div>\n\n\t\n\n\t<div id=\"col-1060736048\" class=\"col medium-6 small-12 large-6\"  >\n\t\t\t\t<div class=\"col-inner box-shadow-2\"  data-parallax-fade=\"true\" data-parallax=\"1\">\n\t\t\t\n\t\t\t\n\n    <div class=\"box has-hover has-hover box-text-bottom\" >\n\n                  <div class=\"box-image \" style=\"width:80%;\">\n           <div class=\"box-image-inner image-cover\" style=\"border-radius:100%;padding-top:100%;\">\n              <img loading=\"lazy\" decoding=\"async\" width=\"400\" height=\"267\" src=\"https:\/\/ibballooning.net\/wp-content\/uploads\/2025\/03\/jose-maria-llado-e1741848181905.jpg\" class=\"attachment- size-\" alt=\"\" \/>                         <\/div>\n          <\/div>\n         \n          <div class=\"box-text text-center\" >\n                <div class=\"box-text-inner\">\n                  <h4 class=\"uppercase\">\n                    <span class=\"person-name\">Josep Maria Llad\u00f3 Costa<\/span><br\/>\n                    <span class=\"person-title is-small thin-font op-7\">\n                      Enginyer aeron\u00e0utic                    <\/span>\n                  <\/h4>\n\t\t\t\t\t\n\n<p>Fabricant, dissenyador de globus i un dels millors pilots del m\u00f3n que revisa peri\u00f2dicament tot l&#8217;equip.<\/p>\n\n                <\/div>\n          <\/div>\n    <\/div>\n\n\t\n    \n\n\t\t<\/div>\n\t\t\t\t\t<\/div>\n\n\t\n\n\t<div id=\"col-2041840690\" class=\"col medium-4 small-12 large-4\"  >\n\t\t\t\t<div class=\"col-inner\"  >\n\t\t\t\n\t\t\t\n\n    <div class=\"box has-hover has-hover box-text-bottom\" >\n\n                  <div class=\"box-image \" style=\"width:80%;\">\n           <div class=\"box-image-inner image-cover\" style=\"border-radius:100%;padding-top:100%;\">\n              <img loading=\"lazy\" decoding=\"async\" width=\"1365\" height=\"2048\" src=\"https:\/\/ibballooning.net\/wp-content\/uploads\/2025\/03\/113A9420.jpg\" class=\"attachment- size-\" alt=\"Andr\u00e9s Tapias Instructor de vuelo\" srcset=\"https:\/\/ibballooning.net\/wp-content\/uploads\/2025\/03\/113A9420.jpg 1365w, https:\/\/ibballooning.net\/wp-content\/uploads\/2025\/03\/113A9420-267x400.jpg 267w, https:\/\/ibballooning.net\/wp-content\/uploads\/2025\/03\/113A9420-533x800.jpg 533w, https:\/\/ibballooning.net\/wp-content\/uploads\/2025\/03\/113A9420-768x1152.jpg 768w, https:\/\/ibballooning.net\/wp-content\/uploads\/2025\/03\/113A9420-1024x1536.jpg 1024w, https:\/\/ibballooning.net\/wp-content\/uploads\/2025\/03\/113A9420-1320x1980.jpg 1320w, https:\/\/ibballooning.net\/wp-content\/uploads\/2025\/03\/113A9420-600x900.jpg 600w\" sizes=\"auto, (max-width: 1365px) 100vw, 1365px\" \/>                         <\/div>\n          <\/div>\n         \n          <div class=\"box-text text-center\" >\n                <div class=\"box-text-inner\">\n                  <h4 class=\"uppercase\">\n                    <span class=\"person-name\">Andr\u00e9s tapias<\/span><br\/>\n                    <span class=\"person-title is-small thin-font op-7\">\n                      Pilot                    <\/span>\n                  <\/h4>\n\t\t\t\t\t\n\n<p>Pilot amb m\u00e9s de 500 hores de vol <\/p>\n\n                <\/div>\n          <\/div>\n    <\/div>\n\n\t\n    \n\n\t\t<\/div>\n\t\t\t\t\t<\/div>\n\n\t\n\n\t<div id=\"col-1071858267\" class=\"col medium-4 small-12 large-4\"  >\n\t\t\t\t<div class=\"col-inner\"  >\n\t\t\t\n\t\t\t\n\n    <div class=\"box has-hover has-hover box-text-bottom\" >\n\n                  <div class=\"box-image \" style=\"width:80%;\">\n           <div class=\"box-image-inner image-cover\" style=\"border-radius:100%;padding-top:100%;\">\n              <img loading=\"lazy\" decoding=\"async\" width=\"1200\" height=\"1210\" src=\"https:\/\/ibballooning.net\/wp-content\/uploads\/2025\/03\/julio-e1741871556151.jpg\" class=\"attachment- size-\" alt=\"julio alou instructor de vuelo\" srcset=\"https:\/\/ibballooning.net\/wp-content\/uploads\/2025\/03\/julio-e1741871556151.jpg 1200w, https:\/\/ibballooning.net\/wp-content\/uploads\/2025\/03\/julio-e1741871556151-397x400.jpg 397w, https:\/\/ibballooning.net\/wp-content\/uploads\/2025\/03\/julio-e1741871556151-793x800.jpg 793w, https:\/\/ibballooning.net\/wp-content\/uploads\/2025\/03\/julio-e1741871556151-768x774.jpg 768w, https:\/\/ibballooning.net\/wp-content\/uploads\/2025\/03\/julio-e1741871556151-600x605.jpg 600w, https:\/\/ibballooning.net\/wp-content\/uploads\/2025\/03\/julio-e1741871556151-100x100.jpg 100w\" sizes=\"auto, (max-width: 1200px) 100vw, 1200px\" \/>                         <\/div>\n          <\/div>\n         \n          <div class=\"box-text text-center\" >\n                <div class=\"box-text-inner\">\n                  <h4 class=\"uppercase\">\n                    <span class=\"person-name\">Julio Alou (karakorum)<\/span><br\/>\n                    <span class=\"person-title is-small thin-font op-7\">\n                      Pilot                    <\/span>\n                  <\/h4>\n\t\t\t\t\t\n\n<p>Pilot amb m\u00e9s de 1000 hores de vol, guia de muntanya (3.500 metres) i responsable de la divisi\u00f3 \u201caventura\u201d<\/p>\n\n                <\/div>\n          <\/div>\n    <\/div>\n\n\t\n    \n\n\t\t<\/div>\n\t\t\t\t\t<\/div>\n\n\t\n\n\t<div id=\"col-793573466\" class=\"col medium-4 small-12 large-4\"  >\n\t\t\t\t<div class=\"col-inner\"  >\n\t\t\t\n\t\t\t\n\n    <div class=\"box has-hover has-hover box-text-bottom\" >\n\n                  <div class=\"box-image \" style=\"width:80%;\">\n           <div class=\"box-image-inner image-cover\" style=\"border-radius:100%;padding-top:100%;\">\n              <img loading=\"lazy\" decoding=\"async\" width=\"1920\" height=\"1275\" src=\"https:\/\/ibballooning.net\/wp-content\/uploads\/2025\/03\/Frank.jpg\" class=\"attachment- size-\" alt=\"Frank Holth\u00f6fer (FH Ballonfahrten)\" srcset=\"https:\/\/ibballooning.net\/wp-content\/uploads\/2025\/03\/Frank.jpg 1920w, https:\/\/ibballooning.net\/wp-content\/uploads\/2025\/03\/Frank-602x400.jpg 602w, https:\/\/ibballooning.net\/wp-content\/uploads\/2025\/03\/Frank-1205x800.jpg 1205w, https:\/\/ibballooning.net\/wp-content\/uploads\/2025\/03\/Frank-768x510.jpg 768w, https:\/\/ibballooning.net\/wp-content\/uploads\/2025\/03\/Frank-1536x1020.jpg 1536w, https:\/\/ibballooning.net\/wp-content\/uploads\/2025\/03\/Frank-1320x877.jpg 1320w, https:\/\/ibballooning.net\/wp-content\/uploads\/2025\/03\/Frank-600x398.jpg 600w\" sizes=\"auto, (max-width: 1920px) 100vw, 1920px\" \/>                         <\/div>\n          <\/div>\n         \n          <div class=\"box-text text-center\" >\n                <div class=\"box-text-inner\">\n                  <h4 class=\"uppercase\">\n                    <span class=\"person-name\">Frank Holth\u00f6fer (FH Balloonfahrten)<\/span><br\/>\n                    <span class=\"person-title is-small thin-font op-7\">\n                      Pilot                    <\/span>\n                  <\/h4>\n\t\t\t\t\t\n\n<p>Pilot amb m\u00e9s de 2000 hores de vol<\/p>\n\t<div id=\"gap-2074987261\" class=\"gap-element clearfix\" style=\"display:block; height:auto;\">\n\t\t\n<style>\n#gap-2074987261 {\n  padding-top: 60px;\n}\n<\/style>\n\t<\/div>\n\t\n\n\n                <\/div>\n          <\/div>\n    <\/div>\n\n\t\n    \n\n\t\t<\/div>\n\t\t\t\t\t<\/div>\n\n\t\n\n<\/div>\n\t<div id=\"text-2249633398\" class=\"text\">\n\t\t\n\n<h2 class=\"thin-font uppercase\"><span style=\"font-size: 150%;\"><strong>Equip <span class=\"fancy-underline\">terra<\/span> bballooning<\/strong><\/span><\/h2>\n\t\t\n<style>\n#text-2249633398 {\n  text-align: center;\n}\n<\/style>\n\t<\/div>\n\t\n\n  <div class=\"banner has-hover hide-for-small\" id=\"banner-2050032318\">\n          <div class=\"banner-inner fill\">\n        <div class=\"banner-bg fill\" >\n            <img loading=\"lazy\" decoding=\"async\" width=\"2048\" height=\"1365\" src=\"https:\/\/ibballooning.net\/wp-content\/uploads\/2025\/03\/113A8270.jpg\" class=\"bg attachment-original size-original\" alt=\"Equipo tierra IBBallooning\" \/>                        <div class=\"overlay\"><\/div>            \n                    <\/div>\n\t\t\t<div class=\"ux-shape-divider ux-shape-divider--top ux-shape-divider--style-curve-opacity\">\n\t\t<svg viewBox=\"0 0 1000 100\" xmlns=\"http:\/\/www.w3.org\/2000\/svg\" preserveAspectRatio=\"none\">\n\t\t<path class=\"ux-shape-fill\" opacity=\"0.15\" d=\"M0 14C0 14 88.64 17.48 300 50C560 90 814 77 1003 40L1015 68L1018 104H0V14Z\"\/>\n\t\t<path class=\"ux-shape-fill\" opacity=\"0.3\" d=\"M0 45C0 45 271 90.13 500 77C657 68 830 30 1015 14V100H0V45Z\"\/>\n\t\t<path class=\"ux-shape-fill\" d=\"M0 58C0 58 188.29 90 508 90C798 90 1002 55 1002 55V100H0V58Z\"\/>\n<\/svg>\n\t<\/div>\n\n        <div class=\"banner-layers container\">\n            <div class=\"fill banner-link\"><\/div>               <div id=\"text-box-1109626784\" class=\"text-box banner-layer x50 md-x50 lg-x50 y50 md-y50 lg-y50 res-text\">\n                     <div data-animate=\"fadeIn\">           <div class=\"text-box-content text dark\">\n              \n              <div class=\"text-inner text-center\">\n                  \n\n\n              <\/div>\n           <\/div>\n       <\/div>                     \n<style>\n#text-box-1109626784 {\n  width: 60%;\n}\n#text-box-1109626784 .text-box-content {\n  font-size: 100%;\n}\n@media (min-width:550px) {\n  #text-box-1109626784 {\n    width: 60%;\n  }\n}\n<\/style>\n    <\/div>\n         <\/div>\n      <\/div>\n\n            \n<style>\n#banner-2050032318 {\n  padding-top: 500px;\n}\n#banner-2050032318 .overlay {\n  background-color: rgba(0, 0, 0, 0.17);\n}\n#banner-2050032318 .banner-bg img {\n  object-position: 31% 39%;\n}\n#banner-2050032318 .ux-shape-divider--top svg {\n  height: 150px;\n  --divider-top-width: 100%;\n}\n<\/style>\n  <\/div>\n\n\n\n  <div class=\"banner has-hover show-for-small\" id=\"banner-1368126850\">\n          <div class=\"banner-inner fill\">\n        <div class=\"banner-bg fill\" >\n            <img loading=\"lazy\" decoding=\"async\" width=\"2048\" height=\"1365\" src=\"https:\/\/ibballooning.net\/wp-content\/uploads\/2025\/03\/113A8270.jpg\" class=\"bg attachment-original size-original\" alt=\"Equipo tierra IBBallooning\" \/>                        <div class=\"overlay\"><\/div>            \n                    <\/div>\n\t\t\t<div class=\"ux-shape-divider ux-shape-divider--top ux-shape-divider--style-curve-opacity\">\n\t\t<svg viewBox=\"0 0 1000 100\" xmlns=\"http:\/\/www.w3.org\/2000\/svg\" preserveAspectRatio=\"none\">\n\t\t<path class=\"ux-shape-fill\" opacity=\"0.15\" d=\"M0 14C0 14 88.64 17.48 300 50C560 90 814 77 1003 40L1015 68L1018 104H0V14Z\"\/>\n\t\t<path class=\"ux-shape-fill\" opacity=\"0.3\" d=\"M0 45C0 45 271 90.13 500 77C657 68 830 30 1015 14V100H0V45Z\"\/>\n\t\t<path class=\"ux-shape-fill\" d=\"M0 58C0 58 188.29 90 508 90C798 90 1002 55 1002 55V100H0V58Z\"\/>\n<\/svg>\n\t<\/div>\n\n        <div class=\"banner-layers container\">\n            <div class=\"fill banner-link\"><\/div>               <div id=\"text-box-747836814\" class=\"text-box banner-layer x50 md-x50 lg-x50 y50 md-y50 lg-y50 res-text\">\n                     <div data-animate=\"fadeIn\">           <div class=\"text-box-content text dark\">\n              \n              <div class=\"text-inner text-center\">\n                  \n\n\n              <\/div>\n           <\/div>\n       <\/div>                     \n<style>\n#text-box-747836814 {\n  width: 60%;\n}\n#text-box-747836814 .text-box-content {\n  font-size: 100%;\n}\n@media (min-width:550px) {\n  #text-box-747836814 {\n    width: 60%;\n  }\n}\n<\/style>\n    <\/div>\n         <\/div>\n      <\/div>\n\n            \n<style>\n#banner-1368126850 {\n  padding-top: 500px;\n}\n#banner-1368126850 .overlay {\n  background-color: rgba(0, 0, 0, 0.17);\n}\n#banner-1368126850 .banner-bg img {\n  object-position: 71% 48%;\n}\n#banner-1368126850 .ux-shape-divider--top svg {\n  height: 150px;\n  --divider-top-width: 100%;\n}\n<\/style>\n  <\/div>\n\n\n\n","protected":false},"excerpt":{"rendered":"","protected":false},"author":1,"featured_media":350,"parent":0,"menu_order":0,"comment_status":"closed","ping_status":"closed","template":"page-transparent-header-light.php","meta":{"footnotes":""},"class_list":["post-7418","page","type-page","status-publish","has-post-thumbnail","hentry"],"jetpack_sharing_enabled":true,"_links":{"self":[{"href":"https:\/\/ibballooning.net\/ca\/wp-json\/wp\/v2\/pages\/7418","targetHints":{"allow":["GET"]}}],"collection":[{"href":"https:\/\/ibballooning.net\/ca\/wp-json\/wp\/v2\/pages"}],"about":[{"href":"https:\/\/ibballooning.net\/ca\/wp-json\/wp\/v2\/types\/page"}],"author":[{"embeddable":true,"href":"https:\/\/ibballooning.net\/ca\/wp-json\/wp\/v2\/users\/1"}],"replies":[{"embeddable":true,"href":"https:\/\/ibballooning.net\/ca\/wp-json\/wp\/v2\/comments?post=7418"}],"version-history":[{"count":1,"href":"https:\/\/ibballooning.net\/ca\/wp-json\/wp\/v2\/pages\/7418\/revisions"}],"predecessor-version":[{"id":7419,"href":"https:\/\/ibballooning.net\/ca\/wp-json\/wp\/v2\/pages\/7418\/revisions\/7419"}],"wp:featuredmedia":[{"embeddable":true,"href":"https:\/\/ibballooning.net\/ca\/wp-json\/wp\/v2\/media\/350"}],"wp:attachment":[{"href":"https:\/\/ibballooning.net\/ca\/wp-json\/wp\/v2\/media?parent=7418"}],"curies":[{"name":"wp","href":"https:\/\/api.w.org\/{rel}","templated":true}]}}