
{"id":7401,"date":"2025-03-13T15:19:10","date_gmt":"2025-03-13T14:19:10","guid":{"rendered":"https:\/\/ibballooning.net\/avis-legal\/"},"modified":"2025-06-05T11:08:05","modified_gmt":"2025-06-05T09:08:05","slug":"avis-legal","status":"publish","type":"page","link":"https:\/\/ibballooning.net\/ca\/avis-legal\/","title":{"rendered":"Avis legal"},"content":{"rendered":"\n\t<div id=\"text-218448086\" class=\"text hide-for-small\">\n\t\t\n\n<h4>AVIS LEGAL<\/h4>\n<div class=\"et_pb_module et_pb_text et_pb_text_0 et_pb_text_align_left et_pb_bg_layout_light\">\n<div class=\"et_pb_text_inner\">\n<p><strong>Titularitat del lloc web<\/strong><\/p>\n<p>En compliment del que preveu l&#8217;article 10 de la Llei 34\/2002, d&#8217;11 de juliol, de Serveis de la Societat de la Informaci\u00f3 i Comer\u00e7 Electr\u00f2nic, s&#8217;informa que www.ibballooning.net \u00e9s un domini de l&#8217;empresa ILLES BALEARS BALLOONING SL, amb domicili fiscal en CARRER DE\u2019S MOLL, 49 \u2013 07590 Capdepera<\/p>\n<p><strong>Protecci\u00f3 de dades<\/strong><\/p>\n<p>En compliment del que s&#8217;estableix en la Llei org\u00e0nica 15\/1999, de 13 de desembre, de Protecci\u00f3 de Dades de Car\u00e0cter Personal, ILLES BALEARS BALLOONING SL , informa els seus clients que quantes dades personals li facilitin a trav\u00e9s de la p\u00e0gina web o d&#8217;altres mitjans, seran inclosos en un fitxer automatitzat de dades de car\u00e0cter personal, creat i mantingut sota la responsabilitat d&#8217;ILLES BALEARS BALLOONING SL.<\/p>\n<p>La finalidad de dicho fichero es facilitar la gesti\u00f3n de la relaci\u00f3n comercial establecida en cada caso y enviar ofertas comerciales en el futuro sobre productos y servicios que puedan resultar de inter\u00e9s a nuestros clientes. ILLES BALEARS BALLOONING SL, garantiza la seguridad y confidencialidad de los datos facilitados. De este modo, se compromete al cumplimiento de su obligaci\u00f3n de secreto de los datos de car\u00e1cter personal y de su deber de guardarlos y adoptar todas las medidas necesarias para evitar su alteraci\u00f3n, p\u00e9rdida, tratamiento o uso no autorizado. Por lo tanto, toda la informaci\u00f3n sobre nuestros clientes no ser\u00e1 utilizada con prop\u00f3sitos comerciales ni ser\u00e1 cedida a terceros. Los clientes de ILLES BALEARS BALLOONING SL, podr\u00e1n en todo momento ejercitar los derechos de acceso, rectificaci\u00f3n, cancelaci\u00f3n y oposici\u00f3n, comunic\u00e1ndolo por escrito a nuestra direcci\u00f3n postal o a la de correo electr\u00f3nico.    <\/p>\n<p><strong>Contingut web<\/strong><\/p>\n<p>L&#8217;usuari accedeix volunt\u00e0riament a aquest lloc web. L&#8217;acc\u00e9s i navegaci\u00f3 en aquest lloc web implica acceptar i con\u00e8ixer els advertiments legals, condicions i termes d&#8217;\u00fas continguts en ella. El mer acc\u00e9s no implica l&#8217;establiment de cap mena de relaci\u00f3 comercial entre ILLES BALEARS BALLOONING SL i l&#8217;usuari.  <\/p>\n<p>A ILLES BALEARS BALLOONING SL no ens responsabilitzem del mal \u00fas que es realitzi dels continguts de la nostra p\u00e0gina web, sent exclusiva responsabilitat de la persona que accedeix a ells o els utilitza. Tampoc assumim cap responsabilitat per la informaci\u00f3 continguda en les p\u00e0gines web de tercers a les quals es pugui accedir per enlla\u00e7os o cercadors des de la p\u00e0gina web <a href=\"http:\/\/www.ballooningmallorca.net.\/\">www.ibballooning.net.<\/a> <\/p>\n<p>La pres\u00e8ncia d&#8217;aquests enlla\u00e7os en el lloc web tenen una finalitat informativa, no constituint en cap cas una invitaci\u00f3 a la contractaci\u00f3 de productes o serveis que s&#8217;ofereixin en el lloc web de dest\u00ed.<br>ILLES BALEARS BALLOONING SL es reserva el dret a actualitzar, modificar o eliminar la informaci\u00f3 continguda en el seu web site, i la configuraci\u00f3 o presentaci\u00f3 d&#8217;aquest, en qualsevol moment, sense previ av\u00eds, i sense assumir cap responsabilitat per aix\u00f2.<\/p>\n<p><strong>Responsabilitat<\/strong><\/p>\n<p>A ILLES BALEARS BALLOONING SL no assumim cap responsabilitat que es pugui derivar de problemes t\u00e8cnics o fallades en els equips inform\u00e0tics, no imputables a la nostra empresa, que es produeixin durant la connexi\u00f3 a la xarxa d&#8217;Internet , aix\u00ed com de danys que poguessin ser causats per terceres persones mitjan\u00e7ant intromissions il\u00b7leg\u00edtimes fora del control d&#8217;ILLES BALEARS BALLOONING SL.<\/p>\n<p>Tampoc ens responsabilitzem del mal \u00fas que pugui fer d&#8217;aquest lloc web. Des d&#8217;ILLES BALEARS BALLOONING SL no garantim l&#8217;abs\u00e8ncia de virus o altres elements que poguessin causar danys en els sistemes inform\u00e0tics, en els documents electr\u00f2nics o en els fitxers d&#8217;usuari d&#8217;aquest lloc web o de llocs web de tercers, per la qual cosa no ens responsabilitzem dels perjudicis que es poguessin produir per aquestes causes. <\/p>\n<p>Tamb\u00e9 quedem exonerats de tota responsabilitat davant possibles danys o perjudicis que pugui sofrir l&#8217;usuari a conseq\u00fc\u00e8ncia d&#8217;errors, defectes o omissions en la informaci\u00f3 que facilitem quan escaigui de fonts alienes a nosaltres.<\/p>\n<p><strong>Legislaci\u00f3<\/strong><\/p>\n<p>Amb car\u00e0cter general, les relacions amb els nostres clients, que es derivin de la prestaci\u00f3 dels serveis continguts en la nostra web, estan sotmeses a la legislaci\u00f3 i la jurisdicci\u00f3 espanyola.<\/p>\n<p>Els usuaris de la nostra web s\u00f3n conscients de tot l&#8217;exposat i ho accepten volunt\u00e0riament.<\/p>\n<p><strong>Datos Fiscals<\/strong><\/p>\n<p>ILLES BALEARS BALLOONING SL<br>Calle Des Moll 49<br>07590 \u2013 Capdepera<br>Baleares \u2013 Espa\u00f1a<\/p>\n<\/div>\n<\/div>\n\t\t\t<\/div>\n\t\n\t<div id=\"text-2302975034\" class=\"text show-for-small\">\n\t\t\n\n<h4><span style=\"font-size: 75%;\">AVIS LEGAL<\/span><\/h4>\n<div class=\"et_pb_module et_pb_text et_pb_text_0 et_pb_text_align_left et_pb_bg_layout_light\">\n<div class=\"et_pb_text_inner\">\n<p><span style=\"font-size: 75%;\"><strong>Titularitat del lloc web<\/strong><\/span><\/p>\n<p><span style=\"font-size: 75%;\">En compliment del que preveu l&#8217;article 10 de la Llei 34\/2002, d&#8217;11 de juliol, de Serveis de la Societat de la Informaci\u00f3 i Comer\u00e7 Electr\u00f2nic, s&#8217;informa que www.ballooningmallorca.net \u00e9s un domini de l&#8217;empresa ILLES BALEARS BALLOONING SL, amb domicili fiscal en CARRER DE\u2019S MOLL, 49 \u2013 07590 Capdepera<\/span><\/p>\n<p><span style=\"font-size: 75%;\"><strong>Protecci\u00f3 de dades<\/strong><\/span><\/p>\n<p><span style=\"font-size: 75%;\">En compliment del que s&#8217;estableix en la Llei org\u00e0nica 15\/1999, de 13 de desembre, de Protecci\u00f3 de Dades de Car\u00e0cter Personal, ILLES BALEARS BALLOONING SL , informa els seus clients que quantes dades personals li facilitin a trav\u00e9s de la p\u00e0gina web o d&#8217;altres mitjans, seran inclosos en un fitxer automatitzat de dades de car\u00e0cter personal, creat i mantingut sota la responsabilitat d&#8217;ILLES BALEARS BALLOONING SL.<\/span><\/p>\n<p><span style=\"font-size: 75%;\">La finalidad de dicho fichero es facilitar la gesti\u00f3n de la relaci\u00f3n comercial establecida en cada caso y enviar ofertas comerciales en el futuro sobre productos y servicios que puedan resultar de inter\u00e9s a nuestros clientes. ILLES BALEARS BALLOONING SL, garantiza la seguridad y confidencialidad de los datos facilitados. De este modo, se compromete al cumplimiento de su obligaci\u00f3n de secreto de los datos de car\u00e1cter personal y de su deber de guardarlos y adoptar todas las medidas necesarias para evitar su alteraci\u00f3n, p\u00e9rdida, tratamiento o uso no autorizado. Por lo tanto, toda la informaci\u00f3n sobre nuestros clientes no ser\u00e1 utilizada con prop\u00f3sitos comerciales ni ser\u00e1 cedida a terceros. Los clientes de ILLES BALEARS BALLOONING SL, podr\u00e1n en todo momento ejercitar los derechos de acceso, rectificaci\u00f3n, cancelaci\u00f3n y oposici\u00f3n, comunic\u00e1ndolo por escrito a nuestra direcci\u00f3n postal o a la de correo electr\u00f3nico.    <\/span><\/p>\n<p><span style=\"font-size: 75%;\"><strong>Contingut web<\/strong><\/span><\/p>\n<p><span style=\"font-size: 75%;\">L&#8217;usuari accedeix volunt\u00e0riament a aquest lloc web. L&#8217;acc\u00e9s i navegaci\u00f3 en aquest lloc web implica acceptar i con\u00e8ixer els advertiments legals, condicions i termes d&#8217;\u00fas continguts en ella. El mer acc\u00e9s no implica l&#8217;establiment de cap mena de relaci\u00f3 comercial entre ILLES BALEARS BALLOONING SL i l&#8217;usuari.  <\/span><\/p>\n<p><span style=\"font-size: 75%;\">A ILLES BALEARS BALLOONING SL no ens responsabilitzem del mal \u00fas que es realitzi dels continguts de la nostra p\u00e0gina web, sent exclusiva responsabilitat de la persona que accedeix a ells o els utilitza. Tampoc assumim cap responsabilitat per la informaci\u00f3 continguda en les p\u00e0gines web de tercers a les quals es pugui accedir per enlla\u00e7os o cercadors des de la p\u00e0gina web <a href=\"http:\/\/www.ibballooning.net.\/\">www.ibballooning.net.<\/a> <\/span><\/p>\n<p><span style=\"font-size: 75%;\">La pres\u00e8ncia d&#8217;aquests enlla\u00e7os en el lloc web tenen una finalitat informativa, no constituint en cap cas una invitaci\u00f3 a la contractaci\u00f3 de productes o serveis que s&#8217;ofereixin en el lloc web de dest\u00ed.<\/span><br><span style=\"font-size: 75%;\">ILLES BALEARS BALLOONING SL es reserva el dret a actualitzar, modificar o eliminar la informaci\u00f3 continguda en el seu web site, i la configuraci\u00f3 o presentaci\u00f3 d&#8217;aquest, en qualsevol moment, sense previ av\u00eds, i sense assumir cap responsabilitat per aix\u00f2.<\/span><\/p>\n<p><span style=\"font-size: 75%;\"><strong>Responsabilitat<\/strong><\/span><\/p>\n<p><span style=\"font-size: 75%;\">A ILLES BALEARS BALLOONING SL no assumim cap responsabilitat que es pugui derivar de problemes t\u00e8cnics o fallades en els equips inform\u00e0tics, no imputables a la nostra empresa, que es produeixin durant la connexi\u00f3 a la xarxa d&#8217;Internet , aix\u00ed com de danys que poguessin ser causats per terceres persones mitjan\u00e7ant intromissions il\u00b7leg\u00edtimes fora del control d&#8217;ILLES BALEARS BALLOONING SL.<\/span><\/p>\n<p><span style=\"font-size: 75%;\">Tampoc ens responsabilitzem del mal \u00fas que pugui fer d&#8217;aquest lloc web. Des d&#8217;ILLES BALEARS BALLOONING SL no garantim l&#8217;abs\u00e8ncia de virus o altres elements que poguessin causar danys en els sistemes inform\u00e0tics, en els documents electr\u00f2nics o en els fitxers d&#8217;usuari d&#8217;aquest lloc web o de llocs web de tercers, per la qual cosa no ens responsabilitzem dels perjudicis que es poguessin produir per aquestes causes. <\/span><\/p>\n<p><span style=\"font-size: 75%;\">Tamb\u00e9 quedem exonerats de tota responsabilitat davant possibles danys o perjudicis que pugui sofrir l&#8217;usuari a conseq\u00fc\u00e8ncia d&#8217;errors, defectes o omissions en la informaci\u00f3 que facilitem quan escaigui de fonts alienes a nosaltres.<\/span><\/p>\n<p><span style=\"font-size: 75%;\"><strong>Legislaci\u00f3<\/strong><\/span><\/p>\n<p><span style=\"font-size: 75%;\">Amb car\u00e0cter general, les relacions amb els nostres clients, que es derivin de la prestaci\u00f3 dels serveis continguts en la nostra web, estan sotmeses a la legislaci\u00f3 i la jurisdicci\u00f3 espanyola.<\/span><\/p>\n<p><span style=\"font-size: 75%;\">Els usuaris de la nostra web s\u00f3n conscients de tot l&#8217;exposat i ho accepten volunt\u00e0riament.<\/span><\/p>\n<p><span style=\"font-size: 75%;\"><strong>Datos Fiscals<\/strong><\/span><\/p>\n<p><span style=\"font-size: 75%;\">ILLES BALEARS BALLOONING SL<\/span><br><span style=\"font-size: 75%;\">Calle Des Moll 49<\/span><br><span style=\"font-size: 75%;\">07590 \u2013 Capdepera<\/span><br><span style=\"font-size: 75%;\">Baleares \u2013 Espa\u00f1a<\/span><\/p>\n<\/div>\n<\/div>\n\n\t\t\n<style>\n#text-2302975034 {\n  line-height: 0.9;\n}\n<\/style>\n\t<\/div>\n\t\n\n","protected":false},"excerpt":{"rendered":"","protected":false},"author":1,"featured_media":0,"parent":0,"menu_order":0,"comment_status":"closed","ping_status":"closed","template":"","meta":{"footnotes":""},"class_list":["post-7401","page","type-page","status-publish","hentry"],"jetpack_sharing_enabled":true,"_links":{"self":[{"href":"https:\/\/ibballooning.net\/ca\/wp-json\/wp\/v2\/pages\/7401","targetHints":{"allow":["GET"]}}],"collection":[{"href":"https:\/\/ibballooning.net\/ca\/wp-json\/wp\/v2\/pages"}],"about":[{"href":"https:\/\/ibballooning.net\/ca\/wp-json\/wp\/v2\/types\/page"}],"author":[{"embeddable":true,"href":"https:\/\/ibballooning.net\/ca\/wp-json\/wp\/v2\/users\/1"}],"replies":[{"embeddable":true,"href":"https:\/\/ibballooning.net\/ca\/wp-json\/wp\/v2\/comments?post=7401"}],"version-history":[{"count":1,"href":"https:\/\/ibballooning.net\/ca\/wp-json\/wp\/v2\/pages\/7401\/revisions"}],"predecessor-version":[{"id":7402,"href":"https:\/\/ibballooning.net\/ca\/wp-json\/wp\/v2\/pages\/7401\/revisions\/7402"}],"wp:attachment":[{"href":"https:\/\/ibballooning.net\/ca\/wp-json\/wp\/v2\/media?parent=7401"}],"curies":[{"name":"wp","href":"https:\/\/api.w.org\/{rel}","templated":true}]}}